{"id":15037,"date":"2021-04-07T21:15:35","date_gmt":"2021-04-07T19:15:35","guid":{"rendered":"https:\/\/www.studiolongboard.com\/?post_type=product&#038;p=15037"},"modified":"2025-02-08T13:55:51","modified_gmt":"2025-02-08T12:55:51","slug":"btfl-cody-surfskate","status":"publish","type":"product","link":"https:\/\/www.studiolongboard.com\/es\/shop\/surfskates\/surfskate-completes\/btfl-cody-surfskate\/","title":{"rendered":"BTFL CODY Surfskate"},"content":{"rendered":"<h2>BTFL CODY Surfskate<\/h2>\n<p>BTFL CODY Surfskate ist mit 79,5 cm (31.5&#8243;) in der L\u00e4nge und 24,5 cm (9.5&#8243;) in der Breite sehr agil und bietet festen Stand f\u00fcr dynamische Carves. Das starke Concave verhindert ein Wegrutschen der F\u00fc\u00dfe bei engen Turns. Mit Cody hast du viele M\u00f6glichkeiten, dich vorw\u00e4rts zu bewegen. Wegen der bew\u00e4hrten G-Truck Achse ist dieses Board eigentlich als Surfskate konzipiert, l\u00e4sst sich aufgrund der Deckform aber auch easy im Park, im Pool oder in der Bowl fahren. Das Tail und die breite Nose erlauben es dir, Ollies zu machen oder dich nach einem 180 Slide einfach wieder in Position zu bringen. Das starke Concave verhindert ein Wegrutschen der F\u00fc\u00dfe bei engen Turns. Wenn dir die Surfskate Achse von G-Truck daf\u00fcr zu weich ist, dann kannst du sie einfach h\u00e4rter anziehen, um mehr Stabilit\u00e4t beim Fahren zu erhalten. Cody ist die ideale Begleitung f\u00fcr all diejenigen, die sowohl Spa\u00df am Surfskaten als auch am Skateboarden haben.<br \/>\n7 Lagen kanadischer Ahorn \/ 7 layers canadian maple<\/p>\n<p>L\u00e4nge: 79,5 cm (31.5&#8243;)<br \/>\nBreite: 24,5cm (9.5&#8243;)<\/p>\n<p>Wheelbase 44 cm (17.3&#8243;)<br \/>\nWheels: 65 mm, 78 A<br \/>\nBearings: ABEC 9<br \/>\nTrucks: G-Truck Surftskate 165 mm \/ 78A<\/p>","protected":false},"excerpt":{"rendered":"<p>7 Lagen kanadischer Ahorn \/ 7 layers canadian maple<\/p>\n<p>L\u00e4nge: 79,5 cm (31.5&#8243;)<br \/>\nBreite: 24,5cm (9.5&#8243;)<\/p>\n<p>Wheelbase 44 cm (17.3&#8243;)<br \/>\nWheels: 65 mm, 78 A<br \/>\nBearings: ABEC 9<br \/>\nTrucks: G-Truck Surftskate 165 mm \/ 78A<\/p>","protected":false},"featured_media":15039,"comment_status":"open","ping_status":"closed","template":"","meta":{"jetpack_post_was_ever_published":false,"jetpack_publicize_message":"","jetpack_publicize_feature_enabled":true,"jetpack_social_post_already_shared":true,"jetpack_social_options":{"image_generator_settings":{"template":"highway","default_image_id":0,"font":"","enabled":false},"version":2}},"product_brand":[9121],"product_cat":[531,8983],"product_tag":[718,719,720,331],"class_list":{"0":"post-15037","1":"product","2":"type-product","3":"status-publish","4":"has-post-thumbnail","6":"product_brand-btfl","7":"product_cat-surfskates","8":"product_cat-surfskate-completes","9":"product_tag-surfskateboard","10":"product_tag-surfskates","11":"product_tag-surf","12":"product_tag-surfskate","13":"product_shipping_class-paket","15":"first","16":"instock","17":"taxable","18":"shipping-taxable","19":"purchasable","20":"product-type-simple"},"composite_virtual":false,"composite_layout":"","composite_add_to_cart_form_location":"","composite_editable_in_cart":false,"composite_sold_individually_context":"","composite_shop_price_calc":"","composite_components":[],"composite_scenarios":[],"booking_location":null,"booking_location_type":null,"booking_duration":null,"booking_duration_unit":null,"booking_buffer":null,"booking_cost":null,"booking_resources":null,"jetpack_publicize_connections":[],"jetpack_sharing_enabled":true,"_links":{"self":[{"href":"https:\/\/www.studiolongboard.com\/es\/wp-json\/wp\/v2\/product\/15037","targetHints":{"allow":["GET"]}}],"collection":[{"href":"https:\/\/www.studiolongboard.com\/es\/wp-json\/wp\/v2\/product"}],"about":[{"href":"https:\/\/www.studiolongboard.com\/es\/wp-json\/wp\/v2\/types\/product"}],"replies":[{"embeddable":true,"href":"https:\/\/www.studiolongboard.com\/es\/wp-json\/wp\/v2\/comments?post=15037"}],"wp:featuredmedia":[{"embeddable":true,"href":"https:\/\/www.studiolongboard.com\/es\/wp-json\/wp\/v2\/media\/15039"}],"wp:attachment":[{"href":"https:\/\/www.studiolongboard.com\/es\/wp-json\/wp\/v2\/media?parent=15037"}],"wp:term":[{"taxonomy":"product_brand","embeddable":true,"href":"https:\/\/www.studiolongboard.com\/es\/wp-json\/wp\/v2\/product_brand?post=15037"},{"taxonomy":"product_cat","embeddable":true,"href":"https:\/\/www.studiolongboard.com\/es\/wp-json\/wp\/v2\/product_cat?post=15037"},{"taxonomy":"product_tag","embeddable":true,"href":"https:\/\/www.studiolongboard.com\/es\/wp-json\/wp\/v2\/product_tag?post=15037"}],"curies":[{"name":"wp","href":"https:\/\/api.w.org\/{rel}","templated":true}]}}