{"id":14870,"date":"2021-03-23T16:46:47","date_gmt":"2021-03-23T15:46:47","guid":{"rendered":"https:\/\/www.studiolongboard.com\/?post_type=product&#038;p=14870"},"modified":"2025-09-02T07:20:03","modified_gmt":"2025-09-02T05:20:03","slug":"btfl-malou-longboard-drop-through","status":"publish","type":"product","link":"https:\/\/www.studiolongboard.com\/es\/shop\/longboards\/komplett-longboards\/einsteiger-longboards\/btfl-malou-longboard-drop-through\/","title":{"rendered":"BTFL Malou Longboard drop-through"},"content":{"rendered":"<h2>BTFL Malou Longboard drop-through<\/h2>\n<p>BTFL Malou Longboard drop-through mit dem floral bedruckte Griptape ist der absolute Hingucker! Hier versteckt sich die Grafik nicht unten drunter, sondern oben drauf. So hast du auch beim Fahren immer sch\u00f6ne Aussichten, sobald du auf dein Brett schaust. Die Unterseite ist daf\u00fcr etwas schlichter gehalten. Malou ist ein Dropthrough-Cruiser, bei dem die Achsen von oben verschraubt sind. Leichter beim Pushen und Bremsen, weshalb das Board insbesondere f\u00fcr EinsteigerInnen perfekt geeignet ist. Egal ob auf weiten Strecken oder dem Weg zum B\u00e4cker, Malou ist dein idealer Begleiter. Dank der Gesamtl\u00e4nge von 96,5 cm und einer Wheelbase von 72 cm l\u00e4sst es sich Malou gem\u00fctlich cruisen. Die wendigen Achsen und 70 mm gro\u00dfen Rollen runden das Cruiser Feeling perfekt ab. Die Konstruktion aus sechs Lagen Ahorn und einer Lage Bambus l\u00e4sst einen guten Flex zu, bietet aber gleichzeitig Stabilit\u00e4t beim Fahren.<\/p>\n<p>21 x 96,5 cm<br \/>\n8.2\u201d x 38\u201d&#8220;<\/p>\n<p>6 layers canadian maple + 1 layer bamboo<br \/>\n180 mm RKP trucks<br \/>\n70 x 51 mm Wheels<br \/>\nABEC 9 bearings<\/p>","protected":false},"excerpt":{"rendered":"<p>Das Longboard hat kleine optische M\u00e4ngel. Die Grafik hat kleine Risse, die absolut keinen Einfluss auf die Stabilit\u00e4t oder das Fahrverhalten des Boards haben.<\/p>","protected":false},"featured_media":14871,"comment_status":"closed","ping_status":"closed","template":"","meta":{"jetpack_post_was_ever_published":false,"jetpack_publicize_message":"","jetpack_publicize_feature_enabled":true,"jetpack_social_post_already_shared":true,"jetpack_social_options":{"image_generator_settings":{"template":"highway","default_image_id":0,"font":"","enabled":false},"version":2}},"product_brand":[],"product_cat":[311,687,310,8642],"product_tag":[322,361,5528,5529,5888,5889],"class_list":{"0":"post-14870","1":"product","2":"type-product","3":"status-publish","4":"has-post-thumbnail","6":"product_cat-longboards","7":"product_cat-sale","8":"product_cat-komplett-longboards","9":"product_cat-einsteiger-longboards","10":"product_tag-drop-through","11":"product_tag-bamboo","12":"product_tag-kinder","13":"product_tag-kinder-longboard","14":"product_tag-beginner","15":"product_tag-anfaenger","16":"product_shipping_class-paket","18":"first","19":"outofstock","20":"sale","21":"taxable","22":"shipping-taxable","23":"purchasable","24":"product-type-simple"},"composite_virtual":false,"composite_layout":"","composite_add_to_cart_form_location":"","composite_editable_in_cart":false,"composite_sold_individually_context":"","composite_shop_price_calc":"","composite_components":[],"composite_scenarios":[],"booking_location":null,"booking_location_type":null,"booking_duration":null,"booking_duration_unit":null,"booking_buffer":null,"booking_cost":null,"booking_resources":null,"jetpack_publicize_connections":[],"jetpack_sharing_enabled":true,"_links":{"self":[{"href":"https:\/\/www.studiolongboard.com\/es\/wp-json\/wp\/v2\/product\/14870","targetHints":{"allow":["GET"]}}],"collection":[{"href":"https:\/\/www.studiolongboard.com\/es\/wp-json\/wp\/v2\/product"}],"about":[{"href":"https:\/\/www.studiolongboard.com\/es\/wp-json\/wp\/v2\/types\/product"}],"replies":[{"embeddable":true,"href":"https:\/\/www.studiolongboard.com\/es\/wp-json\/wp\/v2\/comments?post=14870"}],"wp:featuredmedia":[{"embeddable":true,"href":"https:\/\/www.studiolongboard.com\/es\/wp-json\/wp\/v2\/media\/14871"}],"wp:attachment":[{"href":"https:\/\/www.studiolongboard.com\/es\/wp-json\/wp\/v2\/media?parent=14870"}],"wp:term":[{"taxonomy":"product_brand","embeddable":true,"href":"https:\/\/www.studiolongboard.com\/es\/wp-json\/wp\/v2\/product_brand?post=14870"},{"taxonomy":"product_cat","embeddable":true,"href":"https:\/\/www.studiolongboard.com\/es\/wp-json\/wp\/v2\/product_cat?post=14870"},{"taxonomy":"product_tag","embeddable":true,"href":"https:\/\/www.studiolongboard.com\/es\/wp-json\/wp\/v2\/product_tag?post=14870"}],"curies":[{"name":"wp","href":"https:\/\/api.w.org\/{rel}","templated":true}]}}