{"id":14801,"date":"2021-03-18T17:06:43","date_gmt":"2021-03-18T16:06:43","guid":{"rendered":"https:\/\/www.studiolongboard.com\/?post_type=product&#038;p=14801"},"modified":"2025-12-31T14:22:40","modified_gmt":"2025-12-31T13:22:40","slug":"landyachtz-drop-hammer-night-fox","status":"publish","type":"product","link":"https:\/\/www.studiolongboard.com\/es\/shop\/longboards\/komplett-longboards\/einsteiger-longboards\/landyachtz-drop-hammer-night-fox\/","title":{"rendered":"LANDYACHTZ Drop Hammer Zorro Nocturno"},"content":{"rendered":"<h3>LANDYACHTZ Drop Hammer Zorro Nocturno<\/h3>\n<p>LANDYACHTZ Drop Hammer Night Fox ist die 2021er Version der Drop-Hammer-Serie. \u00a0Als Drop-Through und mit zus\u00e4tzlich einem leichten Rocker bietet es dir die Stabilit\u00e4t und Sicherheit, die du am Anfang ben\u00f6tigst. Mit Bear Grizzly Trucks (Achsen) und Hawgs Wheels (Rollen) hast du ein sehr solides Setup. Alle Drop Hammer Boards sind f\u00fcr uns die Nr. 1 was das Preis-Leistungsverh\u00e4ltnis angeht.<\/p>\n<p>Configurar<\/p>\n<p>Trucks: Gen 6 180mm Grizzlies 50\u00b0 baseplate<br \/>\nWheels: 70mm 78a Hawgs Supremes Black Stoneground<br \/>\nBearings: Spaceballs<\/p>\n<p>Drop Hammer offers the smoothest, most comfortable rides in the Landyachtz lineup, designed to roll over or carve around anything in your path with the perfect amount of feedback and flex. Landyachtz uses technology developed for their Downhill\/Freeride line, like rockered standing platforms, fast, grippy wheels, and high performance trucks, to create a feeling of quality that you won\u2019t find in any other longboard.<\/p>\n<p>Especificaciones<\/p>\n<p>Length: 92.7cm \/ 36.5&#8243;<br \/>\nWidth: 25.4cm \/ 10&#8243;<br \/>\nWheelbase:69.2cm \/ 27.25&#8243; &#8211; cm \/ &#8220;<br \/>\nConstruction: 7-Ply Canadian Maple.<\/p>","protected":false},"excerpt":{"rendered":"<p><img loading=\"lazy\" decoding=\"async\" class=\"wp-image-290 size-medium alignnone\" src=\"https:\/\/www.studiolongboard.com\/wp-content\/uploads\/2014\/11\/landyachtz_blue_logo_sticker_2-300x300.jpg\" alt=\"\" width=\"300\" height=\"300\" \/><\/p>","protected":false},"featured_media":14802,"comment_status":"open","ping_status":"closed","template":"","meta":{"jetpack_post_was_ever_published":false,"jetpack_publicize_message":"","jetpack_publicize_feature_enabled":true,"jetpack_social_post_already_shared":true,"jetpack_social_options":{"image_generator_settings":{"template":"highway","default_image_id":0,"font":"","enabled":false},"version":2}},"product_brand":[],"product_cat":[8642,310],"product_tag":[322],"class_list":{"0":"post-14801","1":"product","2":"type-product","3":"status-publish","4":"has-post-thumbnail","6":"product_cat-einsteiger-longboards","7":"product_cat-komplett-longboards","8":"product_tag-drop-through","9":"product_shipping_class-paket","11":"first","12":"instock","13":"taxable","14":"shipping-taxable","15":"purchasable","16":"product-type-simple"},"composite_virtual":false,"composite_layout":"","composite_add_to_cart_form_location":"","composite_editable_in_cart":false,"composite_sold_individually_context":"","composite_shop_price_calc":"","composite_components":[],"composite_scenarios":[],"booking_location":null,"booking_location_type":null,"booking_duration":null,"booking_duration_unit":null,"booking_buffer":null,"booking_cost":null,"booking_resources":null,"jetpack_publicize_connections":[],"jetpack_sharing_enabled":true,"_links":{"self":[{"href":"https:\/\/www.studiolongboard.com\/es\/wp-json\/wp\/v2\/product\/14801","targetHints":{"allow":["GET"]}}],"collection":[{"href":"https:\/\/www.studiolongboard.com\/es\/wp-json\/wp\/v2\/product"}],"about":[{"href":"https:\/\/www.studiolongboard.com\/es\/wp-json\/wp\/v2\/types\/product"}],"replies":[{"embeddable":true,"href":"https:\/\/www.studiolongboard.com\/es\/wp-json\/wp\/v2\/comments?post=14801"}],"wp:featuredmedia":[{"embeddable":true,"href":"https:\/\/www.studiolongboard.com\/es\/wp-json\/wp\/v2\/media\/14802"}],"wp:attachment":[{"href":"https:\/\/www.studiolongboard.com\/es\/wp-json\/wp\/v2\/media?parent=14801"}],"wp:term":[{"taxonomy":"product_brand","embeddable":true,"href":"https:\/\/www.studiolongboard.com\/es\/wp-json\/wp\/v2\/product_brand?post=14801"},{"taxonomy":"product_cat","embeddable":true,"href":"https:\/\/www.studiolongboard.com\/es\/wp-json\/wp\/v2\/product_cat?post=14801"},{"taxonomy":"product_tag","embeddable":true,"href":"https:\/\/www.studiolongboard.com\/es\/wp-json\/wp\/v2\/product_tag?post=14801"}],"curies":[{"name":"wp","href":"https:\/\/api.w.org\/{rel}","templated":true}]}}