{"id":14717,"date":"2021-03-13T17:56:08","date_gmt":"2021-03-13T16:56:08","guid":{"rendered":"https:\/\/www.studiolongboard.com\/?post_type=product&#038;p=14717"},"modified":"2026-03-18T21:42:38","modified_gmt":"2026-03-18T20:42:38","slug":"zak-maytum-downhill-bushings","status":"publish","type":"product","link":"https:\/\/www.studiolongboard.com\/es\/shop\/accessories\/bushings-pivot-cups\/zak-maytum-downhill-bushings\/","title":{"rendered":"Venom HPF Downhill Bushings"},"content":{"rendered":"<h2>Venom HPF Downhill Bushings<\/h2>\n<p>Venom HPF Downhill Bushings &#8211; das Downhill Double Barrel Pack ist perfekt f\u00fcr Speed.<br \/>\nDouble Barrel geben jeder Achse mehr Stabilit\u00e4t als die herk\u00f6mmliche Barrel Cone Kombination.<\/p>\n<p>Barrels: .6 inch\u00a0tall x .97 inch\u00a0wide<\/p>\n<p>Die\u00a0Downhill bushings sind im HPF (High Performance Urethane) Urethane gegossen und in folgenden H\u00e4rten lieferbar:<\/p>\n<p>73a light pink<br \/>\n78a navy blue<br \/>\n81a orange<br \/>\n85a neon yellow<br \/>\n87a purple<br \/>\n90a red<br \/>\n93a green<br \/>\n95a glow in the dark<br \/>\n97a pink<\/p>\n<p>Produziert in den\u00a0USA<br \/>\nWegen Problemen mit Namensrechten in BRD musste der Name Venom in Zak Maytum Skate Products ge\u00e4ndert werden. Nicht gerade toll aber nicht zu \u00e4ndern.<\/p>","protected":false},"excerpt":{"rendered":"<p>Venom HPF Downhill Bushings Venom HPF Downhill Bushings &#8211; das Downhill Double Barrel Pack ist perfekt f\u00fcr Speed. Double Barrel geben jeder Achse mehr Stabilit\u00e4t als die herk\u00f6mmliche Barrel Cone Kombination. Barrels: .6 inch\u00a0tall x .97 inch\u00a0wide Die\u00a0Downhill bushings sind im HPF (High Performance Urethane) Urethane gegossen und in folgenden H\u00e4rten lieferbar: 73a light pink [&#8230;]\n","protected":false},"featured_media":14722,"comment_status":"closed","ping_status":"closed","template":"","meta":{"jetpack_post_was_ever_published":false,"jetpack_publicize_message":"","jetpack_publicize_feature_enabled":true,"jetpack_social_post_already_shared":true,"jetpack_social_options":{"image_generator_settings":{"template":"highway","default_image_id":0,"font":"","enabled":false},"version":2}},"product_brand":[9134],"product_cat":[320,3208],"product_tag":[343,780,3171,3209],"class_list":{"0":"post-14717","1":"product","2":"type-product","3":"status-publish","4":"has-post-thumbnail","6":"product_brand-venom","7":"product_cat-accessories","8":"product_cat-bushings-pivot-cups","9":"product_tag-downhill","10":"product_tag-bushings","11":"product_tag-barrels","12":"product_tag-lenkgummies","13":"product_shipping_class-paket-m","15":"first","16":"instock","17":"taxable","18":"shipping-taxable","19":"purchasable","20":"product-type-variable"},"composite_virtual":false,"composite_layout":"","composite_add_to_cart_form_location":"","composite_editable_in_cart":false,"composite_sold_individually_context":"","composite_shop_price_calc":"","composite_components":[],"composite_scenarios":[],"booking_location":null,"booking_location_type":null,"booking_duration":null,"booking_duration_unit":null,"booking_buffer":null,"booking_cost":null,"booking_resources":null,"jetpack_publicize_connections":[],"jetpack_sharing_enabled":true,"_links":{"self":[{"href":"https:\/\/www.studiolongboard.com\/es\/wp-json\/wp\/v2\/product\/14717","targetHints":{"allow":["GET"]}}],"collection":[{"href":"https:\/\/www.studiolongboard.com\/es\/wp-json\/wp\/v2\/product"}],"about":[{"href":"https:\/\/www.studiolongboard.com\/es\/wp-json\/wp\/v2\/types\/product"}],"replies":[{"embeddable":true,"href":"https:\/\/www.studiolongboard.com\/es\/wp-json\/wp\/v2\/comments?post=14717"}],"wp:featuredmedia":[{"embeddable":true,"href":"https:\/\/www.studiolongboard.com\/es\/wp-json\/wp\/v2\/media\/14722"}],"wp:attachment":[{"href":"https:\/\/www.studiolongboard.com\/es\/wp-json\/wp\/v2\/media?parent=14717"}],"wp:term":[{"taxonomy":"product_brand","embeddable":true,"href":"https:\/\/www.studiolongboard.com\/es\/wp-json\/wp\/v2\/product_brand?post=14717"},{"taxonomy":"product_cat","embeddable":true,"href":"https:\/\/www.studiolongboard.com\/es\/wp-json\/wp\/v2\/product_cat?post=14717"},{"taxonomy":"product_tag","embeddable":true,"href":"https:\/\/www.studiolongboard.com\/es\/wp-json\/wp\/v2\/product_tag?post=14717"}],"curies":[{"name":"wp","href":"https:\/\/api.w.org\/{rel}","templated":true}]}}