{"id":14498,"date":"2021-03-01T17:38:30","date_gmt":"2021-03-01T16:38:30","guid":{"rendered":"https:\/\/www.studiolongboard.com\/?post_type=product&#038;p=14498"},"modified":"2026-03-10T12:31:26","modified_gmt":"2026-03-10T11:31:26","slug":"landyachtz-drop-hammer-black-pinecone-37","status":"publish","type":"product","link":"https:\/\/www.studiolongboard.com\/es\/shop\/longboards\/komplett-longboards\/einsteiger-longboards\/landyachtz-drop-hammer-black-pinecone-37\/","title":{"rendered":"LANDYACHTZ Drop Hammer Black Pinecone 37&#8243;"},"content":{"rendered":"<h3>LANDYACHTZ Drop Hammer Black Pinecone 37&#8243;<\/h3>\n<p>LANDYACHTZ Drop Hammer Black Pinecone 37&#8243; ist ein neues Komplett-Longboard\u00a0aus der Freedom Serie von LANDYACHTZ. Als Drop-Through und mit zus\u00e4tzlich einem leichten Rocker bietet es dir die Stabilit\u00e4t und Sicherheit, die du am Anfang ben\u00f6tigst. Mit Bear Grizzly Trucks (Achsen) und Hawgs Wheels (Rollen) hast du ein sehr solides Setup. Alle Drop Hammer Boards sind f\u00fcr uns die Nr. 1 was das Preis-Leistungsverh\u00e4ltnis angeht.<\/p>\n<p><strong>Especificaciones<\/strong><\/p>\n<p>Length: 92.7cm \/ 36.5&#8243;<br \/>\nWidth: 25.4cm \/ 10&#8243;<br \/>\nWheelbase:69.2cm \/ 27.25&#8243; &#8211; cm \/ &#8220;<br \/>\nConstruction: 7-Ply Canadian Maple.<\/p>\n<p><strong>Configurar<\/strong><\/p>\n<p>Trucks: Gen 6 180mm Grizzlies 50\u00b0 baseplate<br \/>\nWheels: 70mm 78a Hawgs Supremes Black Stoneground<br \/>\nBearings: Spaceballs<\/p>","protected":false},"excerpt":{"rendered":"<p>LANDYACHTZ Drop Hammer Black Pinecone 37&#8243; LANDYACHTZ Drop Hammer Black Pinecone 37&#8243; ist ein neues Komplett-Longboard\u00a0aus der Freedom Serie von LANDYACHTZ. Als Drop-Through und mit zus\u00e4tzlich einem leichten Rocker bietet es dir die Stabilit\u00e4t und Sicherheit, die du am Anfang ben\u00f6tigst. Mit Bear Grizzly Trucks (Achsen) und Hawgs Wheels (Rollen) hast du ein sehr solides [&#8230;]\n","protected":false},"featured_media":14499,"comment_status":"open","ping_status":"closed","template":"","meta":{"jetpack_post_was_ever_published":false,"jetpack_publicize_message":"","jetpack_publicize_feature_enabled":true,"jetpack_social_post_already_shared":true,"jetpack_social_options":{"image_generator_settings":{"template":"highway","default_image_id":0,"font":"","enabled":false},"version":2}},"product_brand":[],"product_cat":[310,8642],"product_tag":[322],"class_list":{"0":"post-14498","1":"product","2":"type-product","3":"status-publish","4":"has-post-thumbnail","6":"product_cat-komplett-longboards","7":"product_cat-einsteiger-longboards","8":"product_tag-drop-through","9":"product_shipping_class-paket","11":"first","12":"outofstock","13":"taxable","14":"shipping-taxable","15":"purchasable","16":"product-type-simple"},"composite_virtual":false,"composite_layout":"","composite_add_to_cart_form_location":"","composite_editable_in_cart":false,"composite_sold_individually_context":"","composite_shop_price_calc":"","composite_components":[],"composite_scenarios":[],"booking_location":null,"booking_location_type":null,"booking_duration":null,"booking_duration_unit":null,"booking_buffer":null,"booking_cost":null,"booking_resources":null,"jetpack_publicize_connections":[],"jetpack_sharing_enabled":true,"_links":{"self":[{"href":"https:\/\/www.studiolongboard.com\/es\/wp-json\/wp\/v2\/product\/14498","targetHints":{"allow":["GET"]}}],"collection":[{"href":"https:\/\/www.studiolongboard.com\/es\/wp-json\/wp\/v2\/product"}],"about":[{"href":"https:\/\/www.studiolongboard.com\/es\/wp-json\/wp\/v2\/types\/product"}],"replies":[{"embeddable":true,"href":"https:\/\/www.studiolongboard.com\/es\/wp-json\/wp\/v2\/comments?post=14498"}],"wp:featuredmedia":[{"embeddable":true,"href":"https:\/\/www.studiolongboard.com\/es\/wp-json\/wp\/v2\/media\/14499"}],"wp:attachment":[{"href":"https:\/\/www.studiolongboard.com\/es\/wp-json\/wp\/v2\/media?parent=14498"}],"wp:term":[{"taxonomy":"product_brand","embeddable":true,"href":"https:\/\/www.studiolongboard.com\/es\/wp-json\/wp\/v2\/product_brand?post=14498"},{"taxonomy":"product_cat","embeddable":true,"href":"https:\/\/www.studiolongboard.com\/es\/wp-json\/wp\/v2\/product_cat?post=14498"},{"taxonomy":"product_tag","embeddable":true,"href":"https:\/\/www.studiolongboard.com\/es\/wp-json\/wp\/v2\/product_tag?post=14498"}],"curies":[{"name":"wp","href":"https:\/\/api.w.org\/{rel}","templated":true}]}}