{"id":14488,"date":"2021-03-01T16:53:50","date_gmt":"2021-03-01T15:53:50","guid":{"rendered":"https:\/\/www.studiolongboard.com\/?post_type=product&#038;p=14488"},"modified":"2025-04-14T14:11:29","modified_gmt":"2025-04-14T12:11:29","slug":"landyachtz-dinghy-blunt-pinecone-29","status":"publish","type":"product","link":"https:\/\/www.studiolongboard.com\/es\/shop\/longboards\/komplett-longboards\/mini-cruiser\/landyachtz-dinghy-blunt-pinecone-29\/","title":{"rendered":"LANDYACHTZ Dinghy Blunt Pinecone 29&#8243;"},"content":{"rendered":"<h2>LANDYACHTZ Dinghy Blunt Pinecone 29&#8243;<\/h2>\n<p>LANDYACHTZ Dinghy Blunt Pinecone 29&#8243; ist ein neues Shape im Cruiser Lineup von Landyachtz. Es ist an allen Stellen, wo man es braucht ein wenig breiter und durch das Taper verengt sich das Board zum Tail hin. Die etwas breiteren Achsen machen dieses Cruiserboard perfekt f\u00fcr jeden, der sich ein bisschen mehr Stabilit\u00e4t w\u00fcnscht oder einfach gr\u00f6\u00dfere F\u00fc\u00dfe hat.<\/p>\n<p>Durch die geringe L\u00e4nge (28,5&#8243;) und Breite (8,5&#8243;) l\u00e4sst sich dieser agile City Cruiser wunderbar einfach durch die Stadt man\u00f6vrieren. Durch die 7 Lagen Ahorn hat das Dinghy ordentlich Pop, ist leicht aber trotzdem steif.<\/p>\n<p>Das Complete kommt mit 130mm Polar Bear TKP Achsen, wodurch es einen engen Wendekreis hat und man Fu\u00dfg\u00e4ngern einfach ausweichen kann.<\/p>\n<p>Die Chubby Hawgs sind genau die richtige Rolle f\u00fcr die Stadt. Mit einer H\u00e4rte von 78a und einem Durchmesser von 60mm haben sie genug Rollgeschwindigkeit und lassen sich sehr gut beschleunigen. Au\u00dferdem sorgen sie f\u00fcr eine sanfte Fahrt \u00fcber die Oberfl\u00e4chen Stadt und man muss sich keine Sorgen um Wheelbites machen.<\/p>\n<p>Landyachtz Spaceballs Kugellager haben einen eingebauten Spacer wodurch sie immer fest in der Rolle sitzen und daf\u00fcr sorgen, dass man leise \u00fcber den Asphalt gleitet.<\/p>\n<p>Especificaciones<br \/>\nLength: 72,4 cm \/ 28,5\u201d<br \/>\nWidth: 21,6 cm \/ 8,5\u201d<br \/>\nWheelbase: 37,1 cm \/ 14,6\u201d<br \/>\nConstruction: Canadian Maple.<\/p>\n<p>Configurar<\/p>\n<p>Trucks: 130mm Polar Bears<br \/>\nWheels: 60mm Chubby Hawgs<br \/>\nBearings: Bear Space Ball Bearings<\/p>","protected":false},"excerpt":{"rendered":"<p>LANDYACHTZ Dinghy Blunt Pinecone 29&#8243; LANDYACHTZ Dinghy Blunt Pinecone 29&#8243; ist ein neues Shape im Cruiser Lineup von Landyachtz. Es ist an allen Stellen, wo man es braucht ein wenig breiter und durch das Taper verengt sich das Board zum Tail hin. Die etwas breiteren Achsen machen dieses Cruiserboard perfekt f\u00fcr jeden, der sich ein [&#8230;]\n","protected":false},"featured_media":14489,"comment_status":"open","ping_status":"closed","template":"","meta":{"jetpack_post_was_ever_published":false,"jetpack_publicize_message":"","jetpack_publicize_feature_enabled":true,"jetpack_social_post_already_shared":true,"jetpack_social_options":{"image_generator_settings":{"template":"highway","default_image_id":0,"font":"","enabled":false},"version":2}},"product_brand":[],"product_cat":[310,311,312,319,8643,9086],"product_tag":[462,605,8356],"class_list":{"0":"post-14488","1":"product","2":"type-product","3":"status-publish","4":"has-post-thumbnail","6":"product_cat-komplett-longboards","7":"product_cat-longboards","8":"product_cat-skateboards","9":"product_cat-komplett-skateboards","10":"product_cat-mini-cruiser","11":"product_cat-cruiser-skateboards","12":"product_tag-cruiser","13":"product_tag-mini-crusier","14":"product_tag-8356","15":"product_shipping_class-paket","17":"first","18":"outofstock","19":"taxable","20":"shipping-taxable","21":"purchasable","22":"product-type-simple"},"composite_virtual":false,"composite_layout":"","composite_add_to_cart_form_location":"","composite_editable_in_cart":false,"composite_sold_individually_context":"","composite_shop_price_calc":"","composite_components":[],"composite_scenarios":[],"booking_location":null,"booking_location_type":null,"booking_duration":null,"booking_duration_unit":null,"booking_buffer":null,"booking_cost":null,"booking_resources":null,"jetpack_publicize_connections":[],"jetpack_sharing_enabled":true,"_links":{"self":[{"href":"https:\/\/www.studiolongboard.com\/es\/wp-json\/wp\/v2\/product\/14488","targetHints":{"allow":["GET"]}}],"collection":[{"href":"https:\/\/www.studiolongboard.com\/es\/wp-json\/wp\/v2\/product"}],"about":[{"href":"https:\/\/www.studiolongboard.com\/es\/wp-json\/wp\/v2\/types\/product"}],"replies":[{"embeddable":true,"href":"https:\/\/www.studiolongboard.com\/es\/wp-json\/wp\/v2\/comments?post=14488"}],"wp:featuredmedia":[{"embeddable":true,"href":"https:\/\/www.studiolongboard.com\/es\/wp-json\/wp\/v2\/media\/14489"}],"wp:attachment":[{"href":"https:\/\/www.studiolongboard.com\/es\/wp-json\/wp\/v2\/media?parent=14488"}],"wp:term":[{"taxonomy":"product_brand","embeddable":true,"href":"https:\/\/www.studiolongboard.com\/es\/wp-json\/wp\/v2\/product_brand?post=14488"},{"taxonomy":"product_cat","embeddable":true,"href":"https:\/\/www.studiolongboard.com\/es\/wp-json\/wp\/v2\/product_cat?post=14488"},{"taxonomy":"product_tag","embeddable":true,"href":"https:\/\/www.studiolongboard.com\/es\/wp-json\/wp\/v2\/product_tag?post=14488"}],"curies":[{"name":"wp","href":"https:\/\/api.w.org\/{rel}","templated":true}]}}