{"id":14412,"date":"2021-02-25T18:28:33","date_gmt":"2021-02-25T17:28:33","guid":{"rendered":"https:\/\/www.studiolongboard.com\/?post_type=product&#038;p=14412"},"modified":"2025-01-28T15:34:26","modified_gmt":"2025-01-28T14:34:26","slug":"tsg-helm-meta-solid-satin-oxblood","status":"publish","type":"product","link":"https:\/\/www.studiolongboard.com\/es\/shop\/protection\/helme\/tsg-helm-meta-solid-satin-oxblood\/","title":{"rendered":"TSG Helm Meta Solid satin oxblood"},"content":{"rendered":"<h2>TSG Helm Meta Solid satin oxblood<\/h2>\n<p>TSG Helm Meta Solid Color ist geeignet f\u00fcr folgende\u00a0Terrains: Skateboard, Longboard, Bike<\/p>\n<p>Farbe: satin-oxblood<\/p>\n<p>Features:<\/p>\n<p>&#8211; In-Mold Konstruktion<br \/>\n&#8211;<strong> Gr\u00f6\u00dfenanpassung<\/strong><br \/>\n&#8211; Bel\u00fcftungssystem<br \/>\n&#8211; reflektierende Straps<br \/>\n&#8211; waschbare Pads in zwei Gr\u00f6\u00dfen<br \/>\n&#8211; Standards: EN 1078, CE, CPSC<\/p>\n<p>Tallas:<\/p>\n<p>JXXS\/JXS (48-51cm)<br \/>\nXXS\/XS \u00a0(52-54cm)<br \/>\nS\/M (54-57cm)<br \/>\nL\/XL (58-60cm)<\/p>","protected":false},"excerpt":{"rendered":"<p>TSG Helm Meta Solid satin oxblood TSG Helm Meta Solid Color ist geeignet f\u00fcr folgende\u00a0Terrains: Skateboard, Longboard, Bike Farbe: satin-oxblood Features: &#8211; In-Mold Konstruktion &#8211; Gr\u00f6\u00dfenanpassung &#8211; Bel\u00fcftungssystem &#8211; reflektierende Straps &#8211; waschbare Pads in zwei Gr\u00f6\u00dfen &#8211; Standards: EN 1078, CE, CPSC Sizes: JXXS\/JXS (48-51cm) XXS\/XS \u00a0(52-54cm) S\/M (54-57cm) L\/XL (58-60cm)<\/p>","protected":false},"featured_media":14417,"comment_status":"open","ping_status":"closed","template":"","meta":{"jetpack_post_was_ever_published":false,"jetpack_publicize_message":"","jetpack_publicize_feature_enabled":true,"jetpack_social_post_already_shared":true,"jetpack_social_options":{"image_generator_settings":{"template":"highway","default_image_id":0,"font":"","enabled":false},"version":2}},"product_brand":[],"product_cat":[505,529],"product_tag":[5348,7588,8108,8237],"class_list":{"0":"post-14412","1":"product","2":"type-product","3":"status-publish","4":"has-post-thumbnail","6":"product_cat-protection","7":"product_cat-helme","8":"product_tag-schalenhelm","9":"product_tag-pink","10":"product_tag-helmet","11":"product_tag-helm","12":"product_shipping_class-paket","14":"first","15":"instock","16":"taxable","17":"shipping-taxable","18":"purchasable","19":"product-type-variable"},"composite_virtual":false,"composite_layout":"","composite_add_to_cart_form_location":"","composite_editable_in_cart":false,"composite_sold_individually_context":"","composite_shop_price_calc":"","composite_components":[],"composite_scenarios":[],"booking_location":null,"booking_location_type":null,"booking_duration":null,"booking_duration_unit":null,"booking_buffer":null,"booking_cost":null,"booking_resources":null,"jetpack_publicize_connections":[],"jetpack_sharing_enabled":true,"_links":{"self":[{"href":"https:\/\/www.studiolongboard.com\/es\/wp-json\/wp\/v2\/product\/14412","targetHints":{"allow":["GET"]}}],"collection":[{"href":"https:\/\/www.studiolongboard.com\/es\/wp-json\/wp\/v2\/product"}],"about":[{"href":"https:\/\/www.studiolongboard.com\/es\/wp-json\/wp\/v2\/types\/product"}],"replies":[{"embeddable":true,"href":"https:\/\/www.studiolongboard.com\/es\/wp-json\/wp\/v2\/comments?post=14412"}],"wp:featuredmedia":[{"embeddable":true,"href":"https:\/\/www.studiolongboard.com\/es\/wp-json\/wp\/v2\/media\/14417"}],"wp:attachment":[{"href":"https:\/\/www.studiolongboard.com\/es\/wp-json\/wp\/v2\/media?parent=14412"}],"wp:term":[{"taxonomy":"product_brand","embeddable":true,"href":"https:\/\/www.studiolongboard.com\/es\/wp-json\/wp\/v2\/product_brand?post=14412"},{"taxonomy":"product_cat","embeddable":true,"href":"https:\/\/www.studiolongboard.com\/es\/wp-json\/wp\/v2\/product_cat?post=14412"},{"taxonomy":"product_tag","embeddable":true,"href":"https:\/\/www.studiolongboard.com\/es\/wp-json\/wp\/v2\/product_tag?post=14412"}],"curies":[{"name":"wp","href":"https:\/\/api.w.org\/{rel}","templated":true}]}}