{"id":14373,"date":"2021-02-24T14:25:18","date_gmt":"2021-02-24T13:25:18","guid":{"rendered":"https:\/\/www.studiolongboard.com\/?post_type=product&#038;p=14373"},"modified":"2024-08-14T17:17:02","modified_gmt":"2024-08-14T15:17:02","slug":"rocket-linum-106-naturalite","status":"publish","type":"product","link":"https:\/\/www.studiolongboard.com\/es\/shop\/longboards\/longboard-decks\/dance-freestyle-decks\/rocket-linum-106-naturalite\/","title":{"rendered":"ROCKET Linum 106 Naturalite"},"content":{"rendered":"<h2>ROCKET Linum 106 Naturalite<\/h2>\n<p>ROCKET Linum 106 Naturalite ist ein leichter moderner T\u00e4nzer mit vielen versteckten Gimmicks. Es hat einen kontinuierlichen progressiven Rocker, der direkt in die Kicks \u00fcbergeht. Dank der Kombination von CNC-gefr\u00e4sten wheel wells und flare verf\u00fcgt das Board \u00fcber eine erstaunliche Radfreiheit.<\/p>\n<p>Die gro\u00dfe Innovation verbirgt sich in der Naturalite-Konstruktion. Die Mischung aus Bambus mit einem hohlen Kern, Carbon und nat\u00fcrlichen Flachsfasern macht es superleicht. Kunststoffeins\u00e4tze an Nose und Tail garantieren zus\u00e4tzlichen Schutz.<\/p>\n<p>Rocket verstecken bewusst alle Kohlenstofffasern im Board. Nur Flachsfasern ber\u00fchren die Kanten. Dies bietet dir alle Vorteile eines faserverst\u00e4rkten Decks, so wie eine l\u00e4ngere Lebensdauer und einen bissigen Flex. Im Gegensatz zu Glasfasern splittern Flachsfasern jedoch nicht, wenn sie besch\u00e4digt werden. Mit dem Linum geh\u00f6ren Glassplitter an deinen Fingern der Vergangenheit an.<\/p>\n<p>Flex 1: 70 \u2013 100 kg<br \/>\nFlex 2: 50 \u2013 85 kg<\/p>\n<p>Especificaciones<br \/>\nLength: 41.7\u201d \/ 106 cm<br \/>\nWidth: 9.25\u201d \/ 23.5 cm<br \/>\nWheelbase: 24.4\u201d \u2013 26.6\u201d \/ 62 \u2013 65 cm<\/p>\n<p>Concave: 0.43\u201d \/ 11 mm<br \/>\nRocker: 0.8\u201d \/ 20 mm<br \/>\nConstruction: Certified bamboo, Natural flax fiber, Carbon fiber, Embossed ABS topsheet<\/p>\n<p>Gripped: No.<\/p>\n<p>The Linum is a light modern dancer with a lot of hidden gimmicks. It has a continuous progressive rocker which merges directly into the kicks. Thanks to the combination of cnc\u2019d wheel wells and flares the board has an amazing wheel clearance.<\/p>\n<p>The big innovation hides in the Naturalite construction. The mix of bamboo with a hollow core, carbon and natural flax fibers makes it super light. Plastic inserts on nose and tail guarantee some extra protection.<\/p>\n<p>We deliberately hide all the carbon fibers inside the board. Only flax fibers touch the edges. This gives you all the advantages of a fiber reinforced board, like a longer life span and a snappy flex. But unlike glass fibers, flax fibers don\u2019t chip when they get damaged. With the Linum, glass splinters in your fingers are a thing of the past.<\/p>\n<p>The Linum comes in two lengths and in two flex options each. Choose the 116 for more space to dance on or the 106 for a more agile freestyle tool.<\/p>\n<p>Flex 1: 70 \u2013 100 kg<br \/>\nFlex 2: 50 \u2013 85 kg<\/p>\n<p>Especificaciones<br \/>\nLength: 41.7\u201d \/ 106 cm<br \/>\nWidth: 9.25\u201d \/ 23.5 cm<br \/>\nWheelbase: 24.4\u201d \u2013 26.6\u201d \/ 62 \u2013 65 cm<\/p>\n<p>Concave: 0.43\u201d \/ 11 mm<br \/>\nRocker: 0.8\u201d \/ 20 mm<br \/>\nConstruction: Certified bamboo, Natural flax fiber, Carbon fiber, Embossed ABS topsheet<\/p>\n<p>Gripped: No.<\/p>\n<blockquote class=\"wp-embedded-content\" data-secret=\"VcUrei1LtQ\"><p><a href=\"https:\/\/www.studiolongboard.com\/es\/product-2\/rocket-linum-116-naturalite\/\">ROCKET Linum 116 Naturalite<\/a><\/p><\/blockquote>\n<p><iframe loading=\"lazy\" class=\"wp-embedded-content\" sandbox=\"allow-scripts\" security=\"restricted\" style=\"position: absolute; visibility: hidden;\" title=\"&#8222;ROCKET Linum 116 Naturalite&#8220; &#8212; Studio Longboard\" src=\"https:\/\/www.studiolongboard.com\/produkt\/rocket-linum-116-naturalite\/embed\/#?secret=0V4ZHrwKxs#?secret=VcUrei1LtQ\" data-secret=\"VcUrei1LtQ\" width=\"600\" height=\"338\" frameborder=\"0\" marginwidth=\"0\" marginheight=\"0\" scrolling=\"no\"><\/iframe><\/p>\n<p>&nbsp;<\/p>","protected":false},"excerpt":{"rendered":"<p>ROCKET Linum 106 Naturalite ROCKET Linum 106 Naturalite ist ein leichter moderner T\u00e4nzer mit vielen versteckten Gimmicks. Es hat einen kontinuierlichen progressiven Rocker, der direkt in die Kicks \u00fcbergeht. Dank der Kombination von CNC-gefr\u00e4sten wheel wells und flare verf\u00fcgt das Board \u00fcber eine erstaunliche Radfreiheit. Die gro\u00dfe Innovation verbirgt sich in der Naturalite-Konstruktion. Die Mischung [&#8230;]\n","protected":false},"featured_media":14376,"comment_status":"open","ping_status":"closed","template":"","meta":{"jetpack_post_was_ever_published":false,"jetpack_publicize_message":"","jetpack_publicize_feature_enabled":true,"jetpack_social_post_already_shared":true,"jetpack_social_options":{"image_generator_settings":{"template":"highway","default_image_id":0,"font":"","enabled":false},"version":2}},"product_brand":[],"product_cat":[8789,311,313],"product_tag":[373,342,757,6547],"class_list":{"0":"post-14373","1":"product","2":"type-product","3":"status-publish","4":"has-post-thumbnail","6":"product_cat-dance-freestyle-decks","7":"product_cat-longboards","8":"product_cat-longboard-decks","9":"product_tag-dancer","10":"product_tag-freeestyle","11":"product_tag-longboard-dancing","12":"product_tag-longboard-freestyle","13":"product_shipping_class-paket","15":"first","16":"outofstock","17":"taxable","18":"shipping-taxable","19":"product-type-variable"},"composite_virtual":false,"composite_layout":"","composite_add_to_cart_form_location":"","composite_editable_in_cart":false,"composite_sold_individually_context":"","composite_shop_price_calc":"","composite_components":[],"composite_scenarios":[],"booking_location":null,"booking_location_type":null,"booking_duration":null,"booking_duration_unit":null,"booking_buffer":null,"booking_cost":null,"booking_resources":null,"jetpack_publicize_connections":[],"jetpack_sharing_enabled":true,"_links":{"self":[{"href":"https:\/\/www.studiolongboard.com\/es\/wp-json\/wp\/v2\/product\/14373","targetHints":{"allow":["GET"]}}],"collection":[{"href":"https:\/\/www.studiolongboard.com\/es\/wp-json\/wp\/v2\/product"}],"about":[{"href":"https:\/\/www.studiolongboard.com\/es\/wp-json\/wp\/v2\/types\/product"}],"replies":[{"embeddable":true,"href":"https:\/\/www.studiolongboard.com\/es\/wp-json\/wp\/v2\/comments?post=14373"}],"wp:featuredmedia":[{"embeddable":true,"href":"https:\/\/www.studiolongboard.com\/es\/wp-json\/wp\/v2\/media\/14376"}],"wp:attachment":[{"href":"https:\/\/www.studiolongboard.com\/es\/wp-json\/wp\/v2\/media?parent=14373"}],"wp:term":[{"taxonomy":"product_brand","embeddable":true,"href":"https:\/\/www.studiolongboard.com\/es\/wp-json\/wp\/v2\/product_brand?post=14373"},{"taxonomy":"product_cat","embeddable":true,"href":"https:\/\/www.studiolongboard.com\/es\/wp-json\/wp\/v2\/product_cat?post=14373"},{"taxonomy":"product_tag","embeddable":true,"href":"https:\/\/www.studiolongboard.com\/es\/wp-json\/wp\/v2\/product_tag?post=14373"}],"curies":[{"name":"wp","href":"https:\/\/api.w.org\/{rel}","templated":true}]}}