{"id":14325,"date":"2021-02-19T15:06:35","date_gmt":"2021-02-19T14:06:35","guid":{"rendered":"https:\/\/www.studiolongboard.com\/?post_type=product&#038;p=14325"},"modified":"2021-06-09T17:07:24","modified_gmt":"2021-06-09T15:07:24","slug":"daffyboard-balance-board-set-grey-lion","status":"publish","type":"product","link":"https:\/\/www.studiolongboard.com\/es\/shop\/accessories\/balance-boards\/daffyboard-balance-board-set-grey-lion\/","title":{"rendered":"DAFFYBOARD Balance Board Set Grey Lion"},"content":{"rendered":"<h2>DAFFYBOARD Balance Board Set Grey Lion<\/h2>\n<p>DAFFYBOARD Balance Board Set Grey Lion besteht aus dem Board im hochwertigem Birkenholz, einer Korkrolle und einer Bodenschutzmatte auf Recyclingbasis.<\/p>\n<p>Balance Boards verbessern nicht nur das Gleichgewicht und die Koordination. Mit gezielten \u00dcbungen kannst du bestimmte Bein- und Fussmuskelpartien und Gelenke st\u00e4rken und aufbauen. Sie machen au\u00dferdem richtig viel Spa\u00df und halten dich auch bei schlechtem Wetter in Form.<\/p>\n<p>Geeignet sowohl f\u00fcr den Profisport, Physiotherapie, so wie f\u00fcr jeden Sportbegeisterten.<\/p>\n<p>Boardgr\u00f6\u00dfe :\u00a0 750 x 295 mm<\/p>\n<ul>\n<li>Freigegeben bis 130kg<\/li>\n<li>Gr\u00f6\u00dfe der Matte 152 x 58cm<\/li>\n<\/ul>\n<p>Made in Germany<\/p>","protected":false},"excerpt":{"rendered":"<p>DAFFYBOARD Balance Board Set Grey Lion DAFFYBOARD Balance Board Set Grey Lion besteht aus dem Board im hochwertigem Birkenholz, einer Korkrolle und einer Bodenschutzmatte auf Recyclingbasis. Balance Boards verbessern nicht nur das Gleichgewicht und die Koordination. Mit gezielten \u00dcbungen kannst du bestimmte Bein- und Fussmuskelpartien und Gelenke st\u00e4rken und aufbauen. Sie machen au\u00dferdem richtig viel [&#8230;]\n","protected":false},"featured_media":14328,"comment_status":"open","ping_status":"closed","template":"","meta":{"jetpack_post_was_ever_published":false,"jetpack_publicize_message":"","jetpack_publicize_feature_enabled":true,"jetpack_social_post_already_shared":true,"jetpack_social_options":{"image_generator_settings":{"template":"highway","default_image_id":0,"font":"","enabled":false},"version":2}},"product_brand":[],"product_cat":[320,589],"product_tag":[590,591,599,600],"class_list":{"0":"post-14325","1":"product","2":"type-product","3":"status-publish","4":"has-post-thumbnail","6":"product_cat-accessories","7":"product_cat-balance-boards","8":"product_tag-balance","9":"product_tag-balance-board","10":"product_tag-balancebrett","11":"product_tag-balanceboard","12":"product_shipping_class-paket","14":"first","15":"outofstock","16":"taxable","17":"shipping-taxable","18":"purchasable","19":"product-type-variable"},"composite_virtual":false,"composite_layout":"","composite_add_to_cart_form_location":"","composite_editable_in_cart":false,"composite_sold_individually_context":"","composite_shop_price_calc":"","composite_components":[],"composite_scenarios":[],"booking_location":null,"booking_location_type":null,"booking_duration":null,"booking_duration_unit":null,"booking_buffer":null,"booking_cost":null,"booking_resources":null,"jetpack_publicize_connections":[],"jetpack_sharing_enabled":true,"_links":{"self":[{"href":"https:\/\/www.studiolongboard.com\/es\/wp-json\/wp\/v2\/product\/14325","targetHints":{"allow":["GET"]}}],"collection":[{"href":"https:\/\/www.studiolongboard.com\/es\/wp-json\/wp\/v2\/product"}],"about":[{"href":"https:\/\/www.studiolongboard.com\/es\/wp-json\/wp\/v2\/types\/product"}],"replies":[{"embeddable":true,"href":"https:\/\/www.studiolongboard.com\/es\/wp-json\/wp\/v2\/comments?post=14325"}],"wp:featuredmedia":[{"embeddable":true,"href":"https:\/\/www.studiolongboard.com\/es\/wp-json\/wp\/v2\/media\/14328"}],"wp:attachment":[{"href":"https:\/\/www.studiolongboard.com\/es\/wp-json\/wp\/v2\/media?parent=14325"}],"wp:term":[{"taxonomy":"product_brand","embeddable":true,"href":"https:\/\/www.studiolongboard.com\/es\/wp-json\/wp\/v2\/product_brand?post=14325"},{"taxonomy":"product_cat","embeddable":true,"href":"https:\/\/www.studiolongboard.com\/es\/wp-json\/wp\/v2\/product_cat?post=14325"},{"taxonomy":"product_tag","embeddable":true,"href":"https:\/\/www.studiolongboard.com\/es\/wp-json\/wp\/v2\/product_tag?post=14325"}],"curies":[{"name":"wp","href":"https:\/\/api.w.org\/{rel}","templated":true}]}}