{"id":14265,"date":"2021-02-12T13:05:54","date_gmt":"2021-02-12T12:05:54","guid":{"rendered":"https:\/\/www.studiolongboard.com\/?post_type=product&#038;p=14265"},"modified":"2025-06-02T12:50:10","modified_gmt":"2025-06-02T10:50:10","slug":"carver-roundhouse-wheels-69mm-concaves-78a","status":"publish","type":"product","link":"https:\/\/www.studiolongboard.com\/es\/shop\/longboards\/longboard-wheels\/carver-roundhouse-wheels-69mm-concaves-78a\/","title":{"rendered":"Carver Roundhouse Wheels 69mm Concaves 78A"},"content":{"rendered":"<h2>Carver Roundhouse Wheels 69mm Concaves 78A<\/h2>\n<p>Carver Roundhouse Wheels 69mm Concaves 78A &#8211; Der Bedarf an Grip war noch nie so wichtig wie beim Surfskate, wo Du dich auf die Traktion der R\u00e4der verlassen musst, um sich voll in Carves und Cutbacks zu lehnen. Roundhouse Concave Wheels geben Dir den zus\u00e4tzliche halt in deinen Turns, so dass Du Man\u00f6ver vollenden k\u00f6nnen, bei denen Du sonst ausrutschen w\u00fcrdest.<\/p>\n<p>Der Schl\u00fcssel zu diesem Design ist die konkave Fahrfl\u00e4che. Diese vergr\u00f6\u00dfert die Oberfl\u00e4che bei Belastung und dr\u00fcckt die Lippe in den Boden, wodurch mehr Grip als je zuvor entsteht, w\u00e4hrend die Rollgeschwindigkeit konstant bleibt. Dies sind die griffigsten Rollen, die Du jemals gefahren bist.<\/p>\n<p>Hergestellt in den USA aus speziell gemischtem Urethan, das speziell f\u00fcr Carvers Marke Roundhouse entwickelt wurde.<\/p>\n<p>Gr\u00f6\u00dfe: 69mm x 52mm<\/p>\n<p>H\u00e4rte: 78A<\/p>\n<p>Farbe: Smoke<\/p>\n<p>Satz: 4 St\u00fcck<\/p>","protected":false},"excerpt":{"rendered":"<p>Carver Roundhouse Wheels 69mm Concaves 78A Carver Roundhouse Wheels 69mm Concaves 78A &#8211; Der Bedarf an Grip war noch nie so wichtig wie beim Surfskate, wo Du dich auf die Traktion der R\u00e4der verlassen musst, um sich voll in Carves und Cutbacks zu lehnen. Roundhouse Concave Wheels geben Dir den zus\u00e4tzliche halt in deinen Turns, [&#8230;]\n","protected":false},"featured_media":14266,"comment_status":"closed","ping_status":"closed","template":"","meta":{"jetpack_post_was_ever_published":false,"jetpack_publicize_message":"","jetpack_publicize_feature_enabled":true,"jetpack_social_post_already_shared":true,"jetpack_social_options":{"image_generator_settings":{"template":"highway","default_image_id":0,"font":"","enabled":false},"version":2}},"product_brand":[],"product_cat":[317,531,8781],"product_tag":[],"class_list":{"0":"post-14265","1":"product","2":"type-product","3":"status-publish","4":"has-post-thumbnail","6":"product_cat-longboard-wheels","7":"product_cat-surfskates","8":"product_cat-surfskate-wheels","9":"product_shipping_class-paket-m","11":"first","12":"outofstock","13":"taxable","14":"shipping-taxable","15":"purchasable","16":"product-type-simple"},"composite_virtual":false,"composite_layout":"","composite_add_to_cart_form_location":"","composite_editable_in_cart":false,"composite_sold_individually_context":"","composite_shop_price_calc":"","composite_components":[],"composite_scenarios":[],"booking_location":null,"booking_location_type":null,"booking_duration":null,"booking_duration_unit":null,"booking_buffer":null,"booking_cost":null,"booking_resources":null,"jetpack_publicize_connections":[],"jetpack_sharing_enabled":true,"_links":{"self":[{"href":"https:\/\/www.studiolongboard.com\/es\/wp-json\/wp\/v2\/product\/14265","targetHints":{"allow":["GET"]}}],"collection":[{"href":"https:\/\/www.studiolongboard.com\/es\/wp-json\/wp\/v2\/product"}],"about":[{"href":"https:\/\/www.studiolongboard.com\/es\/wp-json\/wp\/v2\/types\/product"}],"replies":[{"embeddable":true,"href":"https:\/\/www.studiolongboard.com\/es\/wp-json\/wp\/v2\/comments?post=14265"}],"wp:featuredmedia":[{"embeddable":true,"href":"https:\/\/www.studiolongboard.com\/es\/wp-json\/wp\/v2\/media\/14266"}],"wp:attachment":[{"href":"https:\/\/www.studiolongboard.com\/es\/wp-json\/wp\/v2\/media?parent=14265"}],"wp:term":[{"taxonomy":"product_brand","embeddable":true,"href":"https:\/\/www.studiolongboard.com\/es\/wp-json\/wp\/v2\/product_brand?post=14265"},{"taxonomy":"product_cat","embeddable":true,"href":"https:\/\/www.studiolongboard.com\/es\/wp-json\/wp\/v2\/product_cat?post=14265"},{"taxonomy":"product_tag","embeddable":true,"href":"https:\/\/www.studiolongboard.com\/es\/wp-json\/wp\/v2\/product_tag?post=14265"}],"curies":[{"name":"wp","href":"https:\/\/api.w.org\/{rel}","templated":true}]}}