{"id":14048,"date":"2021-01-15T16:12:21","date_gmt":"2021-01-15T15:12:21","guid":{"rendered":"https:\/\/www.studiolongboard.com\/?post_type=product&#038;p=14048"},"modified":"2024-09-04T15:13:12","modified_gmt":"2024-09-04T13:13:12","slug":"ripcare-griptape-cleaner","status":"publish","type":"product","link":"https:\/\/www.studiolongboard.com\/es\/shop\/accessories\/griptape\/ripcare-griptape-cleaner\/","title":{"rendered":"RIPCARE GRIPTAPE CLEANER"},"content":{"rendered":"<h2>RIPCARE GRIPTAPE CLEANER<\/h2>\n<p>RIPCARE GRIPTAPE CLEANER ist ein grobes Radiergummi mit dem du ganz eicht dein Griptape reinigen kannst. Gerade bei Dreck und N\u00e4sse auf der Stra\u00dfe verdreckt das Griptape auf dem Board und verringert die Haftung der F\u00fc\u00dfe. Mit dem Ripcare Griptape kannst du den Grip vom Dreck befreien und hast wieder die urspr\u00fcngliche Haftung unter den F\u00fc\u00dfen.<\/p>\n<ul>\n<li>Bestandteile: Aceton \/ Ethylacetat \/ N-Butylacetat<\/li>\n<li>entfernt Staub und ungewollte R\u00fcckst\u00e4nde<\/li>\n<li>s\u00e4ubert das Griptape und sorgt f\u00fcr l\u00e4ngere Haltbarkeit<\/li>\n<\/ul>","protected":false},"excerpt":{"rendered":"<p>RIPCARE GRIPTAPE CLEANER RIPCARE GRIPTAPE CLEANER ist ein grobes Radiergummi mit dem du ganz eicht dein Griptape reinigen kannst. Gerade bei Dreck und N\u00e4sse auf der Stra\u00dfe verdreckt das Griptape auf dem Board und verringert die Haftung der F\u00fc\u00dfe. Mit dem Ripcare Griptape kannst du den Grip vom Dreck befreien und hast wieder die urspr\u00fcngliche [&#8230;]\n","protected":false},"featured_media":14049,"comment_status":"open","ping_status":"closed","template":"","meta":{"jetpack_post_was_ever_published":false,"jetpack_publicize_message":"","jetpack_publicize_feature_enabled":true,"jetpack_social_post_already_shared":true,"jetpack_social_options":{"image_generator_settings":{"template":"highway","default_image_id":0,"font":"","enabled":false},"version":2}},"product_brand":[],"product_cat":[320,4609],"product_tag":[8309,713,8308],"class_list":{"0":"post-14048","1":"product","2":"type-product","3":"status-publish","4":"has-post-thumbnail","6":"product_cat-accessories","7":"product_cat-griptape","8":"product_tag-ripcare","9":"product_tag-griptape","10":"product_tag-grip-cleaner","11":"product_shipping_class-paket-m","13":"first","14":"instock","15":"taxable","16":"shipping-taxable","17":"purchasable","18":"product-type-simple"},"composite_virtual":false,"composite_layout":"","composite_add_to_cart_form_location":"","composite_editable_in_cart":false,"composite_sold_individually_context":"","composite_shop_price_calc":"","composite_components":[],"composite_scenarios":[],"booking_location":null,"booking_location_type":null,"booking_duration":null,"booking_duration_unit":null,"booking_buffer":null,"booking_cost":null,"booking_resources":null,"jetpack_publicize_connections":[],"jetpack_sharing_enabled":true,"_links":{"self":[{"href":"https:\/\/www.studiolongboard.com\/es\/wp-json\/wp\/v2\/product\/14048","targetHints":{"allow":["GET"]}}],"collection":[{"href":"https:\/\/www.studiolongboard.com\/es\/wp-json\/wp\/v2\/product"}],"about":[{"href":"https:\/\/www.studiolongboard.com\/es\/wp-json\/wp\/v2\/types\/product"}],"replies":[{"embeddable":true,"href":"https:\/\/www.studiolongboard.com\/es\/wp-json\/wp\/v2\/comments?post=14048"}],"wp:featuredmedia":[{"embeddable":true,"href":"https:\/\/www.studiolongboard.com\/es\/wp-json\/wp\/v2\/media\/14049"}],"wp:attachment":[{"href":"https:\/\/www.studiolongboard.com\/es\/wp-json\/wp\/v2\/media?parent=14048"}],"wp:term":[{"taxonomy":"product_brand","embeddable":true,"href":"https:\/\/www.studiolongboard.com\/es\/wp-json\/wp\/v2\/product_brand?post=14048"},{"taxonomy":"product_cat","embeddable":true,"href":"https:\/\/www.studiolongboard.com\/es\/wp-json\/wp\/v2\/product_cat?post=14048"},{"taxonomy":"product_tag","embeddable":true,"href":"https:\/\/www.studiolongboard.com\/es\/wp-json\/wp\/v2\/product_tag?post=14048"}],"curies":[{"name":"wp","href":"https:\/\/api.w.org\/{rel}","templated":true}]}}