{"id":13828,"date":"2020-12-21T17:08:12","date_gmt":"2020-12-21T16:08:12","guid":{"rendered":"https:\/\/www.studiolongboard.com\/?post_type=product&#038;p=13828"},"modified":"2023-05-23T14:52:26","modified_gmt":"2023-05-23T12:52:26","slug":"valkyrie-voxter-mk3-dh-trucks","status":"publish","type":"product","link":"https:\/\/www.studiolongboard.com\/es\/shop\/longboards\/longboard-trucks\/valkyrie-voxter-mk3-dh-trucks\/","title":{"rendered":"Valkyrie Voxter Mk3 DH Trucks"},"content":{"rendered":"<h2>Valkyrie Voxter Mk3 Downhill Trucks<\/h2>\n<p>Ersetzt durch die neue Version <a href=\"https:\/\/www.studiolongboard.com\/es\/product-2\/valkyrie-mk3-5-downhill-trucks\/\">Valkyrie Voxter Mk3.5 DH Trucks<\/a> !!!<\/p>\n<p>Die Valkyrie Voxter Mk3 ist die dritte Generation der Voxter Downhill Achse von Valkyrie. Valkyrie hat die erfolgreiche Geometrie des Vorg\u00e4ngers, der RB2, in ein leichteres,\u00a0 stabileres Design \u00fcberf\u00fchrt. Mit dem coplanaren Bushingseat bietet die Voxter ein hohe Stabilit\u00e4t ohne viele extra Teile.<\/p>\n<p>Das hei\u00dft, dass der Pivot, die Bushing Seats und das Rake der Achse identisch zu den RB2s bleibt. Der Rake findet mit 2mm die perfekte Balance zwischen einer reaktiven Achse, die sich dennoch sehr stabil f\u00e4hrt.<\/p>\n<p>Die Achse wird in zwei unterschiedlichen Achsbreiten angeboten: 145-155mm sowie 160-170mm. Wer eine Achse mit etwas mehr Grip haben will, oder ein schmales Deck f\u00e4hrt sollte sich f\u00fcr die schmalere Version entscheiden. Ist man eher auf eine rutschigere Achse aus sollte man die breite Version nehmen.<\/p>\n<p>Die Achse kann mit Tall Bushings gefahren werden, was f\u00fcr extra viel Lean sorgt. Man hat die Option als Roadside bushing auch ein normal gro\u00dfes Bushing zu fahren, was den Lean etwas reduziert. Mit einem Bushing Spacer kann man auch Boardside ein Regular Bushing verwenden.<\/p>\n<p>Die Baseplate der Achse ist in 45\u00b0, 30\u00b0 und als verstellbare Baseplate von 40-15\u00b0 in 5\u00b0 Schritten verf\u00fcgbar. Wer die Achse zum Freeriden haben m\u00f6chte und gerne auch mal Switch f\u00e4hrt sollte sich die Achse in symmetrisch (also 45\/45\u00b0) besorgen. F\u00fcr mehr Stabilit\u00e4t sollte die hintere Baseplate einen Winkel von 30\u00b0 haben. M\u00f6chte man noch mehr Stailit\u00e4t sowie Flexibilit\u00e4t, sollte man sich f\u00fcr die verstellbare Baseplate entscheiden.<\/p>\n<p class=\"\">The 30\u00b0 truck has Krank Tall Barrels: Boardside 93A (wine red) and Roadside 93A (wine red)<\/p>\n<p class=\"\">The 45\u00b0 truck has Krank Tall Barrels: Boardside 90A (green) and Roadside 90A (green)<\/p>\n<p>Der Preis ist f\u00fcr ein Set.<\/p>\n<h4>Beschreibung von Valkyrie:<\/h4>\n<p>Mk3 DH trucks are the third generation of our popular downhill lineup. We took the tried and true RB2 geometry &#8211; bushing seats, rake, pivots- and repackaged them in a light weight, super strong design. The hangers are raked 2mm for perfect balance of snappy response and stability and we have two axle options available for 145-155mm or 160-170mm widths.<\/p>\n<p class=\"\">The 30\u00b0 truck (rear) has Krank Tall Barrels: Boardside 93A (wine red) and Roadside 93A (wine red)<\/p>\n<p class=\"\">The 45\u00b0 truck (front) has Krank Tall Barrels: Boardside 90A (green) and Roadside 90A (green)<\/p>\n<p>Specs:<\/p>\n<p>7075-T6 Aluminum hanger<\/p>\n<p>17-4 Heat treated stainless steel axles for superior strength and corrosion resistance<\/p>\n<p>303 Stainless axle spacers that wont crush and offer better corrosion resistance than steel.<\/p>\n<p>6061-T6 bases with Mil-spec kingpins, precision ground board side bushing pins, and RipTide WFB pivot tubes.<\/p>\n<p>303 Stainless cupped washers<\/p>\n<p>Base angles available: 45, 30 &amp; Adjustable (15-40 in 5 degree increments)<\/p>\n<p>Price is for a set<\/p>","protected":false},"excerpt":{"rendered":"<p>Valkyrie Voxter Mk3 sind alles was man sich von einer Pr\u00e4zisionsachse verspricht. Die CNC gefr\u00e4ste Achse bietet enorme Stabilit\u00e4t und ein agiles Fahrverhalten<\/p>","protected":false},"featured_media":20091,"comment_status":"open","ping_status":"closed","template":"","meta":{"jetpack_post_was_ever_published":false,"jetpack_publicize_message":"","jetpack_publicize_feature_enabled":true,"jetpack_social_post_already_shared":true,"jetpack_social_options":{"image_generator_settings":{"template":"highway","default_image_id":0,"font":"","enabled":false},"version":2}},"product_brand":[],"product_cat":[311,318],"product_tag":[8273,8274,8275,328,2276,343,2277],"class_list":{"0":"post-13828","1":"product","2":"type-product","3":"status-publish","4":"has-post-thumbnail","6":"product_cat-longboards","7":"product_cat-longboard-trucks","8":"product_tag-valkyrie","9":"product_tag-adjustable","10":"product_tag-praezisionsachse","11":"product_tag-freeride","12":"product_tag-precision","13":"product_tag-downhill","14":"product_tag-cnc","15":"product_shipping_class-paket","17":"first","18":"outofstock","19":"taxable","20":"shipping-taxable","21":"product-type-variable"},"composite_virtual":false,"composite_layout":"","composite_add_to_cart_form_location":"","composite_editable_in_cart":false,"composite_sold_individually_context":"","composite_shop_price_calc":"","composite_components":[],"composite_scenarios":[],"booking_location":null,"booking_location_type":null,"booking_duration":null,"booking_duration_unit":null,"booking_buffer":null,"booking_cost":null,"booking_resources":null,"jetpack_publicize_connections":[],"jetpack_sharing_enabled":true,"_links":{"self":[{"href":"https:\/\/www.studiolongboard.com\/es\/wp-json\/wp\/v2\/product\/13828","targetHints":{"allow":["GET"]}}],"collection":[{"href":"https:\/\/www.studiolongboard.com\/es\/wp-json\/wp\/v2\/product"}],"about":[{"href":"https:\/\/www.studiolongboard.com\/es\/wp-json\/wp\/v2\/types\/product"}],"replies":[{"embeddable":true,"href":"https:\/\/www.studiolongboard.com\/es\/wp-json\/wp\/v2\/comments?post=13828"}],"wp:featuredmedia":[{"embeddable":true,"href":"https:\/\/www.studiolongboard.com\/es\/wp-json\/wp\/v2\/media\/20091"}],"wp:attachment":[{"href":"https:\/\/www.studiolongboard.com\/es\/wp-json\/wp\/v2\/media?parent=13828"}],"wp:term":[{"taxonomy":"product_brand","embeddable":true,"href":"https:\/\/www.studiolongboard.com\/es\/wp-json\/wp\/v2\/product_brand?post=13828"},{"taxonomy":"product_cat","embeddable":true,"href":"https:\/\/www.studiolongboard.com\/es\/wp-json\/wp\/v2\/product_cat?post=13828"},{"taxonomy":"product_tag","embeddable":true,"href":"https:\/\/www.studiolongboard.com\/es\/wp-json\/wp\/v2\/product_tag?post=13828"}],"curies":[{"name":"wp","href":"https:\/\/api.w.org\/{rel}","templated":true}]}}