{"id":13775,"date":"2020-12-16T13:50:23","date_gmt":"2020-12-16T12:50:23","guid":{"rendered":"https:\/\/www.studiolongboard.com\/?post_type=product&#038;p=13775"},"modified":"2023-04-21T15:47:36","modified_gmt":"2023-04-21T13:47:36","slug":"powell-peralta-byron-essert-mini-frog-bamboo","status":"publish","type":"product","link":"https:\/\/www.studiolongboard.com\/es\/shop\/longboards\/longboard-decks\/downhill-freeride-decks\/powell-peralta-byron-essert-mini-frog-bamboo\/","title":{"rendered":"Powell-Peralta Byron Essert Mini Frog Bamboo"},"content":{"rendered":"<h2 class=\"product--title\">Powell-Peralta Byron Essert Mini Frog Bamboo<\/h2>\n<p>Das Byron Essert Mini Frog Bamboo Longboard\/Skateboard Deck ist ein Allround Downhill und Freeride Brett. Es eignet sich hervorragend f\u00fcr Downhill, Sliding, Cruising und Shredding. Konstruiert aus 7 Lagen leichtem Bambus und Ahorn. Die scharfen Kanten der Rails sind f\u00fcr maximale Fu\u00dftraktion ausgelegt. Ein radiales Concave ist in die Plattform eingearbeitet, um Dir einen nat\u00fcrlichen Fusshalt f\u00fcr den Vorder- und Hinterfu\u00df zu geben.<\/p>\n<p>FEATURES:<\/p>\n<p>-Lightweight Bamboo and Maple construction.<br \/>\n-Mellow Flex in all directions.<br \/>\n-Sharp concave edge for maximum foot traction.<br \/>\n-Anatomically designed concave for full foot contact.<br \/>\n-Narrower width for smaller riders.<br \/>\n-Front and rear wheel wells for greater wheel clearance.<br \/>\n-Single kicktail.<br \/>\n-Freeride and all-around shape for ollies, city cruising, slides or downhill.<\/p>\n<p>CONSTRUCTION:<\/p>\n<p>-Bamboo and Maple all-wood construction.<br \/>\n-High strength water resistant glue.<\/p>\n<p>DIMENSIONS:<\/p>\n<p>-Length: 37&#8243;<br \/>\n-Width: 9&#8243;<br \/>\n-Thickness: .485&#8243;<br \/>\n-Drop center: .25&#8243;<br \/>\n-Wheelbase: 25&#8243; \/ 25.40&#8243; \/ 25.80&#8243; \/ 26.20&#8243;<br \/>\n-Nose: 2.45&#8243;<br \/>\n-Tail: 5.38&#8243;<\/p>\n<p>Average Weight: 1480 g<\/p>\n<p>&nbsp;<\/p>\n<p>Wir empfehlen Byron&#8217;s Mini Frog Longboard Deck mit <a href=\"https:\/\/www.studiolongboard.com\/es\/product-2\/paris-180mm-50-v3-raw\/\">180mm Paris Trucks<\/a> y <a href=\"https:\/\/www.studiolongboard.com\/es\/product-2\/powel-peralta-ssf-snakes-75a-red-69mm\/\">69mm Powell Snakes<\/a> zu konfigurieren.<\/p>","protected":false},"excerpt":{"rendered":"<p>Powell-Peralta Byron Essert Mini Frog Bamboo Das Byron Essert Mini Frog Bamboo Longboard\/Skateboard Deck ist ein Allround Downhill und Freeride Brett. Es eignet sich hervorragend f\u00fcr Downhill, Sliding, Cruising und Shredding. Konstruiert aus 7 Lagen leichtem Bambus und Ahorn. Die scharfen Kanten der Rails sind f\u00fcr maximale Fu\u00dftraktion ausgelegt. Ein radiales Concave ist in die [&#8230;]\n","protected":false},"featured_media":13776,"comment_status":"closed","ping_status":"closed","template":"","meta":{"jetpack_post_was_ever_published":false,"jetpack_publicize_message":"","jetpack_publicize_feature_enabled":true,"jetpack_social_post_already_shared":true,"jetpack_social_options":{"image_generator_settings":{"template":"highway","default_image_id":0,"font":"","enabled":false},"version":2}},"product_brand":[],"product_cat":[311,313,8797],"product_tag":[8264,8265],"class_list":{"0":"post-13775","1":"product","2":"type-product","3":"status-publish","4":"has-post-thumbnail","6":"product_cat-longboards","7":"product_cat-longboard-decks","8":"product_cat-downhill-freeride-decks","9":"product_tag-byron-essert","10":"product_tag-longboard-deck","11":"product_shipping_class-paket","13":"first","14":"outofstock","15":"taxable","16":"shipping-taxable","17":"purchasable","18":"product-type-simple"},"composite_virtual":false,"composite_layout":"","composite_add_to_cart_form_location":"","composite_editable_in_cart":false,"composite_sold_individually_context":"","composite_shop_price_calc":"","composite_components":[],"composite_scenarios":[],"booking_location":null,"booking_location_type":null,"booking_duration":null,"booking_duration_unit":null,"booking_buffer":null,"booking_cost":null,"booking_resources":null,"jetpack_publicize_connections":[],"jetpack_sharing_enabled":true,"_links":{"self":[{"href":"https:\/\/www.studiolongboard.com\/es\/wp-json\/wp\/v2\/product\/13775","targetHints":{"allow":["GET"]}}],"collection":[{"href":"https:\/\/www.studiolongboard.com\/es\/wp-json\/wp\/v2\/product"}],"about":[{"href":"https:\/\/www.studiolongboard.com\/es\/wp-json\/wp\/v2\/types\/product"}],"replies":[{"embeddable":true,"href":"https:\/\/www.studiolongboard.com\/es\/wp-json\/wp\/v2\/comments?post=13775"}],"wp:featuredmedia":[{"embeddable":true,"href":"https:\/\/www.studiolongboard.com\/es\/wp-json\/wp\/v2\/media\/13776"}],"wp:attachment":[{"href":"https:\/\/www.studiolongboard.com\/es\/wp-json\/wp\/v2\/media?parent=13775"}],"wp:term":[{"taxonomy":"product_brand","embeddable":true,"href":"https:\/\/www.studiolongboard.com\/es\/wp-json\/wp\/v2\/product_brand?post=13775"},{"taxonomy":"product_cat","embeddable":true,"href":"https:\/\/www.studiolongboard.com\/es\/wp-json\/wp\/v2\/product_cat?post=13775"},{"taxonomy":"product_tag","embeddable":true,"href":"https:\/\/www.studiolongboard.com\/es\/wp-json\/wp\/v2\/product_tag?post=13775"}],"curies":[{"name":"wp","href":"https:\/\/api.w.org\/{rel}","templated":true}]}}