{"id":13508,"date":"2020-11-13T14:06:50","date_gmt":"2020-11-13T13:06:50","guid":{"rendered":"https:\/\/www.studiolongboard.com\/?post_type=product&#038;p=13508"},"modified":"2023-03-18T14:42:39","modified_gmt":"2023-03-18T13:42:39","slug":"antiz-classic-curv-cruiser-wheels","status":"publish","type":"product","link":"https:\/\/www.studiolongboard.com\/es\/shop\/skateboards\/skateboard-wheels\/antiz-classic-curv-cruiser-wheels\/","title":{"rendered":"Ruedas ANTIZ Classic Curv Cruiser"},"content":{"rendered":"<h2>Ruedas ANTIZ Classic Curv Cruiser<\/h2>\n<p>ANTIZ Classic Curv Cruiser Wheels sind weiche Skateboard-Rollen, perfekt um auch auf rauem Belag skaten zu k\u00f6nnen bzw f\u00fcr Cruiser-Skateboards um haupts\u00e4chlich von A nach B zu fahren. Ebenfalls zu empfehlen bei extrem glatten Holzbelag.<\/p>\n<p>Tama\u00f1o: 56 mm<br \/>\nH\u00e4rte: 85A<br \/>\nSet of 4<\/p>","protected":false},"excerpt":{"rendered":"<p>ANTIZ Classic Curv Cruiser Wheels ANTIZ Classic Curv Cruiser Wheels sind weiche Skateboard-Rollen, perfekt um auch auf rauem Belag skaten zu k\u00f6nnen bzw f\u00fcr Cruiser-Skateboards um haupts\u00e4chlich von A nach B zu fahren. Ebenfalls zu empfehlen bei extrem glatten Holzbelag. Gr\u00f6\u00dfe: 56mm H\u00e4rte: 85A Set of 4<\/p>","protected":false},"featured_media":13509,"comment_status":"open","ping_status":"closed","template":"","meta":{"jetpack_post_was_ever_published":false,"jetpack_publicize_message":"","jetpack_publicize_feature_enabled":true,"jetpack_social_post_already_shared":true,"jetpack_social_options":{"image_generator_settings":{"template":"highway","default_image_id":0,"font":"","enabled":false},"version":2}},"product_brand":[],"product_cat":[312,316],"product_tag":[766,6453,8230],"class_list":{"0":"post-13508","1":"product","2":"type-product","3":"status-publish","4":"has-post-thumbnail","6":"product_cat-skateboards","7":"product_cat-skateboard-wheels","8":"product_tag-cruiser-wheels","9":"product_tag-skateboard-rollen","10":"product_tag-soft-wheels","11":"product_shipping_class-paket","13":"first","14":"instock","15":"taxable","16":"shipping-taxable","17":"purchasable","18":"product-type-simple"},"composite_virtual":false,"composite_layout":"","composite_add_to_cart_form_location":"","composite_editable_in_cart":false,"composite_sold_individually_context":"","composite_shop_price_calc":"","composite_components":[],"composite_scenarios":[],"booking_location":null,"booking_location_type":null,"booking_duration":null,"booking_duration_unit":null,"booking_buffer":null,"booking_cost":null,"booking_resources":null,"jetpack_publicize_connections":[],"jetpack_sharing_enabled":true,"_links":{"self":[{"href":"https:\/\/www.studiolongboard.com\/es\/wp-json\/wp\/v2\/product\/13508","targetHints":{"allow":["GET"]}}],"collection":[{"href":"https:\/\/www.studiolongboard.com\/es\/wp-json\/wp\/v2\/product"}],"about":[{"href":"https:\/\/www.studiolongboard.com\/es\/wp-json\/wp\/v2\/types\/product"}],"replies":[{"embeddable":true,"href":"https:\/\/www.studiolongboard.com\/es\/wp-json\/wp\/v2\/comments?post=13508"}],"wp:featuredmedia":[{"embeddable":true,"href":"https:\/\/www.studiolongboard.com\/es\/wp-json\/wp\/v2\/media\/13509"}],"wp:attachment":[{"href":"https:\/\/www.studiolongboard.com\/es\/wp-json\/wp\/v2\/media?parent=13508"}],"wp:term":[{"taxonomy":"product_brand","embeddable":true,"href":"https:\/\/www.studiolongboard.com\/es\/wp-json\/wp\/v2\/product_brand?post=13508"},{"taxonomy":"product_cat","embeddable":true,"href":"https:\/\/www.studiolongboard.com\/es\/wp-json\/wp\/v2\/product_cat?post=13508"},{"taxonomy":"product_tag","embeddable":true,"href":"https:\/\/www.studiolongboard.com\/es\/wp-json\/wp\/v2\/product_tag?post=13508"}],"curies":[{"name":"wp","href":"https:\/\/api.w.org\/{rel}","templated":true}]}}