{"id":13306,"date":"2020-10-30T15:22:30","date_gmt":"2020-10-30T14:22:30","guid":{"rendered":"https:\/\/www.studiolongboard.com\/?post_type=product&#038;p=13306"},"modified":"2026-03-31T11:18:50","modified_gmt":"2026-03-31T09:18:50","slug":"triple-eight-tony-hawk-sweatsaver-skate-helm","status":"publish","type":"product","link":"https:\/\/www.studiolongboard.com\/es\/shop\/protection\/helme\/triple-eight-tony-hawk-sweatsaver-skate-helm\/","title":{"rendered":"Casco de skate Triple Eight Tony Hawk Sweatsaver"},"content":{"rendered":"<h2>Casco de skate Triple Eight Tony Hawk Sweatsaver<\/h2>\n<p>Casco de skate Triple Eight Tony Hawk Sweatsaver<\/p>\n<p>Der Certified Sweatsaver Schutzhelm wird von Triple Eight beschrieben als: &#8222;Der Heilige Gral in Sachen Komfort und Schutz.&#8220;<\/p>\n<p>Der Sweatsaver ist mit einem sto\u00dfabsorbierenden EPS-Schaum mit weichem Stoff\u00fcberzug ausgestattet.<\/p>\n<p>Wenn du einen Triple Eight Certified Sweatsaver Helm kaufst, geht ein Teil des Verkaufserl\u00f6ses an die Tony Hawk Foundation, deren Mission es ist, junge Menschen zu einem aktiven Lebensstil zu motivieren, indem \u00f6ffentliche Skateparks in einkommensschwachen Gemeinden errichtet werden.<\/p>\n<p>Gr\u00f6\u00dfenverstellbar: Nein<br \/>\nZertifikate: CPSC 1203, ASTM 1492\/1447<br \/>\nAu\u00dfenschalen-Typ: ABS<br \/>\nInnenschale: EPS<br \/>\nPolstermaterial: Schaum<br \/>\nExtra Polsterset: Ja<\/p>\n<p>Erh\u00e4ltlich in 3 Gr\u00f6\u00dfen:<\/p>\n<p>XS-S \/ S-M \/ L-XL<\/p>","protected":false},"excerpt":{"rendered":"<p>Triple Eight Tony Hawk Sweatsaver Skate Helm Triple Eight Tony Hawk Sweatsaver Skate Helm Der Certified Sweatsaver Schutzhelm wird von Triple Eight beschrieben als: &#8222;Der Heilige Gral in Sachen Komfort und Schutz.&#8220; Der Sweatsaver ist mit einem sto\u00dfabsorbierenden EPS-Schaum mit weichem Stoff\u00fcberzug ausgestattet. Wenn du einen Triple Eight Certified Sweatsaver Helm kaufst, geht ein Teil [&#8230;]\n","protected":false},"featured_media":13313,"comment_status":"open","ping_status":"closed","template":"","meta":{"jetpack_post_was_ever_published":false,"jetpack_publicize_message":"","jetpack_publicize_feature_enabled":true,"jetpack_social_post_already_shared":true,"jetpack_social_options":{"image_generator_settings":{"template":"highway","default_image_id":0,"font":"","enabled":false},"version":2}},"product_brand":[9163],"product_cat":[320,505,529],"product_tag":[5348,8108,8196],"class_list":{"0":"post-13306","1":"product","2":"type-product","3":"status-publish","4":"has-post-thumbnail","6":"product_brand-triple-eight","7":"product_cat-accessories","8":"product_cat-protection","9":"product_cat-helme","10":"product_tag-schalenhelm","11":"product_tag-helmet","12":"product_tag-tony-hawk","13":"product_shipping_class-paket-m","15":"first","16":"instock","17":"taxable","18":"shipping-taxable","19":"purchasable","20":"product-type-variable"},"composite_virtual":false,"composite_layout":"","composite_add_to_cart_form_location":"","composite_editable_in_cart":false,"composite_sold_individually_context":"","composite_shop_price_calc":"","composite_components":[],"composite_scenarios":[],"booking_location":null,"booking_location_type":null,"booking_duration":null,"booking_duration_unit":null,"booking_buffer":null,"booking_cost":null,"booking_resources":null,"jetpack_publicize_connections":[],"jetpack_sharing_enabled":true,"_links":{"self":[{"href":"https:\/\/www.studiolongboard.com\/es\/wp-json\/wp\/v2\/product\/13306","targetHints":{"allow":["GET"]}}],"collection":[{"href":"https:\/\/www.studiolongboard.com\/es\/wp-json\/wp\/v2\/product"}],"about":[{"href":"https:\/\/www.studiolongboard.com\/es\/wp-json\/wp\/v2\/types\/product"}],"replies":[{"embeddable":true,"href":"https:\/\/www.studiolongboard.com\/es\/wp-json\/wp\/v2\/comments?post=13306"}],"wp:featuredmedia":[{"embeddable":true,"href":"https:\/\/www.studiolongboard.com\/es\/wp-json\/wp\/v2\/media\/13313"}],"wp:attachment":[{"href":"https:\/\/www.studiolongboard.com\/es\/wp-json\/wp\/v2\/media?parent=13306"}],"wp:term":[{"taxonomy":"product_brand","embeddable":true,"href":"https:\/\/www.studiolongboard.com\/es\/wp-json\/wp\/v2\/product_brand?post=13306"},{"taxonomy":"product_cat","embeddable":true,"href":"https:\/\/www.studiolongboard.com\/es\/wp-json\/wp\/v2\/product_cat?post=13306"},{"taxonomy":"product_tag","embeddable":true,"href":"https:\/\/www.studiolongboard.com\/es\/wp-json\/wp\/v2\/product_tag?post=13306"}],"curies":[{"name":"wp","href":"https:\/\/api.w.org\/{rel}","templated":true}]}}