{"id":13048,"date":"2020-10-09T12:41:43","date_gmt":"2020-10-09T10:41:43","guid":{"rendered":"https:\/\/www.studiolongboard.com\/?post_type=product&#038;p=13048"},"modified":"2025-08-14T12:46:40","modified_gmt":"2025-08-14T10:46:40","slug":"pegamento-bambam","status":"publish","type":"product","link":"https:\/\/www.studiolongboard.com\/es\/shop\/streetwear\/shoes\/bambam-glue\/","title":{"rendered":"Pegamento BAMBAM"},"content":{"rendered":"<h2>Pegamento BAMBAM<\/h2>\n<p>BAMBAM Glue es el mejor pegamento para a\u00f1adir sus suelas de rotura a su zapato. Este pegamento es una locura, es resistente para m\u00e1s de 120\u00b0 C. En un d\u00eda caluroso con un pavimento mucho m\u00e1s caliente no necesitas pensar si la suela aguantar\u00e1 en tu zapato. Lo har\u00e1.<\/p>\n<p>Nuestra recomendaci\u00f3n:<\/p>\n<p>El superglue se seca muy r\u00e1pido. Pero a\u00fan as\u00ed es mejor esperar 10 minutos antes de cortar y utilizar la suela.<\/p>","protected":false},"excerpt":{"rendered":"<p>BAMBAM Glue BAMBAM Glue is the best glue for adding your breaking soles to your shoe. This glue is just insane, it&#8217;s resistant for more than 120\u00b0 C. On a hot day with much hotter pavement you don&#8217;t need to think about if the sole will hold on your shoe. It will. Our recommendation: The [&#8230;]\n","protected":false},"featured_media":13049,"comment_status":"open","ping_status":"closed","template":"","meta":{"jetpack_post_was_ever_published":false,"jetpack_publicize_message":"BAMBAM PUCK RISERS","jetpack_publicize_feature_enabled":true,"jetpack_social_post_already_shared":true,"jetpack_social_options":{"image_generator_settings":{"template":"highway","default_image_id":0,"font":"","enabled":false},"version":2}},"product_brand":[],"product_cat":[320,505,8878,687],"product_tag":[7289,7960,7961,7962],"class_list":{"0":"post-13048","1":"product","2":"type-product","3":"status-publish","4":"has-post-thumbnail","6":"product_cat-accessories","7":"product_cat-protection","8":"product_cat-shoes","9":"product_cat-sale","10":"product_tag-schuhe","11":"product_tag-glue","12":"product_tag-zubehoer","13":"product_tag-solen","14":"product_shipping_class-paket","16":"first","17":"outofstock","18":"sale","19":"taxable","20":"shipping-taxable","21":"purchasable","22":"product-type-simple"},"composite_virtual":false,"composite_layout":"","composite_add_to_cart_form_location":"","composite_editable_in_cart":false,"composite_sold_individually_context":"","composite_shop_price_calc":"","composite_components":[],"composite_scenarios":[],"booking_location":null,"booking_location_type":null,"booking_duration":null,"booking_duration_unit":null,"booking_buffer":null,"booking_cost":null,"booking_resources":null,"jetpack_publicize_connections":[],"jetpack_sharing_enabled":true,"_links":{"self":[{"href":"https:\/\/www.studiolongboard.com\/es\/wp-json\/wp\/v2\/product\/13048","targetHints":{"allow":["GET"]}}],"collection":[{"href":"https:\/\/www.studiolongboard.com\/es\/wp-json\/wp\/v2\/product"}],"about":[{"href":"https:\/\/www.studiolongboard.com\/es\/wp-json\/wp\/v2\/types\/product"}],"replies":[{"embeddable":true,"href":"https:\/\/www.studiolongboard.com\/es\/wp-json\/wp\/v2\/comments?post=13048"}],"wp:featuredmedia":[{"embeddable":true,"href":"https:\/\/www.studiolongboard.com\/es\/wp-json\/wp\/v2\/media\/13049"}],"wp:attachment":[{"href":"https:\/\/www.studiolongboard.com\/es\/wp-json\/wp\/v2\/media?parent=13048"}],"wp:term":[{"taxonomy":"product_brand","embeddable":true,"href":"https:\/\/www.studiolongboard.com\/es\/wp-json\/wp\/v2\/product_brand?post=13048"},{"taxonomy":"product_cat","embeddable":true,"href":"https:\/\/www.studiolongboard.com\/es\/wp-json\/wp\/v2\/product_cat?post=13048"},{"taxonomy":"product_tag","embeddable":true,"href":"https:\/\/www.studiolongboard.com\/es\/wp-json\/wp\/v2\/product_tag?post=13048"}],"curies":[{"name":"wp","href":"https:\/\/api.w.org\/{rel}","templated":true}]}}