{"id":13016,"date":"2020-10-08T13:32:56","date_gmt":"2020-10-08T11:32:56","guid":{"rendered":"https:\/\/www.studiolongboard.com\/?post_type=product&#038;p=13016"},"modified":"2026-03-29T00:21:17","modified_gmt":"2026-03-28T23:21:17","slug":"bones-atf-rough-riders-wheels-80a","status":"publish","type":"product","link":"https:\/\/www.studiolongboard.com\/es\/shop\/skateboards\/skateboard-wheels\/bones-atf-rough-riders-wheels-80a\/","title":{"rendered":"BONES ATF Rough Riders Wheels 80a"},"content":{"rendered":"<h3>BONES ATF Rough Riders Wheels 80a<\/h3>\n<p>BONES ATF Rough Riders sind exzellente Rollen f\u00fcr jedes Gel\u00e4nde!<\/p>\n<p>59mm Durchmesser<br \/>\n44mm Breite<br \/>\nHigh Energy Core<br \/>\nAll-Terrain-Formel 80a<\/p>\n<p>All-Terrain-Formula\u2122 (ATF) Rollen sind in einem speziellen weichen Urethan gegossen, das wir All-Terrain-Formula (ATF) nennen. ATF-Rollen eignen sich hervorragend f\u00fcr raueres Gel\u00e4nde, so dass Sie unabh\u00e4ngig von der Stra\u00dfenqualit\u00e4t mit dieser revolution\u00e4ren Formel schnell und problemlos \u00fcberall hinrollen k\u00f6nnen.<\/p>","protected":false},"excerpt":{"rendered":"<p>59mm Durchmesser<br \/>\n44mm Breite<\/p>\n<p>80a H\u00e4rte<\/p>","protected":false},"featured_media":13017,"comment_status":"closed","ping_status":"closed","template":"","meta":{"jetpack_post_was_ever_published":false,"jetpack_publicize_message":"","jetpack_publicize_feature_enabled":true,"jetpack_social_post_already_shared":true,"jetpack_social_options":{"image_generator_settings":{"template":"highway","default_image_id":0,"font":"","enabled":false},"version":2}},"product_brand":[],"product_cat":[316],"product_tag":[1722,380,6453,7917,1721],"class_list":{"0":"post-13016","1":"product","2":"type-product","3":"status-publish","4":"has-post-thumbnail","6":"product_cat-skateboard-wheels","7":"product_tag-rollen","8":"product_tag-80a","9":"product_tag-skateboard-rollen","10":"product_tag-bones","11":"product_tag-wheels","12":"product_shipping_class-paket","14":"first","15":"outofstock","16":"taxable","17":"shipping-taxable","18":"product-type-variable"},"composite_virtual":false,"composite_layout":"","composite_add_to_cart_form_location":"","composite_editable_in_cart":false,"composite_sold_individually_context":"","composite_shop_price_calc":"","composite_components":[],"composite_scenarios":[],"booking_location":null,"booking_location_type":null,"booking_duration":null,"booking_duration_unit":null,"booking_buffer":null,"booking_cost":null,"booking_resources":null,"jetpack_publicize_connections":[],"jetpack_sharing_enabled":true,"_links":{"self":[{"href":"https:\/\/www.studiolongboard.com\/es\/wp-json\/wp\/v2\/product\/13016","targetHints":{"allow":["GET"]}}],"collection":[{"href":"https:\/\/www.studiolongboard.com\/es\/wp-json\/wp\/v2\/product"}],"about":[{"href":"https:\/\/www.studiolongboard.com\/es\/wp-json\/wp\/v2\/types\/product"}],"replies":[{"embeddable":true,"href":"https:\/\/www.studiolongboard.com\/es\/wp-json\/wp\/v2\/comments?post=13016"}],"wp:featuredmedia":[{"embeddable":true,"href":"https:\/\/www.studiolongboard.com\/es\/wp-json\/wp\/v2\/media\/13017"}],"wp:attachment":[{"href":"https:\/\/www.studiolongboard.com\/es\/wp-json\/wp\/v2\/media?parent=13016"}],"wp:term":[{"taxonomy":"product_brand","embeddable":true,"href":"https:\/\/www.studiolongboard.com\/es\/wp-json\/wp\/v2\/product_brand?post=13016"},{"taxonomy":"product_cat","embeddable":true,"href":"https:\/\/www.studiolongboard.com\/es\/wp-json\/wp\/v2\/product_cat?post=13016"},{"taxonomy":"product_tag","embeddable":true,"href":"https:\/\/www.studiolongboard.com\/es\/wp-json\/wp\/v2\/product_tag?post=13016"}],"curies":[{"name":"wp","href":"https:\/\/api.w.org\/{rel}","templated":true}]}}