{"id":12917,"date":"2020-10-06T14:46:03","date_gmt":"2020-10-06T12:46:03","guid":{"rendered":"https:\/\/www.studiolongboard.com\/?post_type=product&#038;p=12917"},"modified":"2026-03-21T14:44:37","modified_gmt":"2026-03-21T13:44:37","slug":"blood-orange-smoke-66mm-wheels","status":"publish","type":"product","link":"https:\/\/www.studiolongboard.com\/es\/shop\/cinetic\/blood-orange-smoke-66mm-wheels\/","title":{"rendered":"BLOOD ORANGE Smoke 66mm Wheels"},"content":{"rendered":"<h2>BLOOD ORANGE Smoke Wheels 66mm<\/h2>\n<p>Diese Wheels haben Klasse. Sie sind unscheinbar, schlank und sexy. Sie sind f\u00fcr dich da, egal welchen Fahrstil du bevorzugst. Die Smoke-Formel ist langlebig, hinterl\u00e4sst aber immer noch die dezenten Lines, die wir uns alle w\u00fcnschen. Der glasfaserverst\u00e4rkte Kern bietet einen hervorragenden Schutz vor St\u00f6\u00dfen und erm\u00f6glicht dennoch ein smoothes Rollen. Wenn du nach einer Rolle suchst, die deine Leistung steigert, dann suche nicht mehr weiter.<\/p>\n<p>H\u00e4rte: 84a Duro<\/p>\n<p>Durchmesser: 66mm<\/p>\n<p>Contactpatch: 23mm<\/p>\n<p>Offset: Keiner (Centerset)<\/p>\n<p>Farbe: Schwarz<\/p>\n<p>Weiteres: Glasfaserverst\u00e4rkter Kern<\/p>\n<p>Original Description:<\/p>\n<p>These Smoke wheels have class. They are stealth, sleek, and sexy. They are here for you no matter your preferred riding style. The Smoke Formula is durable, but still leaves trails of wispy thane lines that we all crave. The fiberglass reinforced core provides excellent protection from impacts, but still provides a smooth roll. If you\u2019re looking for wheels that will heighten your performance, then look no further.<\/p>","protected":false},"excerpt":{"rendered":"<p>BLOOD ORANGE Smoke Wheels 66mm Diese Wheels haben Klasse. Sie sind unscheinbar, schlank und sexy. Sie sind f\u00fcr dich da, egal welchen Fahrstil du bevorzugst. Die Smoke-Formel ist langlebig, hinterl\u00e4sst aber immer noch die dezenten Lines, die wir uns alle w\u00fcnschen. Der glasfaserverst\u00e4rkte Kern bietet einen hervorragenden Schutz vor St\u00f6\u00dfen und erm\u00f6glicht dennoch ein smoothes [&#8230;]\n","protected":false},"featured_media":12919,"comment_status":"closed","ping_status":"closed","template":"","meta":{"jetpack_post_was_ever_published":false,"jetpack_publicize_message":"","jetpack_publicize_feature_enabled":true,"jetpack_social_post_already_shared":true,"jetpack_social_options":{"image_generator_settings":{"template":"highway","default_image_id":0,"font":"","enabled":false},"version":2}},"product_brand":[],"product_cat":[8332],"product_tag":[757,769,7758,7759,7789,7790,328,343,375],"class_list":{"0":"post-12917","1":"product","2":"type-product","3":"status-publish","4":"has-post-thumbnail","6":"product_cat-cinetic","7":"product_tag-longboard-dancing","8":"product_tag-slide-wheels","9":"product_tag-longboard-wheels","10":"product_tag-longboard-rollen","11":"product_tag-blood-orange","12":"product_tag-84a","13":"product_tag-freeride","14":"product_tag-downhill","15":"product_tag-slide-rollen","16":"product_shipping_class-paket","18":"first","19":"outofstock","20":"taxable","21":"shipping-taxable","22":"purchasable","23":"product-type-simple"},"composite_virtual":false,"composite_layout":"","composite_add_to_cart_form_location":"","composite_editable_in_cart":false,"composite_sold_individually_context":"","composite_shop_price_calc":"","composite_components":[],"composite_scenarios":[],"booking_location":null,"booking_location_type":null,"booking_duration":null,"booking_duration_unit":null,"booking_buffer":null,"booking_cost":null,"booking_resources":null,"jetpack_publicize_connections":[],"jetpack_sharing_enabled":true,"_links":{"self":[{"href":"https:\/\/www.studiolongboard.com\/es\/wp-json\/wp\/v2\/product\/12917","targetHints":{"allow":["GET"]}}],"collection":[{"href":"https:\/\/www.studiolongboard.com\/es\/wp-json\/wp\/v2\/product"}],"about":[{"href":"https:\/\/www.studiolongboard.com\/es\/wp-json\/wp\/v2\/types\/product"}],"replies":[{"embeddable":true,"href":"https:\/\/www.studiolongboard.com\/es\/wp-json\/wp\/v2\/comments?post=12917"}],"wp:featuredmedia":[{"embeddable":true,"href":"https:\/\/www.studiolongboard.com\/es\/wp-json\/wp\/v2\/media\/12919"}],"wp:attachment":[{"href":"https:\/\/www.studiolongboard.com\/es\/wp-json\/wp\/v2\/media?parent=12917"}],"wp:term":[{"taxonomy":"product_brand","embeddable":true,"href":"https:\/\/www.studiolongboard.com\/es\/wp-json\/wp\/v2\/product_brand?post=12917"},{"taxonomy":"product_cat","embeddable":true,"href":"https:\/\/www.studiolongboard.com\/es\/wp-json\/wp\/v2\/product_cat?post=12917"},{"taxonomy":"product_tag","embeddable":true,"href":"https:\/\/www.studiolongboard.com\/es\/wp-json\/wp\/v2\/product_tag?post=12917"}],"curies":[{"name":"wp","href":"https:\/\/api.w.org\/{rel}","templated":true}]}}