{"id":12151,"date":"2020-08-25T14:14:36","date_gmt":"2020-08-25T12:14:36","guid":{"rendered":"https:\/\/www.studiolongboard.com\/?post_type=product&#038;p=12151"},"modified":"2025-12-31T14:18:46","modified_gmt":"2025-12-31T13:18:46","slug":"loaded-dervish-sama-longboard-deck","status":"publish","type":"product","link":"https:\/\/www.studiolongboard.com\/es\/shop\/longboards\/longboard-decks\/loaded-dervish-sama-longboard-deck\/","title":{"rendered":"Loaded Dervish Sama Longboard Deck"},"content":{"rendered":"<h2 class=\"fn product-title\">Loaded Dervish Sama Longboard Deck<\/h2>\n<p>Loaded Dervish Sama Longboard Deck \u00a0&#8211; Das als intuitives Carving- und Pumpboard konzipierte Dervisch Sama-Longboard ist niedrig und leicht zu fahren, sowohl f\u00fcr den Anf\u00e4nger, der zum ersten Mal durch die Stadt f\u00e4hrt, als auch f\u00fcr den erfahrenen Fahrer, der eine gef\u00fchlvolle, vom Snowboard inspirierte Fahrt und die M\u00f6glichkeit sucht, Longboard-Tanz und Freestyle zu erforschen.<\/p>\n<p>Flex 1: 170-270+ lbs \/ 75-122+ kg<br \/>\nFlex 2: 100-185+ lbs \/ 45-84+ kg<br \/>\nFlex 3: 75-150+ lbs \/ 35-68+ kg<\/p>\n<p>Specs:<\/p>\n<p>Length: 42.8\u201d \/ 109 cm<br \/>\nWidth: 9\u201d \/ 22.9 cm<br \/>\nWheelbase (inner hole): 31.5\u201d \/ 80.0 cm<br \/>\nProfile: camber<br \/>\nWeight (deck only): 3.0-3.6 lbs \/ 1.4-1.6 kg<\/p>","protected":false},"excerpt":{"rendered":"<p>Flex 1: 170-270+ lbs \/ 75-122+ kg<br \/>\nFlex 2: 100-185+ lbs \/ 45-84+ kg<br \/>\nFlex 3: 75-150+ lbs \/ 35-68+ kg<\/p>","protected":false},"featured_media":12154,"comment_status":"open","ping_status":"closed","template":"","meta":{"jetpack_post_was_ever_published":false,"jetpack_publicize_message":"","jetpack_publicize_feature_enabled":true,"jetpack_social_post_already_shared":true,"jetpack_social_options":{"image_generator_settings":{"template":"highway","default_image_id":0,"font":"","enabled":false},"version":2}},"product_brand":[],"product_cat":[313],"product_tag":[322],"class_list":{"0":"post-12151","1":"product","2":"type-product","3":"status-publish","4":"has-post-thumbnail","6":"product_cat-longboard-decks","7":"product_tag-drop-through","8":"product_shipping_class-paket","10":"first","11":"instock","12":"taxable","13":"shipping-taxable","14":"purchasable","15":"product-type-variable"},"composite_virtual":false,"composite_layout":"","composite_add_to_cart_form_location":"","composite_editable_in_cart":false,"composite_sold_individually_context":"","composite_shop_price_calc":"","composite_components":[],"composite_scenarios":[],"booking_location":null,"booking_location_type":null,"booking_duration":null,"booking_duration_unit":null,"booking_buffer":null,"booking_cost":null,"booking_resources":null,"jetpack_publicize_connections":[],"jetpack_sharing_enabled":true,"_links":{"self":[{"href":"https:\/\/www.studiolongboard.com\/es\/wp-json\/wp\/v2\/product\/12151","targetHints":{"allow":["GET"]}}],"collection":[{"href":"https:\/\/www.studiolongboard.com\/es\/wp-json\/wp\/v2\/product"}],"about":[{"href":"https:\/\/www.studiolongboard.com\/es\/wp-json\/wp\/v2\/types\/product"}],"replies":[{"embeddable":true,"href":"https:\/\/www.studiolongboard.com\/es\/wp-json\/wp\/v2\/comments?post=12151"}],"wp:featuredmedia":[{"embeddable":true,"href":"https:\/\/www.studiolongboard.com\/es\/wp-json\/wp\/v2\/media\/12154"}],"wp:attachment":[{"href":"https:\/\/www.studiolongboard.com\/es\/wp-json\/wp\/v2\/media?parent=12151"}],"wp:term":[{"taxonomy":"product_brand","embeddable":true,"href":"https:\/\/www.studiolongboard.com\/es\/wp-json\/wp\/v2\/product_brand?post=12151"},{"taxonomy":"product_cat","embeddable":true,"href":"https:\/\/www.studiolongboard.com\/es\/wp-json\/wp\/v2\/product_cat?post=12151"},{"taxonomy":"product_tag","embeddable":true,"href":"https:\/\/www.studiolongboard.com\/es\/wp-json\/wp\/v2\/product_tag?post=12151"}],"curies":[{"name":"wp","href":"https:\/\/api.w.org\/{rel}","templated":true}]}}