{"id":12062,"date":"2020-08-21T11:53:33","date_gmt":"2020-08-21T09:53:33","guid":{"rendered":"https:\/\/www.studiolongboard.com\/?post_type=product&#038;p=12062"},"modified":"2026-05-04T20:21:12","modified_gmt":"2026-05-04T18:21:12","slug":"surfskate-workshop-mit-sergej","status":"publish","type":"product","link":"https:\/\/www.studiolongboard.com\/es\/shop\/skateworkshops\/surfskate-workshop-mit-sergej\/","title":{"rendered":"Taller de surfskate"},"content":{"rendered":"<h2>Taller de surfskate<\/h2>\n<p>Studio Longboard Surfskate Workshops in Hamburg<\/p>\n<p>Surfskateboarding ist das Surfen auf dem Asphalt. Die extrem agile Vorderachse verleiht dem Board das Gef\u00fchl auf Wasser zu gleiten und macht das Pumpen (\u00dcbersetzung der Gewichtskraft in Beschleunigung) extrem leicht, auch bei geringer Geschwindigkeit. Entwickelt von Surfern f\u00fcr Surfer ist es in erster Linie ein Trainingsger\u00e4t. Doch auch Anf\u00e4nger im Skate- und Longboarding k\u00f6nnen mit diesem Board sehr schnell Spa\u00df haben und deutlich die Balance verbessern.<\/p>\n<p>Um euch den Einstieg in das Surfskating zu erleichtern, bieten wir\u00a0Surfskate <a href=\"https:\/\/www.studiolongboard.com\/es\/longboardkurse\/\">Workshops<\/a>\u00a0an. Ihr lernt dabei die wichtigsten Grundlagen sowohl im Skate\/Longboarding als auch speziell im Surfskating. Bei kleinen Trainingseinheiten bekommt ihr von uns wichtiges Feedback sowie Tipps und Tricks, um nicht nur b\u00f6se St\u00fcrze zu vermeiden, sondern um relativ schnell die richtige Technik zu erlernen. Ein Surfskate ist ein Trainingsger\u00e4t f\u00fcrs Wellenreiten. Es hilft euch nicht nur an eurem Gleichgewicht zu arbeiten, sondern die wesentlichen Turns (Bottom-Turn, Top-Turn, Cutback und Roundhouse) im Trockenen zu erlernen und zu verbessern.<\/p>\n<p>Mitzubringen ist ausser dem eigenen Surfskate, Helm und Schoner. Falls du noch kein richtiges Board und Ausr\u00fcstung hast, kein Problem: Einfach im Kommentar vermerken, wir stellen alles Notwendige zur Verf\u00fcgung.<\/p>\n<p>Die Teilnahmegeb\u00fchr betr\u00e4gt 39,90 \u20ac pro Person. Darin enthalten ist die Bereitstellung eines Boards, Schoner und Helm (falls erw\u00fcnscht).<\/p>\n<p>Die Buchung kann bis 5 Tage vor dem Workshop-Termin kostenlos storniert oder verschoben werden.<\/p>\n<p>Dauer des Workshops: 2 Stunden<\/p>\n<p>Der Kurs findet bei trockenem Wetter auf dem Hof vom <strong>Studio Longboard in der Leverkusenstr. 13 Haus F, 22761 Hamburg<\/strong> statt. Bei Regen wird der Workshop in einem \u00fcberdachten Spot in Hamburg-Lockstedt stattfinden. In dem Fall informieren wir alle Teilnehmenden per Mail oder Telefon \u00fcber die Orts\u00e4nderung.<\/p>\n<p>Wir bitten die Teilnehmer*innen unsere <a href=\"https:\/\/www.studiolongboard.com\/wp-content\/uploads\/2022\/09\/Haftungsausschlusserklaerung-Skateworkshop-2022.pdf\">Haftungsausschlusserkl\u00e4rung<\/a> vor der Buchung des Workshops gr\u00fcndlich durchzulesen und unterschrieben mitzubringen.<\/p>\n<p>&nbsp;<\/p>\n<p>&nbsp;<\/p>","protected":false},"excerpt":{"rendered":"<p>die n\u00e4chsten Termine:<br \/>\n24.05.2026 | 07.06.2026 | 21.06.2026 | 12.07.2026 | 09.08.2026<\/p>\n<p>Bitte im Kalender das Datum ausw\u00e4hlen und auf die Uhrzeit klicken um den Termin buchen zu k\u00f6nnen.<\/p>\n<p><strong>Die Buchung kann storniert werden bis 5 Tage vor dem Termin!<\/strong><\/p>","protected":false},"featured_media":12324,"comment_status":"open","ping_status":"closed","template":"","meta":{"jetpack_publicize_message":"","jetpack_publicize_feature_enabled":true,"jetpack_social_post_already_shared":true,"jetpack_social_options":{"image_generator_settings":{"template":"highway","default_image_id":0,"font":"","enabled":false},"version":2}},"product_brand":[],"product_cat":[4860],"product_tag":[1395,4401,331],"class_list":{"0":"post-12062","1":"product","2":"type-product","3":"status-publish","4":"has-post-thumbnail","6":"product_cat-skateworkshops","7":"product_tag-workshop","8":"product_tag-skateworkshop","9":"product_tag-surfskate","11":"first","12":"instock","13":"virtual","14":"sold-individually","15":"taxable","16":"purchasable","17":"product-type-booking"},"composite_virtual":false,"composite_layout":"","composite_add_to_cart_form_location":"","composite_editable_in_cart":false,"composite_sold_individually_context":"","composite_shop_price_calc":"","composite_components":[],"composite_scenarios":[],"booking_location":"","booking_location_type":"","booking_duration":2,"booking_duration_unit":"hour","booking_buffer":12,"booking_cost":39.89999999999999857891452847979962825775146484375,"booking_resources":[],"jetpack_publicize_connections":[],"jetpack_sharing_enabled":true,"_links":{"self":[{"href":"https:\/\/www.studiolongboard.com\/es\/wp-json\/wp\/v2\/product\/12062","targetHints":{"allow":["GET"]}}],"collection":[{"href":"https:\/\/www.studiolongboard.com\/es\/wp-json\/wp\/v2\/product"}],"about":[{"href":"https:\/\/www.studiolongboard.com\/es\/wp-json\/wp\/v2\/types\/product"}],"replies":[{"embeddable":true,"href":"https:\/\/www.studiolongboard.com\/es\/wp-json\/wp\/v2\/comments?post=12062"}],"wp:featuredmedia":[{"embeddable":true,"href":"https:\/\/www.studiolongboard.com\/es\/wp-json\/wp\/v2\/media\/12324"}],"wp:attachment":[{"href":"https:\/\/www.studiolongboard.com\/es\/wp-json\/wp\/v2\/media?parent=12062"}],"wp:term":[{"taxonomy":"product_brand","embeddable":true,"href":"https:\/\/www.studiolongboard.com\/es\/wp-json\/wp\/v2\/product_brand?post=12062"},{"taxonomy":"product_cat","embeddable":true,"href":"https:\/\/www.studiolongboard.com\/es\/wp-json\/wp\/v2\/product_cat?post=12062"},{"taxonomy":"product_tag","embeddable":true,"href":"https:\/\/www.studiolongboard.com\/es\/wp-json\/wp\/v2\/product_tag?post=12062"}],"curies":[{"name":"wp","href":"https:\/\/api.w.org\/{rel}","templated":true}]}}