{"id":11606,"date":"2020-07-24T15:44:11","date_gmt":"2020-07-24T13:44:11","guid":{"rendered":"https:\/\/www.studiolongboard.com\/?post_type=product&#038;p=11606"},"modified":"2022-10-11T15:33:54","modified_gmt":"2022-10-11T13:33:54","slug":"seismic-speed-vent-73mm-77a-bubblegum","status":"publish","type":"product","link":"https:\/\/www.studiolongboard.com\/es\/shop\/longboards\/longboard-wheels\/seismic-speed-vent-73mm-77a-bubblegum\/","title":{"rendered":"SEISMIC Speed Vent Defcon 73mm"},"content":{"rendered":"<h2>SEISMIC Speed Vent Defcon 73mm<\/h2>\n<p>SEISMIC Speed Vent Defcon 73mm ist um die firmeneigene, gewichtssparende Energieumwandlungsnabe (EC) herum geformt &#8211; die erste hohe, breite Nabe, die es beim Longboarding gibt, und immer noch die zweitbeste. Der Durchmesser von 73 mm verleiht ihr die Rollgeschwindigkeit einer gr\u00f6\u00dferen Rolle, w\u00e4hrend die gewichtssparende Nabe die Schnelligkeit und Wendigkeit einer kleineren rolle sowie eine verbesserte R\u00fcckfederung bietet. Kombiniert mit Lippen, die auf reinen Grip ausgelegt sind, sind Speed Vents eine Klasse f\u00fcr sich.<\/p>\n<ul>\n<li>Eingegossen in Defcon\u2122 Urethan<\/li>\n<li>Guinness WR-Geschwindigkeit<\/li>\n<li>richtungsabh\u00e4ngiges Gleiten<\/li>\n<li>lang anhaltender Grip<\/li>\n<li>langsamer, gleichm\u00e4\u00dfiger Verschlei\u00df<\/li>\n<\/ul>\n<p>Diameter: 73mm.<br \/>\nWidth: 54mm<br \/>\nCore position: Offset<br \/>\nDurability: 77a Bubblegum, 78,5a Mango, 80a Mint<\/p>\n<p>(Set of 4)<\/p>","protected":false},"excerpt":{"rendered":"<p>Diameter: 73mm.<br \/>\nWidth: 54mm<br \/>\nCore position: Offset<br \/>\nDurability: 77a Bubblegum, 78,5a Mango, 81,5a Mint<\/p>\n<p>&nbsp;<\/p>","protected":false},"featured_media":11607,"comment_status":"open","ping_status":"closed","template":"","meta":{"jetpack_post_was_ever_published":false,"jetpack_publicize_message":"","jetpack_publicize_feature_enabled":true,"jetpack_social_post_already_shared":true,"jetpack_social_options":{"image_generator_settings":{"template":"highway","default_image_id":0,"font":"","enabled":false},"version":2}},"product_brand":[],"product_cat":[317],"product_tag":[328,4247,343,5223],"class_list":{"0":"post-11606","1":"product","2":"type-product","3":"status-publish","4":"has-post-thumbnail","6":"product_cat-longboard-wheels","7":"product_tag-freeride","8":"product_tag-long-distance","9":"product_tag-downhill","10":"product_tag-ldp","11":"product_shipping_class-paket","13":"first","14":"outofstock","15":"taxable","16":"shipping-taxable","17":"product-type-variable"},"composite_virtual":false,"composite_layout":"","composite_add_to_cart_form_location":"","composite_editable_in_cart":false,"composite_sold_individually_context":"","composite_shop_price_calc":"","composite_components":[],"composite_scenarios":[],"booking_location":null,"booking_location_type":null,"booking_duration":null,"booking_duration_unit":null,"booking_buffer":null,"booking_cost":null,"booking_resources":null,"jetpack_publicize_connections":[],"jetpack_sharing_enabled":true,"_links":{"self":[{"href":"https:\/\/www.studiolongboard.com\/es\/wp-json\/wp\/v2\/product\/11606","targetHints":{"allow":["GET"]}}],"collection":[{"href":"https:\/\/www.studiolongboard.com\/es\/wp-json\/wp\/v2\/product"}],"about":[{"href":"https:\/\/www.studiolongboard.com\/es\/wp-json\/wp\/v2\/types\/product"}],"replies":[{"embeddable":true,"href":"https:\/\/www.studiolongboard.com\/es\/wp-json\/wp\/v2\/comments?post=11606"}],"wp:featuredmedia":[{"embeddable":true,"href":"https:\/\/www.studiolongboard.com\/es\/wp-json\/wp\/v2\/media\/11607"}],"wp:attachment":[{"href":"https:\/\/www.studiolongboard.com\/es\/wp-json\/wp\/v2\/media?parent=11606"}],"wp:term":[{"taxonomy":"product_brand","embeddable":true,"href":"https:\/\/www.studiolongboard.com\/es\/wp-json\/wp\/v2\/product_brand?post=11606"},{"taxonomy":"product_cat","embeddable":true,"href":"https:\/\/www.studiolongboard.com\/es\/wp-json\/wp\/v2\/product_cat?post=11606"},{"taxonomy":"product_tag","embeddable":true,"href":"https:\/\/www.studiolongboard.com\/es\/wp-json\/wp\/v2\/product_tag?post=11606"}],"curies":[{"name":"wp","href":"https:\/\/api.w.org\/{rel}","templated":true}]}}