{"id":11460,"date":"2020-07-15T16:20:48","date_gmt":"2020-07-15T14:20:48","guid":{"rendered":"https:\/\/www.studiolongboard.com\/?post_type=product&#038;p=11460"},"modified":"2026-02-07T15:30:44","modified_gmt":"2026-02-07T14:30:44","slug":"decent-skate-bag","status":"publish","type":"product","link":"https:\/\/www.studiolongboard.com\/es\/shop\/accessories\/bags\/decent-skate-bag\/","title":{"rendered":"BOLSA DE SKATE DECENTE"},"content":{"rendered":"<h2>BOLSA DE SKATE DECENTE<\/h2>\n<p>DECENT SKATE BAG is so ziemlich das Gleiche wie der <a href=\"https:\/\/www.studiolongboard.com\/es\/product-2\/decent-longboard-park-bag\/\">Parkbag<\/a>, aber eine feste 38&#8243;-L\u00e4nge f\u00fcr kurze Boards und kleinere Longboards.<\/p>\n<p>Bei diesem Skate Bag passt ein Brett innen und eines au\u00dfen mit inneren und \u00e4u\u00dferen Gurten. Das Tail Pocket verhindert das Verrutschen des Boards\u00a0bei der Verwendung als Rucksack.<\/p>\n<ul>\n<li>Abnehmbarer Schulterriemen<\/li>\n<li>Rucksack-Riemen &amp; Clips, die sich bei Nichtgebrauch verstecken lassen<\/li>\n<li>Abnehmbarer H\u00fcftgurt, gro\u00dfe, leicht zug\u00e4ngliche Innentasche mit Rei\u00dfverschluss und Handytasche<\/li>\n<li>Gro\u00dfe Au\u00dfentasche mit Rei\u00dfverschluss mit viel Platz f\u00fcr Reisedokumente<\/li>\n<li>Extra gro\u00dfe Rei\u00dfverschlusstasche (innen), in der saubere Kleidung, Werkzeuge usw. aufbewahrt werden k\u00f6nnen<\/li>\n<li>Praktischer Schl\u00fcsselclip<\/li>\n<li>\u00c4u\u00dfere Netztasche f\u00fcr Wasserflasche usw.<\/li>\n<\/ul>","protected":false},"excerpt":{"rendered":"<p>DECENT SKATE BAG DECENT SKATE BAG is so ziemlich das Gleiche wie der Parkbag, aber eine feste 38&#8243;-L\u00e4nge f\u00fcr kurze Boards und kleinere Longboards. Bei diesem Skate Bag passt ein Brett innen und eines au\u00dfen mit inneren und \u00e4u\u00dferen Gurten. Das Tail Pocket verhindert das Verrutschen des Boards\u00a0bei der Verwendung als Rucksack. Abnehmbarer Schulterriemen Rucksack-Riemen [&#8230;]\n","protected":false},"featured_media":11461,"comment_status":"open","ping_status":"closed","template":"","meta":{"jetpack_post_was_ever_published":false,"jetpack_publicize_message":"","jetpack_publicize_feature_enabled":true,"jetpack_social_post_already_shared":true,"jetpack_social_options":{"image_generator_settings":{"template":"highway","default_image_id":0,"font":"","enabled":false},"version":2}},"product_brand":[9362],"product_cat":[320,8372],"product_tag":[2930,3141,6937],"class_list":{"0":"post-11460","1":"product","2":"type-product","3":"status-publish","4":"has-post-thumbnail","6":"product_brand-decent-hardware","7":"product_cat-accessories","8":"product_cat-bags","9":"product_tag-tasche","10":"product_tag-bags","11":"product_tag-board-tasche","12":"product_shipping_class-paket","14":"first","15":"outofstock","16":"taxable","17":"shipping-taxable","18":"purchasable","19":"product-type-simple"},"composite_virtual":false,"composite_layout":"","composite_add_to_cart_form_location":"","composite_editable_in_cart":false,"composite_sold_individually_context":"","composite_shop_price_calc":"","composite_components":[],"composite_scenarios":[],"booking_location":null,"booking_location_type":null,"booking_duration":null,"booking_duration_unit":null,"booking_buffer":null,"booking_cost":null,"booking_resources":null,"jetpack_publicize_connections":[],"jetpack_sharing_enabled":true,"_links":{"self":[{"href":"https:\/\/www.studiolongboard.com\/es\/wp-json\/wp\/v2\/product\/11460","targetHints":{"allow":["GET"]}}],"collection":[{"href":"https:\/\/www.studiolongboard.com\/es\/wp-json\/wp\/v2\/product"}],"about":[{"href":"https:\/\/www.studiolongboard.com\/es\/wp-json\/wp\/v2\/types\/product"}],"replies":[{"embeddable":true,"href":"https:\/\/www.studiolongboard.com\/es\/wp-json\/wp\/v2\/comments?post=11460"}],"wp:featuredmedia":[{"embeddable":true,"href":"https:\/\/www.studiolongboard.com\/es\/wp-json\/wp\/v2\/media\/11461"}],"wp:attachment":[{"href":"https:\/\/www.studiolongboard.com\/es\/wp-json\/wp\/v2\/media?parent=11460"}],"wp:term":[{"taxonomy":"product_brand","embeddable":true,"href":"https:\/\/www.studiolongboard.com\/es\/wp-json\/wp\/v2\/product_brand?post=11460"},{"taxonomy":"product_cat","embeddable":true,"href":"https:\/\/www.studiolongboard.com\/es\/wp-json\/wp\/v2\/product_cat?post=11460"},{"taxonomy":"product_tag","embeddable":true,"href":"https:\/\/www.studiolongboard.com\/es\/wp-json\/wp\/v2\/product_tag?post=11460"}],"curies":[{"name":"wp","href":"https:\/\/api.w.org\/{rel}","templated":true}]}}