{"id":10720,"date":"2020-05-28T20:07:50","date_gmt":"2020-05-28T18:07:50","guid":{"rendered":"https:\/\/www.studiolongboard.com\/?post_type=product&#038;p=10720"},"modified":"2026-03-20T23:02:22","modified_gmt":"2026-03-20T22:02:22","slug":"bolzen-slide-handschuhe-v2","status":"publish","type":"product","link":"https:\/\/www.studiolongboard.com\/es\/shop\/protection\/handschuhe\/bolzen-slide-handschuhe-v2\/","title":{"rendered":"BOLZEN Slide Handschuhe V2"},"content":{"rendered":"<h2>BOLZEN Slide Handschuhe V2<\/h2>\n<p>BOLZEN Slide Handschuhe V2 &#8211; die zweite Version der beliebten Bolzen Hardware Slide Handschuhe. Der Handschuh wurde stark optimiert. Anstatt der Fingersch\u00fctzer aus Kevlar sind diese nun aus doppeltem Leder f\u00fcr einen noch besseren Schutz.<\/p>\n<p>Die erste Version der Handschuhe fiel recht gro\u00df aus. Dieses Problem ist nun auch behoben. Die jeweiligen Gr\u00f6\u00dfen sind nun passgenauer und insgesamt sitzt der Handschuh deutlich besser. Auch der Verschluss bietet besseren Halt. Der Kn\u00f6chelschutz hat ein Materialupdate bekommen. Die Hauptver\u00e4nderung ist aber wohl der Puck. Dieser ist deutlich dicker und hat nun abgerundete Kanten, sprich er ist weniger anf\u00e4llig f\u00fcr Schlagl\u00f6cher und Bodenunebenheiten.<\/p>\n<p>weitere Features<\/p>\n<ul>\n<li>Handgelenkschutz<\/li>\n<li>Leder ist perforiert und ist sehr atmungsaktiv.<\/li>\n<li>An kritischen Stellen sind die Handschuhe doppelt vern\u00e4ht<\/li>\n<\/ul>\n<p>&nbsp;<\/p>","protected":false},"excerpt":{"rendered":"<p>BOLZEN Slide Handschuhe V2 BOLZEN Slide Handschuhe V2 &#8211; die zweite Version der beliebten Bolzen Hardware Slide Handschuhe. Der Handschuh wurde stark optimiert. Anstatt der Fingersch\u00fctzer aus Kevlar sind diese nun aus doppeltem Leder f\u00fcr einen noch besseren Schutz. Die erste Version der Handschuhe fiel recht gro\u00df aus. Dieses Problem ist nun auch behoben. Die [&#8230;]\n","protected":false},"featured_media":10724,"comment_status":"open","ping_status":"closed","template":"","meta":{"jetpack_post_was_ever_published":false,"jetpack_publicize_message":"","jetpack_publicize_feature_enabled":true,"jetpack_social_post_already_shared":true,"jetpack_social_options":{"image_generator_settings":{"template":"highway","default_image_id":0,"font":"","enabled":false},"version":2}},"product_brand":[],"product_cat":[530,505],"product_tag":[507,328,343,3458],"class_list":{"0":"post-10720","1":"product","2":"type-product","3":"status-publish","4":"has-post-thumbnail","6":"product_cat-handschuhe","7":"product_cat-protection","8":"product_tag-slide-gloves","9":"product_tag-freeride","10":"product_tag-downhill","11":"product_tag-slide-handschuhe","12":"product_shipping_class-paket-m","14":"first","15":"outofstock","16":"taxable","17":"shipping-taxable","18":"product-type-variable"},"composite_virtual":false,"composite_layout":"","composite_add_to_cart_form_location":"","composite_editable_in_cart":false,"composite_sold_individually_context":"","composite_shop_price_calc":"","composite_components":[],"composite_scenarios":[],"booking_location":null,"booking_location_type":null,"booking_duration":null,"booking_duration_unit":null,"booking_buffer":null,"booking_cost":null,"booking_resources":null,"jetpack_publicize_connections":[],"jetpack_sharing_enabled":true,"_links":{"self":[{"href":"https:\/\/www.studiolongboard.com\/es\/wp-json\/wp\/v2\/product\/10720","targetHints":{"allow":["GET"]}}],"collection":[{"href":"https:\/\/www.studiolongboard.com\/es\/wp-json\/wp\/v2\/product"}],"about":[{"href":"https:\/\/www.studiolongboard.com\/es\/wp-json\/wp\/v2\/types\/product"}],"replies":[{"embeddable":true,"href":"https:\/\/www.studiolongboard.com\/es\/wp-json\/wp\/v2\/comments?post=10720"}],"wp:featuredmedia":[{"embeddable":true,"href":"https:\/\/www.studiolongboard.com\/es\/wp-json\/wp\/v2\/media\/10724"}],"wp:attachment":[{"href":"https:\/\/www.studiolongboard.com\/es\/wp-json\/wp\/v2\/media?parent=10720"}],"wp:term":[{"taxonomy":"product_brand","embeddable":true,"href":"https:\/\/www.studiolongboard.com\/es\/wp-json\/wp\/v2\/product_brand?post=10720"},{"taxonomy":"product_cat","embeddable":true,"href":"https:\/\/www.studiolongboard.com\/es\/wp-json\/wp\/v2\/product_cat?post=10720"},{"taxonomy":"product_tag","embeddable":true,"href":"https:\/\/www.studiolongboard.com\/es\/wp-json\/wp\/v2\/product_tag?post=10720"}],"curies":[{"name":"wp","href":"https:\/\/api.w.org\/{rel}","templated":true}]}}