{"id":10696,"date":"2020-05-27T11:28:34","date_gmt":"2020-05-27T09:28:34","guid":{"rendered":"https:\/\/www.studiolongboard.com\/?post_type=product&#038;p=10696"},"modified":"2026-01-15T19:40:53","modified_gmt":"2026-01-15T18:40:53","slug":"landyachtz-tugboat-uv-bengal-30","status":"publish","type":"product","link":"https:\/\/www.studiolongboard.com\/es\/shop\/longboards\/komplett-longboards\/mini-cruiser\/landyachtz-tugboat-uv-bengal-30\/","title":{"rendered":"Remolcador LANDYACHTZ UV Bengala 30\u201d"},"content":{"rendered":"<h2>LANDYACHTZ Tugboat UV Bengal 30\u201d\u201d<\/h2>\n<p>LANDYACHTZ Tugboat UV Bengal 30\u201d hat eine UV-Grafik, die je nach Lichtintensit\u00e4t sich farblich ver\u00e4ndert. Tugboat ist der gro\u00dfe Bruder vom Dinghy mit dem du genauso hard carven kannst. Durch die breitere Plattform und Achsen ist der Tugboat Bengal deutlich stabiler und skatef\u00e4higer als der Dinghy.<\/p>\n<p>Especificaciones<br \/>\nLength: 76,2 cm \/ 30\u201d<br \/>\nWidth: 22,9 cm \/ 9\u201d<br \/>\nWheelbase: 38,1 cm \/ 15\u201d<br \/>\nConstruction: Maple.<\/p>\n<p>Configurar<\/p>\n<p>Trucks: 155mm Polar Bears<br \/>\nWheels: Black Easy Hawgs<br \/>\nBearings: Space Ball Bearings<\/p>","protected":false},"excerpt":{"rendered":"<p>Especificaciones<br \/>\nLength: 76,2 cm \/ 30\u201d<br \/>\nWidth: 22,9 cm \/ 9\u201d<br \/>\nWheelbase: 38,1 cm \/ 15\u201d<br \/>\nConstruction: Maple.<\/p>\n<p>Configurar<\/p>\n<p>Trucks: 155mm Polar Bears<br \/>\nWheels: Black Easy Hawgs<br \/>\nBearings: Space Ball Bearings<\/p>","protected":false},"featured_media":10697,"comment_status":"open","ping_status":"closed","template":"","meta":{"jetpack_post_was_ever_published":false,"jetpack_publicize_message":"","jetpack_publicize_feature_enabled":true,"jetpack_social_post_already_shared":true,"jetpack_social_options":{"image_generator_settings":{"template":"highway","default_image_id":0,"font":"","enabled":false},"version":2}},"product_brand":[9227],"product_cat":[310,8643,312,9086,319],"product_tag":[462,605],"class_list":{"0":"post-10696","1":"product","2":"type-product","3":"status-publish","4":"has-post-thumbnail","6":"product_brand-landyachtz","7":"product_cat-komplett-longboards","8":"product_cat-mini-cruiser","9":"product_cat-skateboards","10":"product_cat-cruiser-skateboards","11":"product_cat-komplett-skateboards","12":"product_tag-cruiser","13":"product_tag-mini-crusier","14":"product_shipping_class-paket","16":"first","17":"instock","18":"taxable","19":"shipping-taxable","20":"purchasable","21":"product-type-simple"},"composite_virtual":false,"composite_layout":"","composite_add_to_cart_form_location":"","composite_editable_in_cart":false,"composite_sold_individually_context":"","composite_shop_price_calc":"","composite_components":[],"composite_scenarios":[],"booking_location":null,"booking_location_type":null,"booking_duration":null,"booking_duration_unit":null,"booking_buffer":null,"booking_cost":null,"booking_resources":null,"jetpack_publicize_connections":[],"jetpack_sharing_enabled":true,"_links":{"self":[{"href":"https:\/\/www.studiolongboard.com\/es\/wp-json\/wp\/v2\/product\/10696","targetHints":{"allow":["GET"]}}],"collection":[{"href":"https:\/\/www.studiolongboard.com\/es\/wp-json\/wp\/v2\/product"}],"about":[{"href":"https:\/\/www.studiolongboard.com\/es\/wp-json\/wp\/v2\/types\/product"}],"replies":[{"embeddable":true,"href":"https:\/\/www.studiolongboard.com\/es\/wp-json\/wp\/v2\/comments?post=10696"}],"wp:featuredmedia":[{"embeddable":true,"href":"https:\/\/www.studiolongboard.com\/es\/wp-json\/wp\/v2\/media\/10697"}],"wp:attachment":[{"href":"https:\/\/www.studiolongboard.com\/es\/wp-json\/wp\/v2\/media?parent=10696"}],"wp:term":[{"taxonomy":"product_brand","embeddable":true,"href":"https:\/\/www.studiolongboard.com\/es\/wp-json\/wp\/v2\/product_brand?post=10696"},{"taxonomy":"product_cat","embeddable":true,"href":"https:\/\/www.studiolongboard.com\/es\/wp-json\/wp\/v2\/product_cat?post=10696"},{"taxonomy":"product_tag","embeddable":true,"href":"https:\/\/www.studiolongboard.com\/es\/wp-json\/wp\/v2\/product_tag?post=10696"}],"curies":[{"name":"wp","href":"https:\/\/api.w.org\/{rel}","templated":true}]}}