{"id":10677,"date":"2020-05-26T20:21:01","date_gmt":"2020-05-26T18:21:01","guid":{"rendered":"https:\/\/www.studiolongboard.com\/?post_type=product&#038;p=10677"},"modified":"2025-08-21T15:22:20","modified_gmt":"2025-08-21T13:22:20","slug":"wristguard-tsg-professional","status":"publish","type":"product","link":"https:\/\/www.studiolongboard.com\/es\/shop\/protection\/schuetzer\/wristguard-tsg-professional\/","title":{"rendered":"Wristguard TSG Profesional"},"content":{"rendered":"<h2>Wristguard TSG Profesional<\/h2>\n<p>Wristguard TSG Professional hat folgende Features:<\/p>\n<p>&#8211; Ergonomisches und leichtes Design<br \/>\n&#8211; Austauschbare Schienen<br \/>\n&#8211; Handfl\u00e4chen Pad aus k\u00fcnstlichem Leder<br \/>\n&#8211; 3 anpassbare Klettverschl\u00fcsse<\/p>\n<p>Material: PE, 500 D Cordura + 8mm foam, PU leather, Velcro<\/p>\n<p>Sicherheitsstandard: Critt 0501<\/p>\n<p>Gewicht: 190g<\/p>\n<p>Terrain: Skateboard, Longboard<\/p>","protected":false},"excerpt":{"rendered":"<p>Wristguard TSG Professional Wristguard TSG Professional hat folgende Features: &#8211; Ergonomisches und leichtes Design &#8211; Austauschbare Schienen &#8211; Handfl\u00e4chen Pad aus k\u00fcnstlichem Leder &#8211; 3 anpassbare Klettverschl\u00fcsse Material: PE, 500 D Cordura + 8mm foam, PU leather, Velcro Sicherheitsstandard: Critt 0501 Gewicht: 190g Terrain: Skateboard, Longboard<\/p>","protected":false},"featured_media":10678,"comment_status":"open","ping_status":"closed","template":"","meta":{"jetpack_post_was_ever_published":false,"jetpack_publicize_message":"","jetpack_publicize_feature_enabled":true,"jetpack_social_post_already_shared":true,"jetpack_social_options":{"image_generator_settings":{"template":"highway","default_image_id":0,"font":"","enabled":false},"version":2}},"product_brand":[],"product_cat":[505,528,530],"product_tag":[6487,6488],"class_list":{"0":"post-10677","1":"product","2":"type-product","3":"status-publish","4":"has-post-thumbnail","6":"product_cat-protection","7":"product_cat-schuetzer","8":"product_cat-handschuhe","9":"product_tag-handgelenkschoner","10":"product_tag-wristguard","11":"product_shipping_class-paket-m","13":"first","14":"instock","15":"taxable","16":"shipping-taxable","17":"purchasable","18":"product-type-variable"},"composite_virtual":false,"composite_layout":"","composite_add_to_cart_form_location":"","composite_editable_in_cart":false,"composite_sold_individually_context":"","composite_shop_price_calc":"","composite_components":[],"composite_scenarios":[],"booking_location":null,"booking_location_type":null,"booking_duration":null,"booking_duration_unit":null,"booking_buffer":null,"booking_cost":null,"booking_resources":null,"jetpack_publicize_connections":[],"jetpack_sharing_enabled":true,"_links":{"self":[{"href":"https:\/\/www.studiolongboard.com\/es\/wp-json\/wp\/v2\/product\/10677","targetHints":{"allow":["GET"]}}],"collection":[{"href":"https:\/\/www.studiolongboard.com\/es\/wp-json\/wp\/v2\/product"}],"about":[{"href":"https:\/\/www.studiolongboard.com\/es\/wp-json\/wp\/v2\/types\/product"}],"replies":[{"embeddable":true,"href":"https:\/\/www.studiolongboard.com\/es\/wp-json\/wp\/v2\/comments?post=10677"}],"wp:featuredmedia":[{"embeddable":true,"href":"https:\/\/www.studiolongboard.com\/es\/wp-json\/wp\/v2\/media\/10678"}],"wp:attachment":[{"href":"https:\/\/www.studiolongboard.com\/es\/wp-json\/wp\/v2\/media?parent=10677"}],"wp:term":[{"taxonomy":"product_brand","embeddable":true,"href":"https:\/\/www.studiolongboard.com\/es\/wp-json\/wp\/v2\/product_brand?post=10677"},{"taxonomy":"product_cat","embeddable":true,"href":"https:\/\/www.studiolongboard.com\/es\/wp-json\/wp\/v2\/product_cat?post=10677"},{"taxonomy":"product_tag","embeddable":true,"href":"https:\/\/www.studiolongboard.com\/es\/wp-json\/wp\/v2\/product_tag?post=10677"}],"curies":[{"name":"wp","href":"https:\/\/api.w.org\/{rel}","templated":true}]}}