{"id":10671,"date":"2020-05-26T19:52:23","date_gmt":"2020-05-26T17:52:23","guid":{"rendered":"https:\/\/www.studiolongboard.com\/?post_type=product&#038;p=10671"},"modified":"2025-12-31T14:20:22","modified_gmt":"2025-12-31T13:20:22","slug":"landyachtz-dinghy-blunt-uv-sun-29","status":"publish","type":"product","link":"https:\/\/www.studiolongboard.com\/es\/shop\/longboards\/komplett-longboards\/mini-cruiser\/landyachtz-dinghy-blunt-uv-sun-29\/","title":{"rendered":"LANDYACHTZ Dinghy Blunt UV Sun 29\u201d (sol ultravioleta)\u201d"},"content":{"rendered":"<h2>LANDYACHTZ Dinghy Blunt UV Sun 29\u201d (sol ultravioleta)\u201d<\/h2>\n<p>LANDYACHTZ Dinghy Blunt UV Sun 29\u201d sind, rein optisch, 2 Boards in 1! Durch die neue UV-Grafik ver\u00e4ndert sich die Farbe je nach Lichteinstrahlung. Der Dinghy Blunt hat einen neuen Cruiser-Shape, etwas breiter in der vorderen H\u00e4lfte, schmaler werdend zum Tail um mehr das direktionale Gef\u00fchl beim Fahren zu haben. Ausgestattet mit etwas breiteren Achsen ist dieses Brett gut f\u00fcr Fahrer mit gr\u00f6\u00dferen F\u00fc\u00dfen oder diejenigen die etwas mehr Stabilit\u00e4t von ihrem Cruiser w\u00fcnschen.<\/p>\n<p>2 boards in 1! their new UV graphics change colour when exposed to light, revealing a whole new look when you take them out into the sun. The Dinghy Blunt is a new cruiser shape in the lineup and we\u2019re stoked on it. This shape has a little extra width where you need it and a good amount of taper to allow for a more directional feel. Matched up with slightly wider trucks, this shape is great for riders with bigger feet or anyone looking for a little more stability and confidence out of their cruiser board.<\/p>\n<p>Especificaciones<\/p>\n<p>Length: 72,4 cm \/ 28,5\u201d<br \/>\nWidth: 21,6 cm \/ 8,5\u201d<br \/>\nWheelbase: 37,1 cm \/ 14,6\u201d<br \/>\nConstruction: Maple.<\/p>\n<p>Configurar<\/p>\n<p>Trucks: 130mm Polar Bears<br \/>\nWheels: Blue Chubbies<br \/>\nBearings: Space Ball Bearings<\/p>","protected":false},"excerpt":{"rendered":"<p>Especificaciones<\/p>\n<p>Length: 72,4 cm \/ 28,5\u201d<br \/>\nWidth: 21,6 cm \/ 8,5\u201d<br \/>\nWheelbase: 37,1 cm \/ 14,6\u201d<br \/>\nConstruction: Maple.<\/p>\n<p>Configurar<\/p>\n<p>Trucks: 130mm Polar Bears<br \/>\nWheels: Blue Chubbies<br \/>\nBearings: Space Ball Bearings<\/p>","protected":false},"featured_media":14928,"comment_status":"closed","ping_status":"closed","template":"","meta":{"jetpack_post_was_ever_published":false,"jetpack_publicize_message":"","jetpack_publicize_feature_enabled":true,"jetpack_social_post_already_shared":true,"jetpack_social_options":{"image_generator_settings":{"template":"highway","default_image_id":0,"font":"","enabled":false},"version":2}},"product_brand":[],"product_cat":[310,8643,312,9086,319],"product_tag":[462,605],"class_list":{"0":"post-10671","1":"product","2":"type-product","3":"status-publish","4":"has-post-thumbnail","6":"product_cat-komplett-longboards","7":"product_cat-mini-cruiser","8":"product_cat-skateboards","9":"product_cat-cruiser-skateboards","10":"product_cat-komplett-skateboards","11":"product_tag-cruiser","12":"product_tag-mini-crusier","13":"product_shipping_class-paket","15":"first","16":"instock","17":"taxable","18":"shipping-taxable","19":"purchasable","20":"product-type-simple"},"composite_virtual":false,"composite_layout":"","composite_add_to_cart_form_location":"","composite_editable_in_cart":false,"composite_sold_individually_context":"","composite_shop_price_calc":"","composite_components":[],"composite_scenarios":[],"booking_location":null,"booking_location_type":null,"booking_duration":null,"booking_duration_unit":null,"booking_buffer":null,"booking_cost":null,"booking_resources":null,"jetpack_publicize_connections":[],"jetpack_sharing_enabled":true,"_links":{"self":[{"href":"https:\/\/www.studiolongboard.com\/es\/wp-json\/wp\/v2\/product\/10671","targetHints":{"allow":["GET"]}}],"collection":[{"href":"https:\/\/www.studiolongboard.com\/es\/wp-json\/wp\/v2\/product"}],"about":[{"href":"https:\/\/www.studiolongboard.com\/es\/wp-json\/wp\/v2\/types\/product"}],"replies":[{"embeddable":true,"href":"https:\/\/www.studiolongboard.com\/es\/wp-json\/wp\/v2\/comments?post=10671"}],"wp:featuredmedia":[{"embeddable":true,"href":"https:\/\/www.studiolongboard.com\/es\/wp-json\/wp\/v2\/media\/14928"}],"wp:attachment":[{"href":"https:\/\/www.studiolongboard.com\/es\/wp-json\/wp\/v2\/media?parent=10671"}],"wp:term":[{"taxonomy":"product_brand","embeddable":true,"href":"https:\/\/www.studiolongboard.com\/es\/wp-json\/wp\/v2\/product_brand?post=10671"},{"taxonomy":"product_cat","embeddable":true,"href":"https:\/\/www.studiolongboard.com\/es\/wp-json\/wp\/v2\/product_cat?post=10671"},{"taxonomy":"product_tag","embeddable":true,"href":"https:\/\/www.studiolongboard.com\/es\/wp-json\/wp\/v2\/product_tag?post=10671"}],"curies":[{"name":"wp","href":"https:\/\/api.w.org\/{rel}","templated":true}]}}