{"id":10660,"date":"2020-05-26T15:44:26","date_gmt":"2020-05-26T13:44:26","guid":{"rendered":"https:\/\/www.studiolongboard.com\/?post_type=product&#038;p=10660"},"modified":"2025-10-21T19:29:35","modified_gmt":"2025-10-21T17:29:35","slug":"btfl-toco-kinderlongboard","status":"publish","type":"product","link":"https:\/\/www.studiolongboard.com\/es\/shop\/longboards\/komplett-longboards\/kinder-longboards\/btfl-toco-kinderlongboard\/","title":{"rendered":"BTFL TOCO Kinderlongboard"},"content":{"rendered":"<h2>BTFL TOCO Kinderlongboard<\/h2>\n<p>BTFL TOCO Kinderlongboard ist mit einer Gesamtl\u00e4nge von 80cm und einer Breite von 19cm gerade f\u00fcr die Kleinen konzipiert. Durch die weichen Bushings l\u00e4sst es sich angenehm und leicht lenken. Die 150mm breiten RKP-Achsen sind von oben verschraubt, sodass das Anpushen und Bremsen leichter wird. Das ist besonders f\u00fcr Anf\u00e4nger und Kinder sehr vorteilhaft. Wegen der d\u00fcnneren Holzlagen und der Dropthrough-Konstruktion empfehlen wir das Board nur f\u00fcr Fahrer*innen mit weniger als 65kg wiegt.<\/p>\n<p>Deck: 19 x 80 cm<br \/>\nWheels: 65 x 47 mm<br \/>\nBearings: ABEC 9<br \/>\nTrucks: 150 mm RKP<br \/>\nFlex: soft, bis 65 KG<\/p>","protected":false},"excerpt":{"rendered":"<p>Bei <strong>Vorbestellung<\/strong> voraussichtlich lieferbar innerhalb einer Woche<\/p>","protected":false},"featured_media":10661,"comment_status":"open","ping_status":"closed","template":"","meta":{"jetpack_post_was_ever_published":false,"jetpack_publicize_message":"","jetpack_publicize_feature_enabled":true,"jetpack_social_post_already_shared":true,"jetpack_social_options":{"image_generator_settings":{"template":"highway","default_image_id":0,"font":"","enabled":false},"version":2}},"product_brand":[],"product_cat":[310,311,8641],"product_tag":[3646,322,5528,5529,360],"class_list":{"0":"post-10660","1":"product","2":"type-product","3":"status-publish","4":"has-post-thumbnail","6":"product_cat-komplett-longboards","7":"product_cat-longboards","8":"product_cat-kinder-longboards","9":"product_tag-kids","10":"product_tag-drop-through","11":"product_tag-kinder","12":"product_tag-kinder-longboard","13":"product_tag-flex","14":"product_shipping_class-paket","16":"first","17":"outofstock","18":"taxable","19":"shipping-taxable","20":"purchasable","21":"product-type-simple"},"composite_virtual":false,"composite_layout":"","composite_add_to_cart_form_location":"","composite_editable_in_cart":false,"composite_sold_individually_context":"","composite_shop_price_calc":"","composite_components":[],"composite_scenarios":[],"booking_location":null,"booking_location_type":null,"booking_duration":null,"booking_duration_unit":null,"booking_buffer":null,"booking_cost":null,"booking_resources":null,"jetpack_publicize_connections":[],"jetpack_sharing_enabled":true,"_links":{"self":[{"href":"https:\/\/www.studiolongboard.com\/es\/wp-json\/wp\/v2\/product\/10660","targetHints":{"allow":["GET"]}}],"collection":[{"href":"https:\/\/www.studiolongboard.com\/es\/wp-json\/wp\/v2\/product"}],"about":[{"href":"https:\/\/www.studiolongboard.com\/es\/wp-json\/wp\/v2\/types\/product"}],"replies":[{"embeddable":true,"href":"https:\/\/www.studiolongboard.com\/es\/wp-json\/wp\/v2\/comments?post=10660"}],"wp:featuredmedia":[{"embeddable":true,"href":"https:\/\/www.studiolongboard.com\/es\/wp-json\/wp\/v2\/media\/10661"}],"wp:attachment":[{"href":"https:\/\/www.studiolongboard.com\/es\/wp-json\/wp\/v2\/media?parent=10660"}],"wp:term":[{"taxonomy":"product_brand","embeddable":true,"href":"https:\/\/www.studiolongboard.com\/es\/wp-json\/wp\/v2\/product_brand?post=10660"},{"taxonomy":"product_cat","embeddable":true,"href":"https:\/\/www.studiolongboard.com\/es\/wp-json\/wp\/v2\/product_cat?post=10660"},{"taxonomy":"product_tag","embeddable":true,"href":"https:\/\/www.studiolongboard.com\/es\/wp-json\/wp\/v2\/product_tag?post=10660"}],"curies":[{"name":"wp","href":"https:\/\/api.w.org\/{rel}","templated":true}]}}