{"id":10656,"date":"2020-05-26T15:33:25","date_gmt":"2020-05-26T13:33:25","guid":{"rendered":"https:\/\/www.studiolongboard.com\/?post_type=product&#038;p=10656"},"modified":"2025-03-03T14:29:57","modified_gmt":"2025-03-03T13:29:57","slug":"btfl-priscilla-kinderlongboard","status":"publish","type":"product","link":"https:\/\/www.studiolongboard.com\/es\/shop\/longboards\/komplett-longboards\/kinder-longboards\/btfl-priscilla-kinderlongboard\/","title":{"rendered":"BTFL PRISCILLA Kinderlongboard"},"content":{"rendered":"<h2>BTFL PRISCILLA Kinderlongboard<\/h2>\n<p>BTFL PRISCILLA Kinderlongboard ist mit einer Gesamtl\u00e4nge von 80cm und einer Breite von 19cm gerade f\u00fcr die Kleinen konzipiert. Durch die 74A weichen Bushings l\u00e4sst es sich angenehm und leicht lenken. Die 150 mm RKP-Achsen werden von oben verschraubt, sodass das Anpushen und Bremsen leichter wird. Das ist besonders f\u00fcr Anf\u00e4nger und Kinder sehr vorteilhaft. Wegen der d\u00fcnneren Holzlagen und der Dropthrough-Konstruktion empfelhen wir das Board nur dann zu kaufen, wenn ihr weniger als 65 KG wiegt.<\/p>\n<p>Deck: 19 x 80 cm<br \/>\nWheels: 65 x 47 mm<br \/>\nBearings: ABEC 9<br \/>\nTrucks: 150 mm RKP<br \/>\nFlex: Fahrergewicht bis 65 KG<\/p>","protected":false},"excerpt":{"rendered":"<p>Deck: 19 x 80 cm<br \/>\nWheels: 65 x 47 mm<br \/>\nBearings: ABEC 9<br \/>\nTrucks: 150 mm RKP<br \/>\nFlex: Fahrergewicht bis 65 KG<\/p>","protected":false},"featured_media":10657,"comment_status":"open","ping_status":"closed","template":"","meta":{"jetpack_post_was_ever_published":false,"jetpack_publicize_message":"","jetpack_publicize_feature_enabled":true,"jetpack_social_post_already_shared":true,"jetpack_social_options":{"image_generator_settings":{"template":"highway","default_image_id":0,"font":"","enabled":false},"version":2}},"product_brand":[],"product_cat":[8641,310,311],"product_tag":[5529,360,3646,322,5528],"class_list":{"0":"post-10656","1":"product","2":"type-product","3":"status-publish","4":"has-post-thumbnail","6":"product_cat-kinder-longboards","7":"product_cat-komplett-longboards","8":"product_cat-longboards","9":"product_tag-kinder-longboard","10":"product_tag-flex","11":"product_tag-kids","12":"product_tag-drop-through","13":"product_tag-kinder","14":"product_shipping_class-paket","16":"first","17":"outofstock","18":"taxable","19":"shipping-taxable","20":"purchasable","21":"product-type-simple"},"composite_virtual":false,"composite_layout":"","composite_add_to_cart_form_location":"","composite_editable_in_cart":false,"composite_sold_individually_context":"","composite_shop_price_calc":"","composite_components":[],"composite_scenarios":[],"booking_location":null,"booking_location_type":null,"booking_duration":null,"booking_duration_unit":null,"booking_buffer":null,"booking_cost":null,"booking_resources":null,"jetpack_publicize_connections":[],"jetpack_sharing_enabled":true,"_links":{"self":[{"href":"https:\/\/www.studiolongboard.com\/es\/wp-json\/wp\/v2\/product\/10656","targetHints":{"allow":["GET"]}}],"collection":[{"href":"https:\/\/www.studiolongboard.com\/es\/wp-json\/wp\/v2\/product"}],"about":[{"href":"https:\/\/www.studiolongboard.com\/es\/wp-json\/wp\/v2\/types\/product"}],"replies":[{"embeddable":true,"href":"https:\/\/www.studiolongboard.com\/es\/wp-json\/wp\/v2\/comments?post=10656"}],"wp:featuredmedia":[{"embeddable":true,"href":"https:\/\/www.studiolongboard.com\/es\/wp-json\/wp\/v2\/media\/10657"}],"wp:attachment":[{"href":"https:\/\/www.studiolongboard.com\/es\/wp-json\/wp\/v2\/media?parent=10656"}],"wp:term":[{"taxonomy":"product_brand","embeddable":true,"href":"https:\/\/www.studiolongboard.com\/es\/wp-json\/wp\/v2\/product_brand?post=10656"},{"taxonomy":"product_cat","embeddable":true,"href":"https:\/\/www.studiolongboard.com\/es\/wp-json\/wp\/v2\/product_cat?post=10656"},{"taxonomy":"product_tag","embeddable":true,"href":"https:\/\/www.studiolongboard.com\/es\/wp-json\/wp\/v2\/product_tag?post=10656"}],"curies":[{"name":"wp","href":"https:\/\/api.w.org\/{rel}","templated":true}]}}