{"id":10113,"date":"2020-04-28T13:04:23","date_gmt":"2020-04-28T11:04:23","guid":{"rendered":"https:\/\/www.studiolongboard.com\/?post_type=product&#038;p=10113"},"modified":"2026-04-07T22:44:07","modified_gmt":"2026-04-07T20:44:07","slug":"landyachtz-stratus-watercolor-46-complete","status":"publish","type":"product","link":"https:\/\/www.studiolongboard.com\/es\/shop\/longboards\/komplett-longboards\/dance-und-freestyle\/landyachtz-stratus-watercolor-46-complete\/","title":{"rendered":"LANDYACHTZ Stratus Acuarela 46\u2033 completa"},"content":{"rendered":"<p>LANDYACHTZ Stratus Acuarela 46\u2033 completa<\/p>\n<p>LANDYACHTZ Stratus Watercolor 46&#8243;hat\u00a0einen Longboard-Shape, der speziell f\u00fcr Freestyle- und Longboard-Dancing entwickelt wurde. Mit einer L\u00e4nge von 45,5 Zoll und einer Breite von 9,25 Zoll und einem Griptape nur dort, wo Du es ben\u00f6tigen, bietet dieses Board viel Platz f\u00fcr alle Deine Cross-Steping-Anforderungen. Das Stratus- Watercolor verwendet eine 8-lagige kanadische Ahornkonstruktion, um ein angenehmes mittleres \u00a0zu erzeugen. Die Form wurde 2020 leicht modifiziert, um mit den neuen 180mm Trucks von <a href=\"https:\/\/www.studiolongboard.com\/es\/product-2\/bear-grizzly-gen-6-180mm-50-turquoise\/\">Bear Grizzly Gen 6<\/a> und\u00a0\u00a0Fattie Flat Banana Hawgs 63mm 78a (stoneground) ausgestattet.<\/p>\n<p><img loading=\"lazy\" decoding=\"async\" class=\"aligncenter size-medium wp-image-10117\" src=\"https:\/\/www.studiolongboard.com\/wp-content\/uploads\/2020\/04\/100-Canadian-Maple_Pre-Cured-Fiberglass_Kicktail_Symmetrical_Multiple-Wheelbase-Options_Low-Concave_-CNC-Wheel-Wells_Icon_Web-300x184.jpg\" alt=\"\" width=\"300\" height=\"184\" srcset=\"https:\/\/www.studiolongboard.com\/wp-content\/uploads\/2020\/04\/100-Canadian-Maple_Pre-Cured-Fiberglass_Kicktail_Symmetrical_Multiple-Wheelbase-Options_Low-Concave_-CNC-Wheel-Wells_Icon_Web-300x184.jpg 300w, https:\/\/www.studiolongboard.com\/wp-content\/uploads\/2020\/04\/100-Canadian-Maple_Pre-Cured-Fiberglass_Kicktail_Symmetrical_Multiple-Wheelbase-Options_Low-Concave_-CNC-Wheel-Wells_Icon_Web-510x312.jpg 510w, https:\/\/www.studiolongboard.com\/wp-content\/uploads\/2020\/04\/100-Canadian-Maple_Pre-Cured-Fiberglass_Kicktail_Symmetrical_Multiple-Wheelbase-Options_Low-Concave_-CNC-Wheel-Wells_Icon_Web.jpg 573w\" sizes=\"auto, (max-width: 300px) 100vw, 300px\" \/><\/p>\n<p>In english:<\/p>\n<p>The Stratus 46 is a flexy longboard shape designed specifically for freestyle and longboard dancing. At 45.5\u2033 long by 9.25\u2033 wide, with griptape only where you need it, this board has plenty of space for all of your cross-stepping needs. The Stratus Watercolour uses an 8 ply Canadian Maple construction to give a nice medium flex feel that returns lots of energy out of each turn but still gives you a confident feeling when landing tricks. The shape has been modified slightly this year to work with the new Grizzly Gen 6 180mm trucks while still having tons of pop. The Stratus rolls on 63mm Fatty Hawgs to keep the complete light and let you run your trucks nice and loose without worrying about wheelbite.<\/p>\n<p>&nbsp;<\/p>\n<p>Deck:<br \/>\nLength: 115.6 cm \/ 45.5\u201d<br \/>\nWidth: 23.5 cm \/ 9.25\u201d<br \/>\nWheelbase: 69.9 cm \u2013 74.9 cm \/ 27.5\u201d \u2013 29.5\u201d.<br \/>\nConstruction: Maple<\/p>\n<p>Setup:<br \/>\nTrucks: Bear Grizzly Gen6 180mm, 50\u00b0<br \/>\nWheels: \u00a0Fattie Flat Banana Hawgs 63mm 78a (stoneground)<br \/>\nBear Grizzly Build-In Bearings<\/p>\n<p><img loading=\"lazy\" decoding=\"async\" class=\"aligncenter size-large wp-image-10119\" src=\"https:\/\/www.studiolongboard.com\/wp-content\/uploads\/2020\/04\/landyachtz-dancing-longboard-freestyle-skateboard-_AD_1749-1024x683.jpg\" alt=\"\" width=\"640\" height=\"427\" srcset=\"https:\/\/www.studiolongboard.com\/wp-content\/uploads\/2020\/04\/landyachtz-dancing-longboard-freestyle-skateboard-_AD_1749-1024x683.jpg 1024w, https:\/\/www.studiolongboard.com\/wp-content\/uploads\/2020\/04\/landyachtz-dancing-longboard-freestyle-skateboard-_AD_1749-510x340.jpg 510w, https:\/\/www.studiolongboard.com\/wp-content\/uploads\/2020\/04\/landyachtz-dancing-longboard-freestyle-skateboard-_AD_1749-300x200.jpg 300w, https:\/\/www.studiolongboard.com\/wp-content\/uploads\/2020\/04\/landyachtz-dancing-longboard-freestyle-skateboard-_AD_1749-708x472.jpg 708w, https:\/\/www.studiolongboard.com\/wp-content\/uploads\/2020\/04\/landyachtz-dancing-longboard-freestyle-skateboard-_AD_1749.jpg 1200w\" sizes=\"auto, (max-width: 640px) 100vw, 640px\" \/><\/p>","protected":false},"excerpt":{"rendered":"<p>LANDYACHTZ Stratus Watercolor 46&#8243; complete LANDYACHTZ Stratus Watercolor 46&#8243;hat\u00a0einen Longboard-Shape, der speziell f\u00fcr Freestyle- und Longboard-Dancing entwickelt wurde. Mit einer L\u00e4nge von 45,5 Zoll und einer Breite von 9,25 Zoll und einem Griptape nur dort, wo Du es ben\u00f6tigen, bietet dieses Board viel Platz f\u00fcr alle Deine Cross-Steping-Anforderungen. Das Stratus- Watercolor verwendet eine 8-lagige kanadische [&#8230;]\n","protected":false},"featured_media":10114,"comment_status":"open","ping_status":"closed","template":"","meta":{"jetpack_post_was_ever_published":false,"jetpack_publicize_message":"","jetpack_publicize_feature_enabled":true,"jetpack_social_post_already_shared":true,"jetpack_social_options":{"image_generator_settings":{"template":"highway","default_image_id":0,"font":"","enabled":false},"version":2}},"product_brand":[9227],"product_cat":[8627,310],"product_tag":[5890,373,757,1396,5888,5889],"class_list":{"0":"post-10113","1":"product","2":"type-product","3":"status-publish","4":"has-post-thumbnail","6":"product_brand-landyachtz","7":"product_cat-dance-und-freestyle","8":"product_cat-komplett-longboards","9":"product_tag-einstiegsboard","10":"product_tag-dancer","11":"product_tag-longboard-dancing","12":"product_tag-dancing","13":"product_tag-beginner","14":"product_tag-anfaenger","15":"product_shipping_class-paket","17":"first","18":"outofstock","19":"taxable","20":"shipping-taxable","21":"purchasable","22":"product-type-simple"},"composite_virtual":false,"composite_layout":"","composite_add_to_cart_form_location":"","composite_editable_in_cart":false,"composite_sold_individually_context":"","composite_shop_price_calc":"","composite_components":[],"composite_scenarios":[],"booking_location":null,"booking_location_type":null,"booking_duration":null,"booking_duration_unit":null,"booking_buffer":null,"booking_cost":null,"booking_resources":null,"jetpack_publicize_connections":[],"jetpack_sharing_enabled":true,"_links":{"self":[{"href":"https:\/\/www.studiolongboard.com\/es\/wp-json\/wp\/v2\/product\/10113","targetHints":{"allow":["GET"]}}],"collection":[{"href":"https:\/\/www.studiolongboard.com\/es\/wp-json\/wp\/v2\/product"}],"about":[{"href":"https:\/\/www.studiolongboard.com\/es\/wp-json\/wp\/v2\/types\/product"}],"replies":[{"embeddable":true,"href":"https:\/\/www.studiolongboard.com\/es\/wp-json\/wp\/v2\/comments?post=10113"}],"wp:featuredmedia":[{"embeddable":true,"href":"https:\/\/www.studiolongboard.com\/es\/wp-json\/wp\/v2\/media\/10114"}],"wp:attachment":[{"href":"https:\/\/www.studiolongboard.com\/es\/wp-json\/wp\/v2\/media?parent=10113"}],"wp:term":[{"taxonomy":"product_brand","embeddable":true,"href":"https:\/\/www.studiolongboard.com\/es\/wp-json\/wp\/v2\/product_brand?post=10113"},{"taxonomy":"product_cat","embeddable":true,"href":"https:\/\/www.studiolongboard.com\/es\/wp-json\/wp\/v2\/product_cat?post=10113"},{"taxonomy":"product_tag","embeddable":true,"href":"https:\/\/www.studiolongboard.com\/es\/wp-json\/wp\/v2\/product_tag?post=10113"}],"curies":[{"name":"wp","href":"https:\/\/api.w.org\/{rel}","templated":true}]}}