{"id":10072,"date":"2020-04-25T12:28:33","date_gmt":"2020-04-25T10:28:33","guid":{"rendered":"https:\/\/www.studiolongboard.com\/?post_type=product&#038;p=10072"},"modified":"2026-03-24T21:50:31","modified_gmt":"2026-03-24T20:50:31","slug":"einzel-skateworkshop-2","status":"publish","type":"product","link":"https:\/\/www.studiolongboard.com\/es\/shop\/skateworkshops\/einzel-skateworkshop-2\/","title":{"rendered":"Taller individual de patinaje"},"content":{"rendered":"<h2>Taller individual de patinaje<\/h2>\n<p>Der Einzel-Skateworkshop ist geeignet f\u00fcr Kinder ab 6 Jahren und Erwachsene bis 60 Jahren und richtet sich an Teilnehmende, die gerne die volle Aufmerksamkeit des Trainers w\u00fcnschen, dabei k\u00f6nnen bis zu 4 Personen an einem Kurs teilnehmen.<strong> Ab 2 Personen verringert sich der Preis um 20%.<\/strong> Perfekt f\u00fcr Familien und Freunde, die gemeinsam das Skaten erlernen m\u00f6chten.<\/p>\n<p><strong>Ort des Workshops: Studio Longboard, Leverkusenstr. 13 Haus F, 22761 Hamburg, oder nach vorheriger Absprache. Wir bieten auch Kurse in Hamburger Skateparks und Umgebung an.<br \/>\n<\/strong><\/p>\n<p>Der Einzelkurs l\u00e4uft 1,5 Stunden und ist an Anf\u00e4nger und Fortgeschrittene im Bereich Skateboarding, Longboarding , Surf-Skateboarding, Longboard Dancing und Downhill gerichtet. Bitte w\u00e4hle deine Ausrichtung bei der Buchung.<\/p>\n<p>Schnelle Erfolge und ein sicheres Gef\u00fchl auf dem Board ist die Voraussetzung f\u00fcr Spa\u00df beim Fahren und genau das wollen wir in erster Linie gemeinsam erreichen.\u00a0Mit Fortgeschrittenen arbeiten wir an der Kondition \u00fcben gemeinsam neue Tricks und verfestigen das Erlernte.<\/p>\n<p>Bitte gib im Kommentarfeld bei deiner Buchung an welche Skate-Kategorie du erlernen bzw verbessern m\u00f6chtest:<\/p>\n<ul>\n<li>Skateboarding \/ Basics oder erste Tricks<\/li>\n<li>Longboarding \/ Basics oder Dance &amp; Freestyle oder Sliden\/Downhill<\/li>\n<li>Surfskating \/ Basics oder erste Tricks<\/li>\n<\/ul>\n<p>Skateboard, Longboard oder Surfskate und die dazugeh\u00f6rende Schutzausr\u00fcstung k\u00f6nnen wir zur Verf\u00fcgung stellen. Sollte eigenes Equipment vorhanden sein, bitten wir dieses mitzubringen.<\/p>\n<p>Wir freuen uns \u00fcber Deine Anmeldung.<\/p>\n<p><strong>Die Buchung kann storniert oder verschoben werden bis 5 Tage vor dem Termin!<\/strong><\/p>\n<p>Wir bitten die Teilnehmer*innen unsere <a href=\"https:\/\/www.studiolongboard.com\/wp-content\/uploads\/2022\/09\/Haftungsausschlusserklaerung-Skateworkshop-2022.pdf\">Haftungsausschlusserkl\u00e4rung<\/a> vor der Buchung des Workshops gr\u00fcndlich durchzulesen und unterschrieben mitzubringen.<\/p>\n<p><span class=\"embed-youtube\" style=\"text-align:center; display: block;\"><iframe loading=\"lazy\" class=\"youtube-player\" width=\"1020\" height=\"574\" src=\"https:\/\/www.youtube.com\/embed\/3eHH05e1xrg?version=3&#038;rel=1&#038;showsearch=0&#038;showinfo=1&#038;iv_load_policy=1&#038;fs=1&#038;hl=es-ES&#038;autohide=2&#038;wmode=transparent\" allowfullscreen=\"true\" style=\"border:0;\" sandbox=\"allow-scripts allow-same-origin allow-popups allow-presentation allow-popups-to-escape-sandbox\"><\/iframe><\/span><\/p>","protected":false},"excerpt":{"rendered":"<p><strong>Ab 2 Personen verringert sich der Preis um 20%.<\/strong><\/p>\n<p><strong>Die Buchung kann nur storniert oder verschoben werden bis 5 Tage vor dem Termin!<\/strong><\/p>\n<p>Bitte Datum ausw\u00e4hlen und <strong>auf die Uhrzeit klicken<\/strong> um den Termin buchen zu k\u00f6nnen.<\/p>","protected":false},"featured_media":25885,"comment_status":"open","ping_status":"closed","template":"","meta":{"jetpack_post_was_ever_published":false,"jetpack_publicize_message":"Einzel-Skateworkshop","jetpack_publicize_feature_enabled":true,"jetpack_social_post_already_shared":true,"jetpack_social_options":{"image_generator_settings":{"template":"highway","default_image_id":0,"font":"","enabled":false},"version":2}},"product_brand":[],"product_cat":[4860],"product_tag":[343,7523,2191,7524,3827,7525,4400,7526,594,4401,4402,757,1395,328,6705],"class_list":{"0":"post-10072","1":"product","2":"type-product","3":"status-publish","4":"has-post-thumbnail","6":"product_cat-skateworkshops","7":"product_tag-downhill","8":"product_tag-einzelkurs","9":"product_tag-skateboarding","10":"product_tag-einzelworkshop","11":"product_tag-kurs","12":"product_tag-privatkurs","13":"product_tag-saktekurs","14":"product_tag-einzeltraining","15":"product_tag-training","16":"product_tag-skateworkshop","17":"product_tag-skateboardkurs","18":"product_tag-longboard-dancing","19":"product_tag-workshop","20":"product_tag-freeride","21":"product_tag-skate-trainer","23":"first","24":"instock","25":"virtual","26":"sold-individually","27":"taxable","28":"purchasable","29":"product-type-booking"},"composite_virtual":false,"composite_layout":"","composite_add_to_cart_form_location":"","composite_editable_in_cart":false,"composite_sold_individually_context":"","composite_shop_price_calc":"","composite_components":[],"composite_scenarios":[],"booking_location":"","booking_location_type":"","booking_duration":90,"booking_duration_unit":"minute","booking_buffer":240,"booking_cost":59.89999999999999857891452847979962825775146484375,"booking_resources":[],"jetpack_publicize_connections":[],"jetpack_sharing_enabled":true,"_links":{"self":[{"href":"https:\/\/www.studiolongboard.com\/es\/wp-json\/wp\/v2\/product\/10072","targetHints":{"allow":["GET"]}}],"collection":[{"href":"https:\/\/www.studiolongboard.com\/es\/wp-json\/wp\/v2\/product"}],"about":[{"href":"https:\/\/www.studiolongboard.com\/es\/wp-json\/wp\/v2\/types\/product"}],"replies":[{"embeddable":true,"href":"https:\/\/www.studiolongboard.com\/es\/wp-json\/wp\/v2\/comments?post=10072"}],"wp:featuredmedia":[{"embeddable":true,"href":"https:\/\/www.studiolongboard.com\/es\/wp-json\/wp\/v2\/media\/25885"}],"wp:attachment":[{"href":"https:\/\/www.studiolongboard.com\/es\/wp-json\/wp\/v2\/media?parent=10072"}],"wp:term":[{"taxonomy":"product_brand","embeddable":true,"href":"https:\/\/www.studiolongboard.com\/es\/wp-json\/wp\/v2\/product_brand?post=10072"},{"taxonomy":"product_cat","embeddable":true,"href":"https:\/\/www.studiolongboard.com\/es\/wp-json\/wp\/v2\/product_cat?post=10072"},{"taxonomy":"product_tag","embeddable":true,"href":"https:\/\/www.studiolongboard.com\/es\/wp-json\/wp\/v2\/product_tag?post=10072"}],"curies":[{"name":"wp","href":"https:\/\/api.w.org\/{rel}","templated":true}]}}