{"id":63,"date":"2014-08-29T13:55:20","date_gmt":"2014-08-29T11:55:20","guid":{"rendered":"https:\/\/www.studiolongboard.com\/?page_id=63"},"modified":"2025-12-18T19:15:41","modified_gmt":"2025-12-18T18:15:41","slug":"oeffnungszeiten","status":"publish","type":"page","link":"https:\/\/www.studiolongboard.com\/es\/kontakt\/oeffnungszeiten\/","title":{"rendered":"Horario y c\u00f3mo llegar"},"content":{"rendered":"<div class=\"slider-wrapper relative\" id=\"slider-1534366895\" >\n    <div class=\"slider slider-nav-circle slider-nav-large slider-nav-light slider-style-normal\"\n        data-flickity-options='{            \"cellAlign\": \"center\",            \"imagesLoaded\": true,            \"lazyLoad\": 1,            \"freeScroll\": false,            \"wrapAround\": true,            \"autoPlay\": 6000,            \"pauseAutoPlayOnHover\" : true,            \"prevNextButtons\": true,            \"contain\" : true,            \"adaptiveHeight\" : true,            \"dragThreshold\" : 10,            \"percentPosition\": true,            \"pageDots\": true,            \"rightToLeft\": false,            \"draggable\": true,            \"selectedAttraction\": 0.1,            \"parallax\" : 0,            \"friction\": 0.6        }'\n        >\n        \r\n\r\n\n  <div class=\"banner has-hover\" id=\"banner-938921275\">\n          <div class=\"banner-inner fill\">\n        <div class=\"banner-bg fill\" >\n            <img loading=\"lazy\" decoding=\"async\" width=\"1000\" height=\"667\" src=\"https:\/\/www.studiolongboard.com\/wp-content\/uploads\/2025\/04\/Studio-Longboad-Pfeil-alt.jpg\" class=\"bg attachment-2048x2048 size-2048x2048\" alt=\"\" \/>                        <div class=\"overlay\"><\/div>            \n                    <\/div>\n\t\t\n        <div class=\"banner-layers container\">\n            <div class=\"fill banner-link\"><\/div>            \r\n\r\n   <div id=\"text-box-1557773020\" class=\"text-box banner-layer x50 md-x50 lg-x50 y50 md-y50 lg-y50 res-text\">\n                                <div class=\"text-box-content text dark\">\n              \n              <div class=\"text-inner text-center\">\n                  \r\n\r\n<h3 class=\"uppercase\"><strong>Estudio longboard<\/strong><\/h3>\r\n<p class=\"uppercase\"><strong>Tonstudio und Skateshop in Hamburg Altona<\/strong><\/p>\r\n\r\n              <\/div>\n           <\/div>\n                            \n<style>\n#text-box-1557773020 {\n  width: 60%;\n}\n#text-box-1557773020 .text-box-content {\n  font-size: 100%;\n}\n<\/style>\n    <\/div>\n \r\n\r\n        <\/div>\n      <\/div>\n\n            \n<style>\n#banner-938921275 {\n  padding-top: 450px;\n}\n#banner-938921275 .overlay {\n  background-color: rgba(0,0,0,.5);\n}\n#banner-938921275 .banner-bg img {\n  object-position: 80% 43%;\n}\n<\/style>\n  <\/div>\n\n\r\n\n  <div class=\"banner has-hover\" id=\"banner-2019149273\">\n          <div class=\"banner-inner fill\">\n        <div class=\"banner-bg fill\" >\n            <img loading=\"lazy\" decoding=\"async\" width=\"1000\" height=\"667\" src=\"https:\/\/www.studiolongboard.com\/wp-content\/uploads\/2025\/04\/Studiolongboard-_7-Regie.jpg\" class=\"bg attachment-2048x2048 size-2048x2048\" alt=\"\" \/>                        <div class=\"overlay\"><\/div>            \n                    <\/div>\n\t\t\n        <div class=\"banner-layers container\">\n            <div class=\"fill banner-link\"><\/div>            \r\n\r\n   <div id=\"text-box-768119343\" class=\"text-box banner-layer x50 md-x50 lg-x50 y50 md-y50 lg-y50 res-text\">\n                                <div class=\"text-box-content text dark\">\n              \n              <div class=\"text-inner text-center\">\n                  \r\n\r\n<h3 class=\"uppercase\"><strong>Estudio longboard<\/strong><\/h3>\r\n<p class=\"uppercase\"><strong>Tonstudio und Skateshop in Hamburg Altona<\/strong><\/p>\r\n\r\n              <\/div>\n           <\/div>\n                            \n<style>\n#text-box-768119343 {\n  width: 60%;\n}\n#text-box-768119343 .text-box-content {\n  font-size: 100%;\n}\n<\/style>\n    <\/div>\n \r\n\r\n        <\/div>\n      <\/div>\n\n            \n<style>\n#banner-2019149273 {\n  padding-top: 450px;\n}\n#banner-2019149273 .overlay {\n  background-color: rgba(0,0,0,.5);\n}\n#banner-2019149273 .banner-bg img {\n  object-position: 80% 43%;\n}\n<\/style>\n  <\/div>\n\n\r\n\n  <div class=\"banner has-hover\" id=\"banner-277245990\">\n          <div class=\"banner-inner fill\">\n        <div class=\"banner-bg fill\" >\n            <img loading=\"lazy\" decoding=\"async\" width=\"1020\" height=\"359\" src=\"https:\/\/www.studiolongboard.com\/wp-content\/uploads\/2025\/04\/Studio-Longboard-Bild-fuer-Flyer-2019logo-1400x493.jpg\" class=\"bg attachment-large size-large\" alt=\"\" \/>                        <div class=\"overlay\"><\/div>            \n                    <\/div>\n\t\t\n        <div class=\"banner-layers container\">\n            <div class=\"fill banner-link\"><\/div>            \r\n\r\n   <div id=\"text-box-815202911\" class=\"text-box banner-layer x50 md-x50 lg-x50 y50 md-y50 lg-y50 res-text\">\n                                <div class=\"text-box-content text dark\">\n              \n              <div class=\"text-inner text-center\">\n                  \r\n\r\n\r\n              <\/div>\n           <\/div>\n                            \n<style>\n#text-box-815202911 {\n  width: 60%;\n}\n#text-box-815202911 .text-box-content {\n  font-size: 100%;\n}\n@media (min-width:550px) {\n  #text-box-815202911 {\n    width: 60%;\n  }\n}\n<\/style>\n    <\/div>\n \r\n\r\n        <\/div>\n      <\/div>\n\n            \n<style>\n#banner-277245990 {\n  padding-top: 450px;\n}\n#banner-277245990 .overlay {\n  background-color: rgba(0, 0, 0, 0.262);\n}\n<\/style>\n  <\/div>\n\n\r\n\n  <div class=\"banner has-hover\" id=\"banner-1451053080\">\n          <div class=\"banner-inner fill\">\n        <div class=\"banner-bg fill\" >\n            <img loading=\"lazy\" decoding=\"async\" width=\"900\" height=\"600\" src=\"https:\/\/www.studiolongboard.com\/wp-content\/uploads\/2025\/04\/ldf-banner-skateeworkshop.jpg\" class=\"bg attachment-2048x2048 size-2048x2048\" alt=\"\" \/>                        <div class=\"overlay\"><\/div>            \n                    <\/div>\n\t\t\n        <div class=\"banner-layers container\">\n            <div class=\"fill banner-link\"><\/div>            \r\n\r\n   <div id=\"text-box-996162852\" class=\"text-box banner-layer x50 md-x50 lg-x50 y50 md-y50 lg-y50 res-text\">\n                                <div class=\"text-box-content text dark\">\n              \n              <div class=\"text-inner text-center\">\n                  \r\n\r\n<h3 class=\"uppercase\"><strong>Estudio longboard<\/strong><\/h3>\r\n<p class=\"uppercase\"><strong>Tonstudio und Skateshop in Hamburg Altona<\/strong><\/p>\r\n\r\n              <\/div>\n           <\/div>\n                            \n<style>\n#text-box-996162852 {\n  width: 60%;\n}\n#text-box-996162852 .text-box-content {\n  font-size: 100%;\n}\n<\/style>\n    <\/div>\n \r\n\r\n        <\/div>\n      <\/div>\n\n            \n<style>\n#banner-1451053080 {\n  padding-top: 450px;\n}\n#banner-1451053080 .overlay {\n  background-color: rgba(0,0,0,.5);\n}\n#banner-1451053080 .banner-bg img {\n  object-position: 77% 88%;\n}\n<\/style>\n  <\/div>\n\n\r\n\r\n     <\/div>\n\n     <div class=\"loading-spin dark large centered\"><\/div>\n\n\t<\/div>\n\n\n\n\t<div id=\"gap-647860216\" class=\"gap-element clearfix\" style=\"display:block; height:auto;\">\n\t\t\n<style>\n#gap-647860216 {\n  padding-top: 38px;\n}\n<\/style>\n\t<\/div>\n\t\n\n\n\n<p><strong>Abweichende \u00d6ffnungszeiten:<\/strong><\/p>\n\n\n\n<p>vom 23.12. bis 29.12.2025 geschlossen<\/p>\n\n\n\n<p><strong>Die Nutzung des <a href=\"https:\/\/www.studiolongboard.com\/es\/estudio-de-grabacion\/\">Tonstudios<\/a> erfolgt unabh\u00e4ngig der Skateshop-\u00d6ffnungszeiten!<\/strong><\/p>\n\n\n\n<p>Solltest du den Skateshop nicht zu den angegebenen \u00d6ffnungszeiten besuchen k\u00f6nnen, kannst du gerne mit uns einen separaten Beratungstermin vereinbaren. Schreib uns dann einfach \u00fcber unser <a href=\"https:\/\/www.studiolongboard.com\/es\/kontakt\/kontaktformular\/\">Formulario de contacto<\/a>.<\/p>\n\n\n\n<p>&#8212;&#8211;<\/p>\n\n\n\n<p><strong>Horario de apertura de Skateshop:<\/strong><\/p>\n\n\n\n<div class=\"wp-block-columns is-layout-flex wp-container-core-columns-is-layout-9d6595d7 wp-block-columns-is-layout-flex\">\n<div class=\"wp-block-column is-layout-flow wp-block-column-is-layout-flow\" style=\"flex-basis:66.66%\"><dl class=\"jetpack-business-hours wp-block-jetpack-business-hours\"><div class=\"jetpack-business-hours__item\"><dt class=\"Mon\">Lunes<\/dt><dd class=\"Mon\">Cerrado<\/dd><\/div><div class=\"jetpack-business-hours__item\"><dt class=\"Tue\">Martes<\/dt><dd class=\"Tue\">17:30 &#8211; 19:30<\/dd><\/div><div class=\"jetpack-business-hours__item\"><dt class=\"Wed\">Mi\u00e9rcoles<\/dt><dd class=\"Wed\">Cerrado<\/dd><\/div><div class=\"jetpack-business-hours__item\"><dt class=\"Thu\">Jueves<\/dt><dd class=\"Thu\">17:30 &#8211; 19:30<\/dd><\/div><div class=\"jetpack-business-hours__item\"><dt class=\"Fri\">Viernes<\/dt><dd class=\"Fri\">Cerrado<\/dd><\/div><div class=\"jetpack-business-hours__item\"><dt class=\"Sat\">S\u00e1bado<\/dt><dd class=\"Sat\">12:00 &#8211; 16:00<\/dd><\/div><div class=\"jetpack-business-hours__item\"><dt class=\"Sun\">Domingo<\/dt><dd class=\"Sun\">Cerrado<\/dd><\/div><\/dl>\n\n\n<div>\n<h3><strong style=\"color: inherit; font-size: 13px;\">Die Nutzung des <a href=\"https:\/\/www.studiolongboard.com\/es\/estudio-de-grabacion\/\">Tonstudios<\/a> erfolgt unabh\u00e4ngig der Shop-\u00d6ffnungszeiten!<\/strong><\/h3>\n<\/div>\n<div>\n<h3><strong>Anfahrt<\/strong><\/h3>\n<p>Wenn Du nicht gerade mit einem Board oder Rad zu uns kommst, dann erreichst Du uns auch leicht mit den \u00f6ffentlichen Verkehrsmitteln:<\/p>\n<p>Die S-Bahn Haltestelle &#8222;Diebsteich&#8220; und die Haltestelle &#8222;Sch\u00fctzenstra\u00dfe Mitte&#8220; der Buslinie M3\/X3 liegen nur ein paar Minuten Fu\u00dfweg entfernt.\u00a0<\/p>\n<p>Unsere Adresse ist:<\/p>\n<p><strong>Studio Longboard, Leverkusenstra\u00dfe 13 Haus F<\/strong><br \/><strong>22761 Hamburgo<\/strong><\/p>\n<p>Unser Studio\/Shop liegt etwas versteckt am Ende des Gewerbeinnenhofs. Achtet auf die Gewerbetafeln und fragt euch gerne durch bei unseren netten Nachbarn \ud83d\ude42<\/p>\n<\/div>\n<\/div>\n\n\n\n<div class=\"wp-block-column is-layout-flow wp-block-column-is-layout-flow\" style=\"flex-basis:33.33%\">\n<div class=\"wp-block-jetpack-tiled-gallery aligncenter is-style-rectangular\"><div class=\"\"><div class=\"tiled-gallery__gallery\"><div class=\"tiled-gallery__row\"><div class=\"tiled-gallery__col\" style=\"flex-basis:54.20398%\"><figure class=\"tiled-gallery__item\"><img decoding=\"async\" srcset=\"https:\/\/i0.wp.com\/www.studiolongboard.com\/wp-content\/uploads\/2019\/12\/Studio-Longboard-Pfeil4-e1580512024978.jpg?strip=info&#038;w=600&#038;ssl=1 600w\" alt=\"\" data-height=\"337\" data-id=\"8668\" data-link=\"https:\/\/www.studiolongboard.com\/kontakt\/oeffnungszeiten\/studio-longboard-pfeil4\/\" data-url=\"https:\/\/www.studiolongboard.com\/wp-content\/uploads\/2019\/12\/Studio-Longboard-Pfeil4-e1580512024978.jpg\" data-width=\"600\" src=\"https:\/\/i0.wp.com\/www.studiolongboard.com\/wp-content\/uploads\/2019\/12\/Studio-Longboard-Pfeil4-e1580512024978.jpg?ssl=1\" data-amp-layout=\"responsive\"\/><\/figure><\/div><div class=\"tiled-gallery__col\" style=\"flex-basis:45.79602%\"><figure class=\"tiled-gallery__item\"><img decoding=\"async\" srcset=\"https:\/\/i0.wp.com\/www.studiolongboard.com\/wp-content\/uploads\/2022\/08\/Studiolongboard-_1-Regie.jpg?strip=info&#038;w=600&#038;ssl=1 600w,https:\/\/i0.wp.com\/www.studiolongboard.com\/wp-content\/uploads\/2022\/08\/Studiolongboard-_1-Regie.jpg?strip=info&#038;w=800&#038;ssl=1 800w\" alt=\"\" data-height=\"533\" data-id=\"20240\" data-link=\"https:\/\/www.studiolongboard.com\/tonstudio\/studiolongboard-_1-regie\/\" data-url=\"https:\/\/www.studiolongboard.com\/wp-content\/uploads\/2022\/08\/Studiolongboard-_1-Regie.jpg\" data-width=\"800\" src=\"https:\/\/i0.wp.com\/www.studiolongboard.com\/wp-content\/uploads\/2022\/08\/Studiolongboard-_1-Regie.jpg?ssl=1\" data-amp-layout=\"responsive\"\/><\/figure><\/div><\/div><div class=\"tiled-gallery__row\"><div class=\"tiled-gallery__col\" style=\"flex-basis:39.36649%\"><figure class=\"tiled-gallery__item\"><img decoding=\"async\" srcset=\"https:\/\/i0.wp.com\/www.studiolongboard.com\/wp-content\/uploads\/2022\/07\/Nummer-17__2017-09-04_19-43-06_D71_8643-e1657014997672.jpg?strip=info&#038;w=600&#038;ssl=1 600w\" alt=\"\" data-height=\"306\" data-id=\"20021\" data-link=\"https:\/\/www.studiolongboard.com\/nummer-17__2017-09-04_19-43-06_d71_8643\/\" data-url=\"https:\/\/www.studiolongboard.com\/wp-content\/uploads\/2022\/07\/Nummer-17__2017-09-04_19-43-06_D71_8643-e1657014997672.jpg\" data-width=\"600\" src=\"https:\/\/i0.wp.com\/www.studiolongboard.com\/wp-content\/uploads\/2022\/07\/Nummer-17__2017-09-04_19-43-06_D71_8643-e1657014997672.jpg?ssl=1\" data-amp-layout=\"responsive\"\/><\/figure><figure class=\"tiled-gallery__item\"><img decoding=\"async\" srcset=\"https:\/\/i0.wp.com\/www.studiolongboard.com\/wp-content\/uploads\/2020\/11\/SL-men-t-shirt-white-1.jpg?strip=info&#038;w=600&#038;ssl=1 600w,https:\/\/i0.wp.com\/www.studiolongboard.com\/wp-content\/uploads\/2020\/11\/SL-men-t-shirt-white-1.jpg?strip=info&#038;w=900&#038;ssl=1 900w,https:\/\/i0.wp.com\/www.studiolongboard.com\/wp-content\/uploads\/2020\/11\/SL-men-t-shirt-white-1.jpg?strip=info&#038;w=1000&#038;ssl=1 1000w\" alt=\"\" data-height=\"1000\" data-id=\"13497\" data-link=\"https:\/\/www.studiolongboard.com\/?attachment_id=13497\" data-url=\"https:\/\/www.studiolongboard.com\/wp-content\/uploads\/2020\/11\/SL-men-t-shirt-white-1.jpg\" data-width=\"1000\" src=\"https:\/\/i0.wp.com\/www.studiolongboard.com\/wp-content\/uploads\/2020\/11\/SL-men-t-shirt-white-1.jpg?ssl=1\" data-amp-layout=\"responsive\"\/><\/figure><figure class=\"tiled-gallery__item\"><img decoding=\"async\" srcset=\"https:\/\/i0.wp.com\/www.studiolongboard.com\/wp-content\/uploads\/2022\/03\/fe1c010d-6400-4995-9a80-421e38723136-1024x767.jpg?strip=info&#038;w=600&#038;ssl=1 600w,https:\/\/i0.wp.com\/www.studiolongboard.com\/wp-content\/uploads\/2022\/03\/fe1c010d-6400-4995-9a80-421e38723136-1024x767.jpg?strip=info&#038;w=900&#038;ssl=1 900w,https:\/\/i0.wp.com\/www.studiolongboard.com\/wp-content\/uploads\/2022\/03\/fe1c010d-6400-4995-9a80-421e38723136-1024x767.jpg?strip=info&#038;w=1200&#038;ssl=1 1200w,https:\/\/i0.wp.com\/www.studiolongboard.com\/wp-content\/uploads\/2022\/03\/fe1c010d-6400-4995-9a80-421e38723136-1024x767.jpg?strip=info&#038;w=1500&#038;ssl=1 1500w,https:\/\/i0.wp.com\/www.studiolongboard.com\/wp-content\/uploads\/2022\/03\/fe1c010d-6400-4995-9a80-421e38723136-1024x767.jpg?strip=info&#038;w=1600&#038;ssl=1 1600w\" alt=\"\" data-height=\"1199\" data-id=\"19059\" data-link=\"https:\/\/www.studiolongboard.com\/raymont-dymke-stellt-sich-vor\/fe1c010d-6400-4995-9a80-421e38723136\/\" data-url=\"https:\/\/www.studiolongboard.com\/wp-content\/uploads\/2022\/03\/fe1c010d-6400-4995-9a80-421e38723136-1024x767.jpg\" data-width=\"1600\" src=\"https:\/\/i0.wp.com\/www.studiolongboard.com\/wp-content\/uploads\/2022\/03\/fe1c010d-6400-4995-9a80-421e38723136-1024x767.jpg?ssl=1\" data-amp-layout=\"responsive\"\/><\/figure><\/div><div class=\"tiled-gallery__col\" style=\"flex-basis:60.63351%\"><figure class=\"tiled-gallery__item\"><img decoding=\"async\" srcset=\"https:\/\/i0.wp.com\/www.studiolongboard.com\/wp-content\/uploads\/2020\/10\/Studio-Longboard-Hoody-blau-DSC_0251.jpg?strip=info&#038;w=600&#038;ssl=1 600w\" alt=\"\" data-height=\"903\" data-id=\"13277\" data-link=\"https:\/\/www.studiolongboard.com\/?attachment_id=13277\" data-url=\"https:\/\/www.studiolongboard.com\/wp-content\/uploads\/2020\/10\/Studio-Longboard-Hoody-blau-DSC_0251.jpg\" data-width=\"600\" src=\"https:\/\/i0.wp.com\/www.studiolongboard.com\/wp-content\/uploads\/2020\/10\/Studio-Longboard-Hoody-blau-DSC_0251.jpg?ssl=1\" data-amp-layout=\"responsive\"\/><\/figure><\/div><\/div><div class=\"tiled-gallery__row\"><div class=\"tiled-gallery__col\" style=\"flex-basis:69.24138%\"><figure class=\"tiled-gallery__item\"><img decoding=\"async\" srcset=\"https:\/\/i0.wp.com\/www.studiolongboard.com\/wp-content\/uploads\/2022\/03\/IMG_9411-1024x768.jpg?strip=info&#038;w=600&#038;ssl=1 600w,https:\/\/i0.wp.com\/www.studiolongboard.com\/wp-content\/uploads\/2022\/03\/IMG_9411-1024x768.jpg?strip=info&#038;w=900&#038;ssl=1 900w,https:\/\/i0.wp.com\/www.studiolongboard.com\/wp-content\/uploads\/2022\/03\/IMG_9411-1024x768.jpg?strip=info&#038;w=1200&#038;ssl=1 1200w,https:\/\/i0.wp.com\/www.studiolongboard.com\/wp-content\/uploads\/2022\/03\/IMG_9411-1024x768.jpg?strip=info&#038;w=1500&#038;ssl=1 1500w,https:\/\/i0.wp.com\/www.studiolongboard.com\/wp-content\/uploads\/2022\/03\/IMG_9411-1024x768.jpg?strip=info&#038;w=1800&#038;ssl=1 1800w,https:\/\/i0.wp.com\/www.studiolongboard.com\/wp-content\/uploads\/2022\/03\/IMG_9411-1024x768.jpg?strip=info&#038;w=2000&#038;ssl=1 2000w\" alt=\"\" data-height=\"1920\" data-id=\"18870\" data-link=\"https:\/\/www.studiolongboard.com\/episode-15-longboard-communities-part-1\/img_9411\/\" data-url=\"https:\/\/www.studiolongboard.com\/wp-content\/uploads\/2022\/03\/IMG_9411-1024x768.jpg\" data-width=\"2560\" src=\"https:\/\/i0.wp.com\/www.studiolongboard.com\/wp-content\/uploads\/2022\/03\/IMG_9411-1024x768.jpg?ssl=1\" data-amp-layout=\"responsive\"\/><\/figure><\/div><div class=\"tiled-gallery__col\" style=\"flex-basis:30.75862%\"><figure class=\"tiled-gallery__item\"><img decoding=\"async\" srcset=\"https:\/\/i0.wp.com\/www.studiolongboard.com\/wp-content\/uploads\/2020\/08\/Studiolongboard-_15.jpg?strip=info&#038;w=600&#038;ssl=1 600w,https:\/\/i0.wp.com\/www.studiolongboard.com\/wp-content\/uploads\/2020\/08\/Studiolongboard-_15.jpg?strip=info&#038;w=800&#038;ssl=1 800w\" alt=\"\" data-height=\"533\" data-id=\"12410\" data-link=\"https:\/\/www.studiolongboard.com\/?attachment_id=12410\" data-url=\"https:\/\/www.studiolongboard.com\/wp-content\/uploads\/2020\/08\/Studiolongboard-_15.jpg\" data-width=\"800\" src=\"https:\/\/i0.wp.com\/www.studiolongboard.com\/wp-content\/uploads\/2020\/08\/Studiolongboard-_15.jpg?ssl=1\" data-amp-layout=\"responsive\"\/><\/figure><figure class=\"tiled-gallery__item\"><img decoding=\"async\" srcset=\"https:\/\/i0.wp.com\/www.studiolongboard.com\/wp-content\/uploads\/2020\/06\/SL-Recording_web-P1070245.jpg?strip=info&#038;w=600&#038;ssl=1 600w\" alt=\"\" data-height=\"600\" data-id=\"10924\" data-link=\"https:\/\/www.studiolongboard.com\/die-audio-trickkiste-teil-4-der-lautsprecher\/sl-recording_web-p1070245\/\" data-url=\"https:\/\/www.studiolongboard.com\/wp-content\/uploads\/2020\/06\/SL-Recording_web-P1070245.jpg\" data-width=\"600\" src=\"https:\/\/i0.wp.com\/www.studiolongboard.com\/wp-content\/uploads\/2020\/06\/SL-Recording_web-P1070245.jpg?ssl=1\" data-amp-layout=\"responsive\"\/><\/figure><\/div><\/div><div class=\"tiled-gallery__row\"><div class=\"tiled-gallery__col\" style=\"flex-basis:51.56479%\"><figure class=\"tiled-gallery__item\"><img decoding=\"async\" srcset=\"https:\/\/i0.wp.com\/www.studiolongboard.com\/wp-content\/uploads\/2015\/02\/Studio-Longboard-Skateshop-01-1024x640.jpg?strip=info&#038;w=600&#038;ssl=1 600w,https:\/\/i0.wp.com\/www.studiolongboard.com\/wp-content\/uploads\/2015\/02\/Studio-Longboard-Skateshop-01-1024x640.jpg?strip=info&#038;w=900&#038;ssl=1 900w,https:\/\/i0.wp.com\/www.studiolongboard.com\/wp-content\/uploads\/2015\/02\/Studio-Longboard-Skateshop-01-1024x640.jpg?strip=info&#038;w=1200&#038;ssl=1 1200w,https:\/\/i0.wp.com\/www.studiolongboard.com\/wp-content\/uploads\/2015\/02\/Studio-Longboard-Skateshop-01-1024x640.jpg?strip=info&#038;w=1500&#038;ssl=1 1500w\" alt=\"Tienda de patines\" data-height=\"938\" data-id=\"4520\" data-link=\"https:\/\/www.studiolongboard.com\/?attachment_id=4520\" data-url=\"https:\/\/www.studiolongboard.com\/wp-content\/uploads\/2015\/02\/Studio-Longboard-Skateshop-01-1024x640.jpg\" data-width=\"1500\" src=\"https:\/\/i0.wp.com\/www.studiolongboard.com\/wp-content\/uploads\/2015\/02\/Studio-Longboard-Skateshop-01-1024x640.jpg?ssl=1\" data-amp-layout=\"responsive\"\/><\/figure><\/div><div class=\"tiled-gallery__col\" style=\"flex-basis:48.43521%\"><figure class=\"tiled-gallery__item\"><img decoding=\"async\" srcset=\"https:\/\/i0.wp.com\/www.studiolongboard.com\/wp-content\/uploads\/2020\/01\/Sergej-im-Studio.jpg?strip=info&#038;w=600&#038;ssl=1 600w,https:\/\/i0.wp.com\/www.studiolongboard.com\/wp-content\/uploads\/2020\/01\/Sergej-im-Studio.jpg?strip=info&#038;w=800&#038;ssl=1 800w\" alt=\"\" data-height=\"533\" data-id=\"9128\" data-link=\"https:\/\/www.studiolongboard.com\/tonstudio\/artists\/sergej-im-studio\/\" data-url=\"https:\/\/www.studiolongboard.com\/wp-content\/uploads\/2020\/01\/Sergej-im-Studio.jpg\" data-width=\"800\" src=\"https:\/\/i0.wp.com\/www.studiolongboard.com\/wp-content\/uploads\/2020\/01\/Sergej-im-Studio.jpg?ssl=1\" data-amp-layout=\"responsive\"\/><\/figure><\/div><\/div><\/div><\/div><\/div>\n<\/div>\n<\/div>\n\n\n\n<p><strong>Kostenfreies Parken<\/strong> &#8211; Stand September 2025<\/p>\n\n\n\n<p>Liebe Kunden,<\/p>\n\n\n\n<p>in den letzten Monaten gab es durch unser Geb\u00e4udemanagement eine Umstellung der Parksituation. Die <strong>gute Nachricht<\/strong>: F\u00fcr alle Studio-Longboard-Kund*innen ist das <strong>Parken <\/strong>weiterhin<strong> kostenfrei. <\/strong>Yeah!<\/p>\n\n\n\n<p>Bei einem Kurzbesuch von weniger als 30 Minuten m\u00fcsst ihr auf nichts achten, da das noch unter die Kulanzzeit f\u00e4llt.<\/p>\n\n\n\n<p>Bei einem l\u00e4ngeren Besuch nutzt bitte den&nbsp; \u201eScan Free QR-Code\u201c, welcher euch Freiparkzeit von 4 Stunden gew\u00e4hrt. Falls ihr l\u00e4nger als 4 Stunden da seid, kann (und muss) der QR-Code nochmal gescannt werden.<\/p>\n\n\n\n<p>Solltet ihr noch Fragen haben oder trotz Anmeldung doch ein Strafticket bekommen haben, meldet euch bitte in dem Fall schnellstm\u00f6glich bei uns, sodass wir die Stornierung des Tickets einleiten k\u00f6nnen und ihr NICHTS zahlen m\u00fcsst. Einfach eine kurze <strong>Mail und Foto<\/strong> <strong>des Schreibens<\/strong> an: <a href=\"mailto:info@studiolongboard.com\">info@studiolongboard.com<\/a> senden.<\/p>\n\n\n\n<p>Sergej Schwarzkopf (Inhaber)<\/p>\n\n\n\n<p><\/p>","protected":false},"excerpt":{"rendered":"<p>Abweichende \u00d6ffnungszeiten: vom 23.12. bis 29.12.2025 geschlossen Die Nutzung des Tonstudios erfolgt unabh\u00e4ngig der Skateshop-\u00d6ffnungszeiten! Solltest du den Skateshop nicht zu den angegebenen \u00d6ffnungszeiten besuchen k\u00f6nnen, kannst du gerne mit uns einen separaten Beratungstermin vereinbaren. Schreib uns dann einfach \u00fcber unser Kontaktformular. &#8212;&#8211; Skateshop-\u00d6ffnungszeiten: Die Nutzung des Tonstudios erfolgt unabh\u00e4ngig der Shop-\u00d6ffnungszeiten! Anfahrt Wenn Du [&#8230;]\n","protected":false},"author":1,"featured_media":0,"parent":50,"menu_order":80,"comment_status":"closed","ping_status":"closed","template":"","meta":{"jetpack_post_was_ever_published":false,"footnotes":""},"class_list":["post-63","page","type-page","status-publish","hentry"],"jetpack_sharing_enabled":false,"jetpack_shortlink":"https:\/\/wp.me\/P9sVj6-11","_links":{"self":[{"href":"https:\/\/www.studiolongboard.com\/es\/wp-json\/wp\/v2\/pages\/63","targetHints":{"allow":["GET"]}}],"collection":[{"href":"https:\/\/www.studiolongboard.com\/es\/wp-json\/wp\/v2\/pages"}],"about":[{"href":"https:\/\/www.studiolongboard.com\/es\/wp-json\/wp\/v2\/types\/page"}],"author":[{"embeddable":true,"href":"https:\/\/www.studiolongboard.com\/es\/wp-json\/wp\/v2\/users\/1"}],"replies":[{"embeddable":true,"href":"https:\/\/www.studiolongboard.com\/es\/wp-json\/wp\/v2\/comments?post=63"}],"version-history":[{"count":31,"href":"https:\/\/www.studiolongboard.com\/es\/wp-json\/wp\/v2\/pages\/63\/revisions"}],"predecessor-version":[{"id":67161,"href":"https:\/\/www.studiolongboard.com\/es\/wp-json\/wp\/v2\/pages\/63\/revisions\/67161"}],"up":[{"embeddable":true,"href":"https:\/\/www.studiolongboard.com\/es\/wp-json\/wp\/v2\/pages\/50"}],"wp:attachment":[{"href":"https:\/\/www.studiolongboard.com\/es\/wp-json\/wp\/v2\/media?parent=63"}],"curies":[{"name":"wp","href":"https:\/\/api.w.org\/{rel}","templated":true}]}}