{"id":1112,"date":"2015-08-10T19:23:38","date_gmt":"2015-08-10T19:23:38","guid":{"rendered":""},"modified":"2025-04-19T14:57:16","modified_gmt":"2025-04-19T12:57:16","slug":"versandkosten","status":"publish","type":"page","link":"https:\/\/www.studiolongboard.com\/es\/versandkosten\/","title":{"rendered":"Gastos de env\u00edo"},"content":{"rendered":"<div class=\"slider-wrapper relative\" id=\"slider-43078050\" >\n    <div class=\"slider slider-nav-circle slider-nav-large slider-nav-light slider-style-normal\"\n        data-flickity-options='{            \"cellAlign\": \"center\",            \"imagesLoaded\": true,            \"lazyLoad\": 1,            \"freeScroll\": false,            \"wrapAround\": true,            \"autoPlay\": 6000,            \"pauseAutoPlayOnHover\" : true,            \"prevNextButtons\": true,            \"contain\" : true,            \"adaptiveHeight\" : true,            \"dragThreshold\" : 10,            \"percentPosition\": true,            \"pageDots\": true,            \"rightToLeft\": false,            \"draggable\": true,            \"selectedAttraction\": 0.1,            \"parallax\" : 0,            \"friction\": 0.6        }'\n        >\n        \n\n\n  <div class=\"banner has-hover has-slide-effect slide-fade-in\" id=\"banner-1943750738\">\n          <div class=\"banner-inner fill\">\n        <div class=\"banner-bg fill\" >\n            <img loading=\"lazy\" decoding=\"async\" width=\"1020\" height=\"680\" src=\"https:\/\/www.studiolongboard.com\/wp-content\/uploads\/2023\/11\/SL-Decks-12-1024x683.jpg\" class=\"bg attachment-large size-large\" alt=\"\" \/>                        <div class=\"overlay\"><\/div>            \n                    <\/div>\n\t\t\n        <div class=\"banner-layers container\">\n            <div class=\"fill banner-link\"><\/div>            \n\n   <div id=\"text-box-106581621\" class=\"text-box banner-layer x50 md-x50 lg-x50 y50 md-y50 lg-y50 res-text\">\n                                <div class=\"text-box-content text dark\">\n              \n              <div class=\"text-inner text-center\">\n                  \n\n<h4 class=\"uppercase\">Cruiser, Dance &amp; Freestyle, Descenso, LDP<\/h4>\n<h3 class=\"uppercase\"><strong>Longboards<\/strong><\/h3>\n<p>Descubre nuestra amplia selecci\u00f3n de longboards. Ya sea para pasear por la ciudad, recorrer largas distancias, hacer descensos o realizar movimientos creativos de freestyle y baile, seguro que encuentras la tabla adecuada para ti en nuestra gama.<\/p>\n\n              <\/div>\n           <\/div>\n                            \n<style>\n#text-box-106581621 {\n  width: 60%;\n}\n#text-box-106581621 .text-box-content {\n  font-size: 100%;\n}\n<\/style>\n    <\/div>\n \n\n        <\/div>\n      <\/div>\n\n            \n<style>\n#banner-1943750738 {\n  padding-top: 289px;\n}\n#banner-1943750738 .overlay {\n  background-color: rgba(0,0,0,.5);\n}\n#banner-1943750738 .banner-bg img {\n  object-position: 55% 28%;\n}\n@media (min-width:550px) {\n  #banner-1943750738 {\n    padding-top: 360px;\n  }\n}\n@media (min-width:850px) {\n  #banner-1943750738 {\n    padding-top: 450px;\n  }\n}\n<\/style>\n  <\/div>\n\n\n\n  <div class=\"banner has-hover has-slide-effect slide-fade-in\" id=\"banner-544974072\">\n          <div class=\"banner-inner fill\">\n        <div class=\"banner-bg fill\" >\n            <img loading=\"lazy\" decoding=\"async\" width=\"1020\" height=\"728\" src=\"https:\/\/www.studiolongboard.com\/wp-content\/uploads\/2025\/03\/SL-Skateboards-shop-3-1024x731.jpg\" class=\"bg attachment-large size-large\" alt=\"\" \/>                        <div class=\"overlay\"><\/div>            \n                    <\/div>\n\t\t\n        <div class=\"banner-layers container\">\n            <div class=\"fill banner-link\"><\/div>            \n\n   <div id=\"text-box-1304959575\" class=\"text-box banner-layer x50 md-x50 lg-x50 y50 md-y50 lg-y50 res-text\">\n                                <div class=\"text-box-content text dark\">\n              \n              <div class=\"text-inner text-center\">\n                  \n\n<h4 class=\"uppercase\"><span style=\"font-size: 75%;\">Monopatines cl\u00e1sicos de street y vert<\/span><\/h4>\n<h3 class=\"uppercase\"><strong>PATINES<\/strong><\/h3>\n<p>Monopatines completos para un comienzo perfecto, tablas de monopat\u00edn de todos los tama\u00f1os y formas con trucks y ruedas a juego para cada aplicaci\u00f3n. S\u00f3lo marcas de calidad reconocidas.<\/p>\n\n              <\/div>\n           <\/div>\n                            \n<style>\n#text-box-1304959575 {\n  width: 60%;\n}\n#text-box-1304959575 .text-box-content {\n  font-size: 100%;\n}\n<\/style>\n    <\/div>\n \n\n        <\/div>\n      <\/div>\n\n            \n<style>\n#banner-544974072 {\n  padding-top: 289px;\n}\n#banner-544974072 .overlay {\n  background-color: rgba(0,0,0,.5);\n}\n#banner-544974072 .banner-bg img {\n  object-position: 1% 0%;\n}\n@media (min-width:550px) {\n  #banner-544974072 {\n    padding-top: 360px;\n  }\n}\n@media (min-width:850px) {\n  #banner-544974072 {\n    padding-top: 450px;\n  }\n}\n<\/style>\n  <\/div>\n\n\n\n  <div class=\"banner has-hover has-slide-effect slide-fade-in\" id=\"banner-1087649589\">\n          <div class=\"banner-inner fill\">\n        <div class=\"banner-bg fill\" >\n            <img loading=\"lazy\" decoding=\"async\" width=\"1020\" height=\"535\" src=\"https:\/\/www.studiolongboard.com\/wp-content\/uploads\/2025\/04\/WEB_ALL-1400x734.png\" class=\"bg attachment-large size-large\" alt=\"\" \/>                        <div class=\"overlay\"><\/div>            \n                    <\/div>\n\t\t\n        <div class=\"banner-layers container\">\n            <div class=\"fill banner-link\"><\/div>            \n\n   <div id=\"text-box-1729543669\" class=\"text-box banner-layer x50 md-x50 lg-x50 y50 md-y50 lg-y50 res-text\">\n                                <div class=\"text-box-content text dark\">\n              \n              <div class=\"text-inner text-center\">\n                  \n\n<h4 class=\"uppercase\"><span style=\"font-size: 75%;\">navegar por el hormig\u00f3n<\/span><\/h4>\n<h3 class=\"uppercase\"><strong>SURFSKATES<\/strong><\/h3>\n<p>Surfskates de fabricantes de renombre como Carver, YOW, Slide y otros. Monopatines, ruedas y sistemas de ejes para surfskates, incluidas piezas de repuesto como cojinetes, muelles y bushings<\/p>\n\n              <\/div>\n           <\/div>\n                            \n<style>\n#text-box-1729543669 {\n  width: 60%;\n}\n#text-box-1729543669 .text-box-content {\n  font-size: 100%;\n}\n<\/style>\n    <\/div>\n \n\n        <\/div>\n      <\/div>\n\n            \n<style>\n#banner-1087649589 {\n  padding-top: 289px;\n}\n#banner-1087649589 .overlay {\n  background-color: rgba(0,0,0,.5);\n}\n#banner-1087649589 .banner-bg img {\n  object-position: 11% 45%;\n}\n@media (min-width:550px) {\n  #banner-1087649589 {\n    padding-top: 360px;\n  }\n}\n@media (min-width:850px) {\n  #banner-1087649589 {\n    padding-top: 450px;\n  }\n}\n<\/style>\n  <\/div>\n\n\n\n     <\/div>\n\n     <div class=\"loading-spin dark large centered\"><\/div>\n\n\t<\/div>\n\n\n\n\t<div id=\"gap-813121633\" class=\"gap-element clearfix\" style=\"display:block; height:auto;\">\n\t\t\n<style>\n#gap-813121633 {\n  padding-top: 30px;\n}\n<\/style>\n\t<\/div>\n\t\n\n<div class=\"container section-title-container\" ><h3 class=\"section-title section-title-center\"><b aria-hidden=\"true\"><\/b><span class=\"section-title-main\" >VERSANDKOSTEN<\/span><b aria-hidden=\"true\"><\/b><\/h3><\/div>\n\n<div class=\"row\"  id=\"row-1231889795\">\n\n\n\t<div id=\"col-997733463\" class=\"col medium-6 small-12 large-6\"  >\n\t\t\t\t<div class=\"col-inner\"  >\n\t\t\t\n\t\t\t\n\n<p><strong>Innerhalb von Deutschland:\u00a0 <\/strong><\/p>\n<ul>\n<li>5,90 \u20ac f\u00fcr kleines Paket (&lt;2kg)<\/li>\n<li>7,90 \u20ac pro Standardpaket (&gt;2kg)<\/li>\n<li>ab einem Warenkorbwert von 100 \u20ac ist der Versand kostenlos<\/li>\n<\/ul>\n\n\t\t<\/div>\n\t\t\t\t\t<\/div>\n\n\t\n\n\t<div id=\"col-1707830005\" class=\"col medium-6 small-12 large-6\"  >\n\t\t\t\t<div class=\"col-inner\"  >\n\t\t\t\n\t\t\t\n\n<p><strong>Innerhalb der EU \/ European Union: <\/strong><\/p>\n<ul>\n<li>14,90 \u20ac f\u00fcr kleines Paket (&lt;2kg)<\/li>\n<li>17,90 \u20ac pro Standardpaket (&gt;2kg)<\/li>\n<li>ab einem Warenkorbwert von 350 \u20ac ist der Versand kostenlos<\/li>\n<\/ul>\n\n\t\t<\/div>\n\t\t\t\t\t<\/div>\n\n\t\n\n<\/div>\n<div class=\"row\"  id=\"row-1227276068\">\n\n\n\t<div id=\"col-174293399\" class=\"col medium-4 small-12 large-4\"  >\n\t\t\t\t<div class=\"col-inner\"  >\n\t\t\t\n\t\t\t\n\n<p><strong>Schweden und Finnland<\/strong><\/p>\n<ul>\n<li>16,90 \u20ac f\u00fcr kleines Paket (&lt;2kg)<\/li>\n<li>19,90 \u20ac pro Standardpaket (&gt;2kg)<\/li>\n<\/ul>\n\n\t\t<\/div>\n\t\t\t\t\t<\/div>\n\n\t\n\n\t<div id=\"col-425301799\" class=\"col medium-4 small-12 large-4\"  >\n\t\t\t\t<div class=\"col-inner\"  >\n\t\t\t\n\t\t\t\n\n<p><strong>Nicht EU \/ Non EU:<\/strong><\/p>\n<ul>\n<li>19,90 \u20ac f\u00fcr kleines Paket (&lt;2kg)<\/li>\n<li>29,90 \u20ac pro Standardpaket (&gt;2kg)<\/li>\n<\/ul>\n\n\t\t<\/div>\n\t\t\t\t\t<\/div>\n\n\t\n\n\t<div id=\"col-1991840575\" class=\"col medium-4 small-12 large-4\"  >\n\t\t\t\t<div class=\"col-inner\"  >\n\t\t\t\n\t\t\t\n\n<p><strong>Weltweit \/ international flat rate: <\/strong><\/p>\n<ul>\n<li>24,90\u20ac f\u00fcr kleines Paket (&lt;2kg)<\/li>\n<li>49,90 \u20ac pro Standardpaket (&gt;2kg)<\/li>\n<\/ul>\n\n\t\t<\/div>\n\t\t\t\t\t<\/div>\n\n\t\n\n<\/div>\n\t<div id=\"gap-1946395183\" class=\"gap-element clearfix\" style=\"display:block; height:auto;\">\n\t\t\n<style>\n#gap-1946395183 {\n  padding-top: 46px;\n}\n<\/style>\n\t<\/div>\n\t\n\n<div class=\"row\"  id=\"row-1170694595\">\n\n\n\t<div id=\"col-1652494497\" class=\"col medium-4 small-12 large-4\"  >\n\t\t\t\t<div class=\"col-inner\"  >\n\t\t\t\n\t\t\t\n\n\n  <div class=\"banner has-hover bg-zoom-fade\" id=\"banner-111630210\">\n          <div class=\"banner-inner fill\">\n        <div class=\"banner-bg fill\" >\n            <img loading=\"lazy\" decoding=\"async\" width=\"800\" height=\"533\" src=\"https:\/\/www.studiolongboard.com\/wp-content\/uploads\/2019\/03\/Studiolongboard-_10_Aufnahmeraum.jpg\" class=\"bg attachment-original size-original\" alt=\"Aufnahmeraum mieten\" \/>                        <div class=\"overlay\"><\/div>            \n                    <\/div>\n\t\t\n        <div class=\"banner-layers container\">\n            <a class=\"fill\" href=\"https:\/\/www.studiolongboard.com\/es\/product-2\/utilizacion-de-las-salas-de-ensayo\/\"><div class=\"fill banner-link\"><\/div><\/a>            \n\n   <div id=\"text-box-628173702\" class=\"text-box banner-layer x50 md-x50 lg-x50 y50 md-y50 lg-y50 res-text\">\n                                <div class=\"text-box-content text dark\">\n              \n              <div class=\"text-inner text-center\">\n                  \n\n<h2><strong><span class=\"uppercase\">Sala de ensayos<\/span><\/strong><\/h2>\n<div class=\"is-divider divider clearfix\" ><\/div>\n\n\n              <\/div>\n           <\/div>\n                            \n<style>\n#text-box-628173702 {\n  width: 60%;\n}\n#text-box-628173702 .text-box-content {\n  font-size: 100%;\n}\n<\/style>\n    <\/div>\n \n\n        <\/div>\n      <\/div>\n\n            \n<style>\n#banner-111630210 {\n  padding-top: 160px;\n}\n#banner-111630210 .overlay {\n  background-color: rgba(19, 11, 11, 0.233);\n}\n#banner-111630210 .banner-bg img {\n  object-position: 60% 90%;\n}\n<\/style>\n  <\/div>\n\n\n\n\t\t<\/div>\n\t\t\t\t\t<\/div>\n\n\t\n\n\t<div id=\"col-1024685571\" class=\"col medium-4 small-12 large-4\"  >\n\t\t\t\t<div class=\"col-inner\"  >\n\t\t\t\n\t\t\t\n\n\n  <div class=\"banner has-hover bg-zoom-fade\" id=\"banner-575439708\">\n          <div class=\"banner-inner fill\">\n        <div class=\"banner-bg fill\" >\n            <img loading=\"lazy\" decoding=\"async\" width=\"1020\" height=\"536\" src=\"https:\/\/www.studiolongboard.com\/wp-content\/uploads\/2017\/10\/Studio-Longboard-Workshops-1024x538.jpg\" class=\"bg attachment-large size-large\" alt=\"Longboard Skateboard und Surfskate Workshop\" \/>                        <div class=\"overlay\"><\/div>            \n                    <\/div>\n\t\t\n        <div class=\"banner-layers container\">\n            <a class=\"fill\" href=\"https:\/\/www.studiolongboard.com\/es\/longboardkurse\/\"><div class=\"fill banner-link\"><\/div><\/a>            \n\n   <div id=\"text-box-221734857\" class=\"text-box banner-layer x50 md-x50 lg-x50 y50 md-y50 lg-y50 res-text\">\n                                <div class=\"text-box-content text dark\">\n              \n              <div class=\"text-inner text-center\">\n                  \n\n<h2><strong><span class=\"uppercase\">Skatekurse<\/span><\/strong><\/h2>\n<div class=\"is-divider divider clearfix\" ><\/div>\n\n\n              <\/div>\n           <\/div>\n                            \n<style>\n#text-box-221734857 {\n  width: 60%;\n}\n#text-box-221734857 .text-box-content {\n  font-size: 100%;\n}\n<\/style>\n    <\/div>\n \n\n        <\/div>\n      <\/div>\n\n            \n<style>\n#banner-575439708 {\n  padding-top: 160px;\n}\n#banner-575439708 .overlay {\n  background-color: rgba(22, 26, 34, 0.337);\n}\n<\/style>\n  <\/div>\n\n\n\n\t\t<\/div>\n\t\t\t\t\t<\/div>\n\n\t\n\n\t<div id=\"col-430744826\" class=\"col medium-4 small-12 large-4\"  >\n\t\t\t\t<div class=\"col-inner\"  >\n\t\t\t\n\t\t\t\n\n\n  <div class=\"banner has-hover bg-zoom-fade\" id=\"banner-554274042\">\n          <div class=\"banner-inner fill\">\n        <div class=\"banner-bg fill\" >\n            <img loading=\"lazy\" decoding=\"async\" width=\"1020\" height=\"638\" src=\"https:\/\/www.studiolongboard.com\/wp-content\/uploads\/2015\/02\/Studio-Longboard-Skateshop-01-1024x640.jpg\" class=\"bg attachment-large size-large\" alt=\"Tienda de patines\" \/>                        <div class=\"overlay\"><\/div>            \n                    <\/div>\n\t\t\n        <div class=\"banner-layers container\">\n            <a class=\"fill\" href=\"https:\/\/www.studiolongboard.com\/es\/shop-2\/\"><div class=\"fill banner-link\"><\/div><\/a>            \n\n   <div id=\"text-box-1448723143\" class=\"text-box banner-layer x50 md-x50 lg-x50 y50 md-y50 lg-y50 res-text\">\n                                <div class=\"text-box-content text dark\">\n              \n              <div class=\"text-inner text-center\">\n                  \n\n<h2><strong><span class=\"uppercase\">Tienda de patines<\/span><\/strong><\/h2>\n<div class=\"is-divider divider clearfix\" ><\/div>\n\n\n              <\/div>\n           <\/div>\n                            \n<style>\n#text-box-1448723143 {\n  width: 60%;\n}\n#text-box-1448723143 .text-box-content {\n  font-size: 100%;\n}\n<\/style>\n    <\/div>\n \n\n        <\/div>\n      <\/div>\n\n            \n<style>\n#banner-554274042 {\n  padding-top: 160px;\n}\n#banner-554274042 .overlay {\n  background-color: rgba(62, 50, 30, 0.221);\n}\n#banner-554274042 .banner-bg img {\n  object-position: 36% 100%;\n}\n<\/style>\n  <\/div>\n\n\n\n\t\t<\/div>\n\t\t\t\t\t<\/div>\n\n\t\n\n<\/div>","protected":false},"excerpt":{"rendered":"","protected":false},"author":2,"featured_media":0,"parent":0,"menu_order":0,"comment_status":"closed","ping_status":"closed","template":"","meta":{"footnotes":""},"class_list":["post-1112","page","type-page","status-publish","hentry"],"jetpack_sharing_enabled":true,"jetpack_shortlink":"https:\/\/wp.me\/P9sVj6-hW","_links":{"self":[{"href":"https:\/\/www.studiolongboard.com\/es\/wp-json\/wp\/v2\/pages\/1112","targetHints":{"allow":["GET"]}}],"collection":[{"href":"https:\/\/www.studiolongboard.com\/es\/wp-json\/wp\/v2\/pages"}],"about":[{"href":"https:\/\/www.studiolongboard.com\/es\/wp-json\/wp\/v2\/types\/page"}],"author":[{"embeddable":true,"href":"https:\/\/www.studiolongboard.com\/es\/wp-json\/wp\/v2\/users\/2"}],"replies":[{"embeddable":true,"href":"https:\/\/www.studiolongboard.com\/es\/wp-json\/wp\/v2\/comments?post=1112"}],"version-history":[{"count":1,"href":"https:\/\/www.studiolongboard.com\/es\/wp-json\/wp\/v2\/pages\/1112\/revisions"}],"predecessor-version":[{"id":59505,"href":"https:\/\/www.studiolongboard.com\/es\/wp-json\/wp\/v2\/pages\/1112\/revisions\/59505"}],"wp:attachment":[{"href":"https:\/\/www.studiolongboard.com\/es\/wp-json\/wp\/v2\/media?parent=1112"}],"curies":[{"name":"wp","href":"https:\/\/api.w.org\/{rel}","templated":true}]}}