{"id":15348,"date":"2021-04-22T18:54:54","date_gmt":"2021-04-22T16:54:54","guid":{"rendered":"https:\/\/www.studiolongboard.com\/?post_type=product&#038;p=15348"},"modified":"2024-12-21T13:33:21","modified_gmt":"2024-12-21T12:33:21","slug":"loaded-poke-longboard-deck","status":"publish","type":"product","link":"https:\/\/www.studiolongboard.com\/en\/shop\/longboards\/longboard-decks\/loaded-poke-longboard-deck\/","title":{"rendered":"Loaded Poke Longboard Deck"},"content":{"rendered":"<h2>Loaded Poke Longboard Deck<\/h2>\n<p>Loaded Poke Longboard Deck ist eine Weiterentwicklung des Ceviche, welches aus dem Fish entstanden ist. Mit sehr funktionellen Kicktails, Konkave, Rocker und Wheelflares ist es ein wahrer Allrounder f\u00fcr die City, den Bowl und f\u00fcr alles was Spass macht!<\/p>\n<p>Das Poke besteht aus einem vertikal laminierten Bambus Kern mit triaxialer Fiberglasverst\u00e4rkung, veredelt mit Bambus Furnier.<br \/>\nDiese Konstruktion erm\u00f6glicht den Bau eines stabilen, leichtgewichtigen Decks, mit ansprechenden Flexverhalten.<\/p>\n<p>L\u00e4nge: 34&#8243; \/ 86 cm<br \/>\nBreite: 9.125&#8243; \/ 23.18 cm<br \/>\nAchsabstand: 20.75&#8243; \/ 52.71 cm<br \/>\nTail: 7.625&#8243; \/ 19.37 cm (tip to inner bolt) @ 18\u00b0<br \/>\nNose: 5.625&#8243; \/ 14.29 cm (tip to inner bolt) @ 13\u00b0<br \/>\nConcave: 0.5&#8243; \/ 1.3 cm (radial)<br \/>\nRocker: 0.1&#8243; \/ 0.3 cm (centered)<\/p>\n<p><span class=\"embed-youtube\" style=\"text-align:center; display: block;\"><iframe loading=\"lazy\" class=\"youtube-player\" width=\"1020\" height=\"574\" src=\"https:\/\/www.youtube.com\/embed\/ZjcMrRH7a4g?version=3&#038;rel=1&#038;showsearch=0&#038;showinfo=1&#038;iv_load_policy=1&#038;fs=1&#038;hl=en-GB&#038;autohide=2&#038;wmode=transparent\" allowfullscreen=\"true\" style=\"border:0;\" sandbox=\"allow-scripts allow-same-origin allow-popups allow-presentation allow-popups-to-escape-sandbox\"><\/iframe><\/span><\/p>","protected":false},"excerpt":{"rendered":"<p>Loaded Poke Longboard Deck Loaded Poke Longboard Deck ist eine Weiterentwicklung des Ceviche, welches aus dem Fish entstanden ist. Mit sehr funktionellen Kicktails, Konkave, Rocker und Wheelflares ist es ein wahrer Allrounder f\u00fcr die City, den Bowl und f\u00fcr alles was Spass macht! Das Poke besteht aus einem vertikal laminierten Bambus Kern mit triaxialer Fiberglasverst\u00e4rkung, [&#8230;]\n","protected":false},"featured_media":15349,"comment_status":"closed","ping_status":"closed","template":"","meta":{"jetpack_publicize_message":"","jetpack_publicize_feature_enabled":true,"jetpack_social_post_already_shared":true,"jetpack_social_options":{"image_generator_settings":{"template":"highway","default_image_id":0,"font":"","enabled":false},"version":2}},"product_brand":[],"product_cat":[311,313],"product_tag":[],"class_list":{"0":"post-15348","1":"product","2":"type-product","3":"status-publish","4":"has-post-thumbnail","6":"product_cat-longboards","7":"product_cat-longboard-decks","8":"product_shipping_class-paket","10":"first","11":"outofstock","12":"taxable","13":"shipping-taxable","14":"purchasable","15":"product-type-simple"},"composite_virtual":false,"composite_layout":"","composite_add_to_cart_form_location":"","composite_editable_in_cart":false,"composite_sold_individually_context":"","composite_shop_price_calc":"","composite_components":[],"composite_scenarios":[],"booking_location":null,"booking_location_type":null,"booking_duration":null,"booking_duration_unit":null,"booking_buffer":null,"booking_cost":null,"booking_resources":null,"jetpack_publicize_connections":[],"jetpack_sharing_enabled":true,"_links":{"self":[{"href":"https:\/\/www.studiolongboard.com\/en\/wp-json\/wp\/v2\/product\/15348","targetHints":{"allow":["GET"]}}],"collection":[{"href":"https:\/\/www.studiolongboard.com\/en\/wp-json\/wp\/v2\/product"}],"about":[{"href":"https:\/\/www.studiolongboard.com\/en\/wp-json\/wp\/v2\/types\/product"}],"replies":[{"embeddable":true,"href":"https:\/\/www.studiolongboard.com\/en\/wp-json\/wp\/v2\/comments?post=15348"}],"wp:featuredmedia":[{"embeddable":true,"href":"https:\/\/www.studiolongboard.com\/en\/wp-json\/wp\/v2\/media\/15349"}],"wp:attachment":[{"href":"https:\/\/www.studiolongboard.com\/en\/wp-json\/wp\/v2\/media?parent=15348"}],"wp:term":[{"taxonomy":"product_brand","embeddable":true,"href":"https:\/\/www.studiolongboard.com\/en\/wp-json\/wp\/v2\/product_brand?post=15348"},{"taxonomy":"product_cat","embeddable":true,"href":"https:\/\/www.studiolongboard.com\/en\/wp-json\/wp\/v2\/product_cat?post=15348"},{"taxonomy":"product_tag","embeddable":true,"href":"https:\/\/www.studiolongboard.com\/en\/wp-json\/wp\/v2\/product_tag?post=15348"}],"curies":[{"name":"wp","href":"https:\/\/api.w.org\/{rel}","templated":true}]}}