{"id":606,"date":"2014-12-22T13:42:39","date_gmt":"2014-12-22T12:42:39","guid":{"rendered":"https:\/\/www.studiolongboard.com\/?page_id=606"},"modified":"2024-02-16T12:24:28","modified_gmt":"2024-02-16T11:24:28","slug":"proberaum","status":"publish","type":"page","link":"https:\/\/www.studiolongboard.com\/en\/proberaum\/","title":{"rendered":"Rehearsal room"},"content":{"rendered":"\n<div class=\"wp-block-nextend-smartslider3\">[smartslider3 slider=&#8220;6&#8243;]<\/div>\n\n\n\n<p><\/p>\n\n\n\n<p>Der Aufnahmeraum unseres <a href=\"https:\/\/www.studiolongboard.com\/tonstudio\/\">Tonstudio\u2019s<\/a> eignet sich super f\u00fcr Probezwecke jeglicher Art. Mit einer Raumgr\u00f6\u00dfe von ca 30 qm bietet es Platz f\u00fcr bis zu 7 Personen. Besonders gut geeignet bei Bands und Projekten, die noch grade in der Entstehung sind und noch keinen festen \u00dcbungsraum gefunden haben. Oder ihr probt sehr unregelm\u00e4\u00dfig aber besonders intensiv vor anstehenden Konzerten, dann ist es vielleicht auch eine gute Alternative gegen\u00fcber einem dunklen, stinkigen Bunker-Proberaum, den ihr mit vielen verschiedenen Bands teilt.<\/p>\n\n\n\n<p><strong>Gitarren (inkl. Kabel) und Schlagzeugbecken bitten wir selbst mitzubringen.<\/strong> Alle eigenen Instrumente und Verst\u00e4rker m\u00fcssen am Ende der Buchung wieder mitgenommen werden.<\/p>\n\n\n\n<p>Wir weisen ausdr\u00fccklich darauf hin, dass die Mieter f\u00fcr eventuelle Sch\u00e4den am benutzten Equipment pers\u00f6nlich haften. Sollten wir nach der Benutzung feststellen, dass etwas defekt ist oder fehlt, werden wir dem Mieter die entsprechend angefallenen Kosten f\u00fcr Reparatur oder Ersatz in Rechnung stellen.<\/p>\n\n\n\n<p>Folgende Anlage\/Backline steht euch zur Verf\u00fcgung:<\/p>\n\n\n\n<ul class=\"wp-block-list\">\n<li>Drum Set \u2013&nbsp;SONOR Performer<\/li>\n\n\n\n<li>Bassverst\u00e4rker \u2013&nbsp;SWR mit Trace Eliot Box 4\u00d710\u2033<\/li>\n\n\n\n<li>Gitarrenverst\u00e4rker \u2013 Marshall JCM 900 mit Crate Box 4\u00d712\u2033<\/li>\n\n\n\n<li>Gitarrenverst\u00e4rker \u2013 Petersburg P100 mit Deichsound Box 2\u00d712\u2033<\/li>\n\n\n\n<li>Stage Piano Alesis<\/li>\n\n\n\n<li>Keyboard Yamaha DX7<\/li>\n\n\n\n<li>Digitalmischpult \u2013 YAMAHA LS9-16<\/li>\n\n\n\n<li>Tops \u2013 Kling &amp; Freitag &nbsp;(2x 300 Watt)<\/li>\n\n\n\n<li>B\u00e4sse \u2013 Kling &amp; Freitag SW 115 E (2x 750 Watt)<\/li>\n\n\n\n<li>2x Monitore<\/li>\n\n\n\n<li>3x SM58<\/li>\n\n\n\n<li>2x SM57<\/li>\n<\/ul>\n\n\n\n<p>Die Nutzung des Proberaums erfolgt nur nach einer Einweisung durch den Haustechniker, der die meiste Zeit vor Ort ist und bei Fragen zur Verf\u00fcgung steht. Dabei k\u00f6nnen wir fast jeden Sonderwunsch erf\u00fcllen und machen einen kurzen Soundcheck vorab.<\/p>\n\n\n\n<p>Zusammengefasst: Unser Anspruch ist euch perfekte Probebedingungen zu schaffen, bei denen ihr euch voll auf eure Musik konzentrieren k\u00f6nnt.<\/p>\n\n\n\n<p>Unser Tonstudio befindet sich in der Leverkusenstr. 13 Haus F. Je nach Uhrzeit sind Parkpl\u00e4tze direkt vorm Studio vorhanden. Zu Be- und Entladen k\u00f6nnt ihr auch direkt vor die Eingangst\u00fcr vorfahren.<\/p>\n\n\n\n<p>Noch Fragen? Dann schreibt uns gerne eine Nachricht \u00fcber unser <a href=\"https:\/\/www.studiolongboard.com\/kontakt\/kontaktformular\/\">Kontaktformular<\/a>, wir melden uns schnellstm\u00f6glich.<\/p>\n\n\n\n<p>Euer Studio Longboard<\/p>\n\n\n<div data-block-name=\"woocommerce\/handpicked-products\" data-columns=\"2\" data-content-visibility=\"{&quot;image&quot;:true,&quot;title&quot;:true,&quot;price&quot;:true,&quot;rating&quot;:true,&quot;button&quot;:true}\" data-orderby=\"price_desc\" data-products=\"[12615,6405]\" class=\"wc-block-grid wp-block-handpicked-products wp-block-woocommerce-handpicked-products wc-block-handpicked-products has-2-columns has-multiple-rows\"><ul class=\"wc-block-grid__products\"><li class=\"wc-block-grid__product\">\n\t\t\t\t<a href=\"https:\/\/www.studiolongboard.com\/en\/shop\/tonstudio-dienstleistungen\/proberaumnutzung\/\" class=\"wc-block-grid__product-link\">\n\t\t\t\t\t\n\t\t\t\t\t<div class=\"wc-block-grid__product-image\"><img loading=\"lazy\" decoding=\"async\" width=\"247\" height=\"296\" src=\"https:\/\/www.studiolongboard.com\/wp-content\/uploads\/2014\/12\/Proberaum-StudioLongboard_2000p-e1548178006506-247x296.jpg\" class=\"attachment-woocommerce_thumbnail size-woocommerce_thumbnail\" alt=\"Proberaum stundenweise buchen\"><\/div>\n\t\t\t\t\t<div class=\"wc-block-grid__product-title\">Proberaum stundenweise buchen<\/div>\n\t\t\t\t<\/a>\n\t\t\t\t<div class=\"wc-block-grid__product-price price\">From: <span class=\"woocommerce-Price-amount amount\">23,90&nbsp;<span class=\"woocommerce-Price-currencySymbol\">&euro;<\/span><\/span><\/div><p class=\"wc-gzd-additional-info wc-gzd-additional-info-loop tax-info\">incl. VAT<\/p>\n\t\t\t\t\n\t\t\t\t<div class=\"wp-block-button wc-block-grid__product-add-to-cart\"><a href=\"https:\/\/www.studiolongboard.com\/en\/shop\/tonstudio-dienstleistungen\/proberaumnutzung\/\" aria-label=\"Read more about &ldquo;Proberaum stundenweise buchen&rdquo;\" data-quantity=\"1\" data-product_id=\"6405\" data-product_sku=\"\" data-price=\"23.9\" rel=\"nofollow\" class=\"wp-block-button__link  add_to_cart_button\">Read more<\/a><\/div>\n\t\t\t<\/li>\n<li class=\"wc-block-grid__product\">\n\t\t\t\t<a href=\"https:\/\/www.studiolongboard.com\/en\/shop\/tonstudio-dienstleistungen\/jam-session-im-studio-longboard\/\" class=\"wc-block-grid__product-link\">\n\t\t\t\t\t\n\t\t\t\t\t<div class=\"wc-block-grid__product-image\"><img loading=\"lazy\" decoding=\"async\" width=\"247\" height=\"296\" src=\"https:\/\/www.studiolongboard.com\/wp-content\/uploads\/2020\/09\/Jam-Session-2-247x296.jpg\" class=\"attachment-woocommerce_thumbnail size-woocommerce_thumbnail\" alt=\"Jam Session im Studio Longboard\" srcset=\"https:\/\/www.studiolongboard.com\/wp-content\/uploads\/2020\/09\/Jam-Session-2-247x296.jpg 247w, https:\/\/www.studiolongboard.com\/wp-content\/uploads\/2020\/09\/Jam-Session-2-9x12.jpg 9w\" sizes=\"auto, (max-width: 247px) 100vw, 247px\"><\/div>\n\t\t\t\t\t<div class=\"wc-block-grid__product-title\">Jam Session im Studio Longboard<\/div>\n\t\t\t\t<\/a>\n\t\t\t\t<div class=\"wc-block-grid__product-price price\">From: <span class=\"woocommerce-Price-amount amount\">10,00&nbsp;<span class=\"woocommerce-Price-currencySymbol\">&euro;<\/span><\/span><\/div><p class=\"wc-gzd-additional-info wc-gzd-additional-info-loop tax-info\">incl. VAT<\/p>\n\t\t\t\t\n\t\t\t\t<div class=\"wp-block-button wc-block-grid__product-add-to-cart\"><a href=\"https:\/\/www.studiolongboard.com\/en\/shop\/tonstudio-dienstleistungen\/jam-session-im-studio-longboard\/\" aria-label=\"Read more about &ldquo;Jam Session im Studio Longboard&rdquo;\" data-quantity=\"1\" data-product_id=\"12615\" data-product_sku=\"\" data-price=\"10\" rel=\"nofollow\" class=\"wp-block-button__link  add_to_cart_button\">Read more<\/a><\/div>\n\t\t\t<\/li>\n<\/ul><\/div>\n\n\n<p><\/p>\n\n\n\n<figure class=\"wp-block-gallery has-nested-images columns-default is-cropped wp-block-gallery-1 is-layout-flex wp-block-gallery-is-layout-flex\">\n<figure class=\"wp-block-image size-large\"><img loading=\"lazy\" decoding=\"async\" width=\"800\" height=\"533\" data-id=\"18250\" src=\"https:\/\/www.studiolongboard.com\/wp-content\/uploads\/2019\/01\/Studiolongboard-_10_Aufnahmeraum.jpg\" alt=\"\" class=\"wp-image-18250\" srcset=\"https:\/\/www.studiolongboard.com\/wp-content\/uploads\/2019\/01\/Studiolongboard-_10_Aufnahmeraum.jpg 800w, https:\/\/www.studiolongboard.com\/wp-content\/uploads\/2019\/01\/Studiolongboard-_10_Aufnahmeraum-510x340.jpg 510w, https:\/\/www.studiolongboard.com\/wp-content\/uploads\/2019\/01\/Studiolongboard-_10_Aufnahmeraum-300x200.jpg 300w, https:\/\/www.studiolongboard.com\/wp-content\/uploads\/2019\/01\/Studiolongboard-_10_Aufnahmeraum-708x472.jpg 708w\" sizes=\"auto, (max-width: 800px) 100vw, 800px\" \/><\/figure>\n\n\n\n<figure class=\"wp-block-image size-large\"><img loading=\"lazy\" decoding=\"async\" width=\"800\" height=\"533\" data-id=\"12410\" src=\"https:\/\/www.studiolongboard.com\/wp-content\/uploads\/2020\/08\/Studiolongboard-_15.jpg\" alt=\"\" class=\"wp-image-12410\" srcset=\"https:\/\/www.studiolongboard.com\/wp-content\/uploads\/2020\/08\/Studiolongboard-_15.jpg 800w, https:\/\/www.studiolongboard.com\/wp-content\/uploads\/2020\/08\/Studiolongboard-_15-510x340.jpg 510w, https:\/\/www.studiolongboard.com\/wp-content\/uploads\/2020\/08\/Studiolongboard-_15-300x200.jpg 300w, https:\/\/www.studiolongboard.com\/wp-content\/uploads\/2020\/08\/Studiolongboard-_15-708x472.jpg 708w\" sizes=\"auto, (max-width: 800px) 100vw, 800px\" \/><\/figure>\n<\/figure>\n","protected":false},"excerpt":{"rendered":"<p>Der Aufnahmeraum unseres Tonstudio\u2019s eignet sich super f\u00fcr Probezwecke jeglicher Art. Mit einer Raumgr\u00f6\u00dfe von ca 30 qm bietet es Platz f\u00fcr bis zu 7 Personen. Besonders gut geeignet bei Bands und Projekten, die noch grade in der Entstehung sind und noch keinen festen \u00dcbungsraum gefunden haben. Oder ihr probt sehr unregelm\u00e4\u00dfig aber besonders intensiv [&#8230;]\n","protected":false},"author":2,"featured_media":0,"parent":0,"menu_order":0,"comment_status":"closed","ping_status":"open","template":"","meta":{"jetpack_post_was_ever_published":false,"footnotes":""},"class_list":["post-606","page","type-page","status-publish","hentry"],"jetpack_sharing_enabled":true,"jetpack_shortlink":"https:\/\/wp.me\/P9sVj6-9M","_links":{"self":[{"href":"https:\/\/www.studiolongboard.com\/en\/wp-json\/wp\/v2\/pages\/606","targetHints":{"allow":["GET"]}}],"collection":[{"href":"https:\/\/www.studiolongboard.com\/en\/wp-json\/wp\/v2\/pages"}],"about":[{"href":"https:\/\/www.studiolongboard.com\/en\/wp-json\/wp\/v2\/types\/page"}],"author":[{"embeddable":true,"href":"https:\/\/www.studiolongboard.com\/en\/wp-json\/wp\/v2\/users\/2"}],"replies":[{"embeddable":true,"href":"https:\/\/www.studiolongboard.com\/en\/wp-json\/wp\/v2\/comments?post=606"}],"version-history":[{"count":0,"href":"https:\/\/www.studiolongboard.com\/en\/wp-json\/wp\/v2\/pages\/606\/revisions"}],"wp:attachment":[{"href":"https:\/\/www.studiolongboard.com\/en\/wp-json\/wp\/v2\/media?parent=606"}],"curies":[{"name":"wp","href":"https:\/\/api.w.org\/{rel}","templated":true}]}}