{"id":57,"date":"2014-08-29T13:12:01","date_gmt":"2014-08-29T11:12:01","guid":{"rendered":"https:\/\/www.studiolongboard.com\/?page_id=57"},"modified":"2020-06-19T12:36:39","modified_gmt":"2020-06-19T10:36:39","slug":"impressum","status":"publish","type":"page","link":"https:\/\/www.studiolongboard.com\/en\/kontakt\/impressum\/","title":{"rendered":"Imprint"},"content":{"rendered":"<p style=\"text-align: center;\">The withdrawal period starts from the day you receive the goods.<br \/>\nSergej Schwarzkopf e.K<br \/>\nLeverkusenstr. 13 F<br \/>\n22761 Hamburg<\/p>\n<p style=\"text-align: center;\">USt-IdNr. DE295873591<\/p>\n<p style=\"text-align: center;\">HRA 119492<\/p>\n<p style=\"text-align: center;\">Design und Konzeption der Website:<br \/>\nSergej Schwarzkopf<\/p>\n<p style=\"text-align: center;\">Haftungshinweis:<br \/>\nTrotz sorgf\u00e4ltiger inhaltlicher Kontrolle \u00fcbernehmen wir keine Haftung f\u00fcr die Inhalte externer Links. F\u00fcr den Inhalt der verlinkten Seiten sind ausschlie\u00dflich deren Betreiber verantwortlich.<\/p>","protected":false},"excerpt":{"rendered":"<p>Studio Longboard Sergej Schwarzkopf e.K Leverkusenstr. 13 F 22761 Hamburg USt-IdNr. DE295873591 HRA 119492 Design und Konzeption der Website: Sergej Schwarzkopf Haftungshinweis: Trotz sorgf\u00e4ltiger inhaltlicher Kontrolle \u00fcbernehmen wir keine Haftung f\u00fcr die Inhalte externer Links. F\u00fcr den Inhalt der verlinkten Seiten sind ausschlie\u00dflich deren Betreiber verantwortlich.<\/p>","protected":false},"author":1,"featured_media":0,"parent":50,"menu_order":100,"comment_status":"closed","ping_status":"closed","template":"","meta":{"jetpack_post_was_ever_published":false,"footnotes":""},"class_list":["post-57","page","type-page","status-publish","hentry"],"jetpack_sharing_enabled":true,"jetpack_shortlink":"https:\/\/wp.me\/P9sVj6-V","_links":{"self":[{"href":"https:\/\/www.studiolongboard.com\/en\/wp-json\/wp\/v2\/pages\/57","targetHints":{"allow":["GET"]}}],"collection":[{"href":"https:\/\/www.studiolongboard.com\/en\/wp-json\/wp\/v2\/pages"}],"about":[{"href":"https:\/\/www.studiolongboard.com\/en\/wp-json\/wp\/v2\/types\/page"}],"author":[{"embeddable":true,"href":"https:\/\/www.studiolongboard.com\/en\/wp-json\/wp\/v2\/users\/1"}],"replies":[{"embeddable":true,"href":"https:\/\/www.studiolongboard.com\/en\/wp-json\/wp\/v2\/comments?post=57"}],"version-history":[{"count":0,"href":"https:\/\/www.studiolongboard.com\/en\/wp-json\/wp\/v2\/pages\/57\/revisions"}],"up":[{"embeddable":true,"href":"https:\/\/www.studiolongboard.com\/en\/wp-json\/wp\/v2\/pages\/50"}],"wp:attachment":[{"href":"https:\/\/www.studiolongboard.com\/en\/wp-json\/wp\/v2\/media?parent=57"}],"curies":[{"name":"wp","href":"https:\/\/api.w.org\/{rel}","templated":true}]}}