{"id":19848,"date":"2022-06-13T14:36:54","date_gmt":"2022-06-13T12:36:54","guid":{"rendered":"https:\/\/www.studiolongboard.com\/echtheit-von-bewertungen\/"},"modified":"2023-02-21T13:11:12","modified_gmt":"2023-02-21T12:11:12","slug":"echtheit-von-bewertungen","status":"publish","type":"page","link":"https:\/\/www.studiolongboard.com\/en\/echtheit-von-bewertungen\/","title":{"rendered":"Authenticity of ratings"},"content":{"rendered":"<p>Wir pr\u00fcfen Bewertungen zu unseren Produkten vor der Ver\u00f6ffentlichung. Bewertungen k\u00f6nnen nur von \u201eVerifizierten Besitzern\u201c hinterlassen werden.<\/p>\n<p>Jede Bewertung wird individuell darauf gepr\u00fcft, ob diese ein Verbraucher vorgenommen hat, der die Waren oder Dienstleistungen tats\u00e4chlich bei uns erworben hat.<\/p>\n<p>Eine Freischaltung findet erst nach fr\u00fchestens 24 h statt.<\/p>","protected":false},"excerpt":{"rendered":"<p>Wir pr\u00fcfen Bewertungen zu unseren Produkten vor der Ver\u00f6ffentlichung. Bewertungen k\u00f6nnen nur von \u201eVerifizierten Besitzern\u201c hinterlassen werden. Jede Bewertung wird individuell darauf gepr\u00fcft, ob diese ein Verbraucher vorgenommen hat, der die Waren oder Dienstleistungen tats\u00e4chlich bei uns erworben hat. Eine Freischaltung findet erst nach fr\u00fchestens 24 h statt.<\/p>","protected":false},"author":1,"featured_media":0,"parent":0,"menu_order":0,"comment_status":"closed","ping_status":"closed","template":"","meta":{"jetpack_post_was_ever_published":false,"footnotes":""},"class_list":["post-19848","page","type-page","status-publish","hentry"],"jetpack_sharing_enabled":true,"jetpack_shortlink":"https:\/\/wp.me\/P9sVj6-5a8","_links":{"self":[{"href":"https:\/\/www.studiolongboard.com\/en\/wp-json\/wp\/v2\/pages\/19848","targetHints":{"allow":["GET"]}}],"collection":[{"href":"https:\/\/www.studiolongboard.com\/en\/wp-json\/wp\/v2\/pages"}],"about":[{"href":"https:\/\/www.studiolongboard.com\/en\/wp-json\/wp\/v2\/types\/page"}],"author":[{"embeddable":true,"href":"https:\/\/www.studiolongboard.com\/en\/wp-json\/wp\/v2\/users\/1"}],"replies":[{"embeddable":true,"href":"https:\/\/www.studiolongboard.com\/en\/wp-json\/wp\/v2\/comments?post=19848"}],"version-history":[{"count":0,"href":"https:\/\/www.studiolongboard.com\/en\/wp-json\/wp\/v2\/pages\/19848\/revisions"}],"wp:attachment":[{"href":"https:\/\/www.studiolongboard.com\/en\/wp-json\/wp\/v2\/media?parent=19848"}],"curies":[{"name":"wp","href":"https:\/\/api.w.org\/{rel}","templated":true}]}}